{"id":10492,"date":"2025-06-06T22:52:52","date_gmt":"2025-06-06T22:52:52","guid":{"rendered":"https:\/\/volocar.eu\/?post_type=product&#038;p=10492"},"modified":"2025-07-13T10:34:42","modified_gmt":"2025-07-13T07:34:42","slug":"porsche-panamera-gts","status":"publish","type":"product","link":"https:\/\/volocar.eu\/es\/coche-en-alquiler\/porsche-panamera-gts\/","title":{"rendered":"Porsche Panamera GTS"},"content":{"rendered":"","protected":false},"excerpt":{"rendered":"","protected":false},"featured_media":11001,"comment_status":"closed","ping_status":"closed","template":"","meta":[],"product_brand":[39],"product_cat":[45,14,44],"product_tag":[],"class_list":{"0":"post-10492","1":"product","2":"type-product","3":"status-publish","4":"has-post-thumbnail","6":"product_brand-porsche","7":"product_cat-luxury","8":"product_cat-premium","9":"product_cat-sport","11":"first","12":"instock","13":"taxable","14":"shipping-taxable","15":"purchasable","16":"product-type-simple"},"yoast_head":"<!-- This site is optimized with the Yoast SEO plugin v27.4 - https:\/\/yoast.com\/product\/yoast-seo-wordpress\/ -->\n<title>Alquila Porsche Panamera GTS ! Sin Dep\u00f3sito, Sin Preocupaciones! Disponible Ahora | Volocar<\/title>\n<meta name=\"description\" content=\"\u00bfBuscas un rent a car sin dep\u00f3sito? El Porsche Panamera GTS est\u00e1 disponible ahora con entrega r\u00e1pida y seguro completo. \u00a1Reserva online en 3 pasos sencillos!\" \/>\n<meta name=\"robots\" content=\"index, follow, max-snippet:-1, max-image-preview:large, max-video-preview:-1\" \/>\n<link rel=\"canonical\" href=\"https:\/\/volocar.eu\/rent-a-car\/porsche-panamera-gts\/\" \/>\n<meta property=\"og:locale\" content=\"es_ES\" \/>\n<meta property=\"og:type\" content=\"article\" \/>\n<meta property=\"og:title\" content=\"Alquila Porsche Panamera GTS ! Sin Dep\u00f3sito, Sin Preocupaciones! Disponible Ahora | Volocar\" \/>\n<meta property=\"og:description\" content=\"\u00bfBuscas un rent a car sin dep\u00f3sito? El Porsche Panamera GTS est\u00e1 disponible ahora con entrega r\u00e1pida y seguro completo. \u00a1Reserva online en 3 pasos sencillos!\" \/>\n<meta property=\"og:url\" content=\"https:\/\/volocar.eu\/rent-a-car\/porsche-panamera-gts\/\" \/>\n<meta property=\"og:site_name\" content=\"Volocar\" \/>\n<meta property=\"article:modified_time\" content=\"2025-07-13T07:34:42+00:00\" \/>\n<meta property=\"og:image\" content=\"https:\/\/volocar.eu\/wp-content\/uploads\/2025\/06\/IMG_3736-2-scaled.jpeg\" \/>\n\t<meta property=\"og:image:width\" content=\"1707\" \/>\n\t<meta property=\"og:image:height\" content=\"2560\" \/>\n\t<meta property=\"og:image:type\" content=\"image\/jpeg\" \/>\n<meta name=\"twitter:card\" content=\"summary_large_image\" \/>\n<meta name=\"twitter:label1\" content=\"Tiempo de lectura\" \/>\n\t<meta name=\"twitter:data1\" content=\"1 minuto\" \/>\n<script type=\"application\/ld+json\" class=\"yoast-schema-graph\">{\"@context\":\"https:\\\/\\\/schema.org\",\"@graph\":[{\"@type\":\"WebPage\",\"@id\":\"https:\\\/\\\/volocar.eu\\\/rent-a-car\\\/porsche-panamera-gts\\\/\",\"url\":\"https:\\\/\\\/volocar.eu\\\/rent-a-car\\\/porsche-panamera-gts\\\/\",\"name\":\"Alquila Porsche Panamera GTS ! Sin Dep\u00f3sito, Sin Preocupaciones! Disponible Ahora | Volocar\",\"isPartOf\":{\"@id\":\"https:\\\/\\\/volocar.eu\\\/#website\"},\"primaryImageOfPage\":{\"@id\":\"https:\\\/\\\/volocar.eu\\\/rent-a-car\\\/porsche-panamera-gts\\\/#primaryimage\"},\"image\":{\"@id\":\"https:\\\/\\\/volocar.eu\\\/rent-a-car\\\/porsche-panamera-gts\\\/#primaryimage\"},\"thumbnailUrl\":\"https:\\\/\\\/volocar.eu\\\/wp-content\\\/uploads\\\/2025\\\/06\\\/IMG_3736-2-scaled.jpeg\",\"datePublished\":\"2025-06-06T22:52:52+00:00\",\"dateModified\":\"2025-07-13T07:34:42+00:00\",\"description\":\"\u00bfBuscas un rent a car sin dep\u00f3sito? El Porsche Panamera GTS est\u00e1 disponible ahora con entrega r\u00e1pida y seguro completo. \u00a1Reserva online en 3 pasos sencillos!\",\"breadcrumb\":{\"@id\":\"https:\\\/\\\/volocar.eu\\\/rent-a-car\\\/porsche-panamera-gts\\\/#breadcrumb\"},\"inLanguage\":\"es\",\"potentialAction\":[{\"@type\":\"ReadAction\",\"target\":[\"https:\\\/\\\/volocar.eu\\\/rent-a-car\\\/porsche-panamera-gts\\\/\"]}]},{\"@type\":\"ImageObject\",\"inLanguage\":\"es\",\"@id\":\"https:\\\/\\\/volocar.eu\\\/rent-a-car\\\/porsche-panamera-gts\\\/#primaryimage\",\"url\":\"https:\\\/\\\/volocar.eu\\\/wp-content\\\/uploads\\\/2025\\\/06\\\/IMG_3736-2-scaled.jpeg\",\"contentUrl\":\"https:\\\/\\\/volocar.eu\\\/wp-content\\\/uploads\\\/2025\\\/06\\\/IMG_3736-2-scaled.jpeg\",\"width\":1707,\"height\":2560},{\"@type\":\"BreadcrumbList\",\"@id\":\"https:\\\/\\\/volocar.eu\\\/rent-a-car\\\/porsche-panamera-gts\\\/#breadcrumb\",\"itemListElement\":[{\"@type\":\"ListItem\",\"position\":1,\"name\":\"Prima pagin\u0103\",\"item\":\"https:\\\/\\\/volocar.eu\\\/es\\\/\"},{\"@type\":\"ListItem\",\"position\":2,\"name\":\"Tienda\",\"item\":\"https:\\\/\\\/volocar.eu\\\/es\\\/tienda\\\/\"},{\"@type\":\"ListItem\",\"position\":3,\"name\":\"Porsche Panamera GTS\"}]},{\"@type\":\"WebSite\",\"@id\":\"https:\\\/\\\/volocar.eu\\\/#website\",\"url\":\"https:\\\/\\\/volocar.eu\\\/\",\"name\":\"VOLOCAR\",\"description\":\"\",\"potentialAction\":[{\"@type\":\"SearchAction\",\"target\":{\"@type\":\"EntryPoint\",\"urlTemplate\":\"https:\\\/\\\/volocar.eu\\\/?s={search_term_string}\"},\"query-input\":{\"@type\":\"PropertyValueSpecification\",\"valueRequired\":true,\"valueName\":\"search_term_string\"}}],\"inLanguage\":\"es\"}]}<\/script>\n<!-- \/ Yoast SEO plugin. -->","yoast_head_json":{"title":"Alquila Porsche Panamera GTS ! Sin Dep\u00f3sito, Sin Preocupaciones! Disponible Ahora | Volocar","description":"\u00bfBuscas un rent a car sin dep\u00f3sito? El Porsche Panamera GTS est\u00e1 disponible ahora con entrega r\u00e1pida y seguro completo. \u00a1Reserva online en 3 pasos sencillos!","robots":{"index":"index","follow":"follow","max-snippet":"max-snippet:-1","max-image-preview":"max-image-preview:large","max-video-preview":"max-video-preview:-1"},"canonical":"https:\/\/volocar.eu\/rent-a-car\/porsche-panamera-gts\/","og_locale":"es_ES","og_type":"article","og_title":"Alquila Porsche Panamera GTS ! Sin Dep\u00f3sito, Sin Preocupaciones! Disponible Ahora | Volocar","og_description":"\u00bfBuscas un rent a car sin dep\u00f3sito? El Porsche Panamera GTS est\u00e1 disponible ahora con entrega r\u00e1pida y seguro completo. \u00a1Reserva online en 3 pasos sencillos!","og_url":"https:\/\/volocar.eu\/rent-a-car\/porsche-panamera-gts\/","og_site_name":"Volocar","article_modified_time":"2025-07-13T07:34:42+00:00","og_image":[{"width":1707,"height":2560,"url":"https:\/\/volocar.eu\/wp-content\/uploads\/2025\/06\/IMG_3736-2-scaled.jpeg","type":"image\/jpeg"}],"twitter_card":"summary_large_image","twitter_misc":{"Tiempo de lectura":"1 minuto"},"schema":{"@context":"https:\/\/schema.org","@graph":[{"@type":"WebPage","@id":"https:\/\/volocar.eu\/rent-a-car\/porsche-panamera-gts\/","url":"https:\/\/volocar.eu\/rent-a-car\/porsche-panamera-gts\/","name":"Alquila Porsche Panamera GTS ! Sin Dep\u00f3sito, Sin Preocupaciones! Disponible Ahora | Volocar","isPartOf":{"@id":"https:\/\/volocar.eu\/#website"},"primaryImageOfPage":{"@id":"https:\/\/volocar.eu\/rent-a-car\/porsche-panamera-gts\/#primaryimage"},"image":{"@id":"https:\/\/volocar.eu\/rent-a-car\/porsche-panamera-gts\/#primaryimage"},"thumbnailUrl":"https:\/\/volocar.eu\/wp-content\/uploads\/2025\/06\/IMG_3736-2-scaled.jpeg","datePublished":"2025-06-06T22:52:52+00:00","dateModified":"2025-07-13T07:34:42+00:00","description":"\u00bfBuscas un rent a car sin dep\u00f3sito? El Porsche Panamera GTS est\u00e1 disponible ahora con entrega r\u00e1pida y seguro completo. \u00a1Reserva online en 3 pasos sencillos!","breadcrumb":{"@id":"https:\/\/volocar.eu\/rent-a-car\/porsche-panamera-gts\/#breadcrumb"},"inLanguage":"es","potentialAction":[{"@type":"ReadAction","target":["https:\/\/volocar.eu\/rent-a-car\/porsche-panamera-gts\/"]}]},{"@type":"ImageObject","inLanguage":"es","@id":"https:\/\/volocar.eu\/rent-a-car\/porsche-panamera-gts\/#primaryimage","url":"https:\/\/volocar.eu\/wp-content\/uploads\/2025\/06\/IMG_3736-2-scaled.jpeg","contentUrl":"https:\/\/volocar.eu\/wp-content\/uploads\/2025\/06\/IMG_3736-2-scaled.jpeg","width":1707,"height":2560},{"@type":"BreadcrumbList","@id":"https:\/\/volocar.eu\/rent-a-car\/porsche-panamera-gts\/#breadcrumb","itemListElement":[{"@type":"ListItem","position":1,"name":"Prima pagin\u0103","item":"https:\/\/volocar.eu\/es\/"},{"@type":"ListItem","position":2,"name":"Tienda","item":"https:\/\/volocar.eu\/es\/tienda\/"},{"@type":"ListItem","position":3,"name":"Porsche Panamera GTS"}]},{"@type":"WebSite","@id":"https:\/\/volocar.eu\/#website","url":"https:\/\/volocar.eu\/","name":"VOLOCAR","description":"","potentialAction":[{"@type":"SearchAction","target":{"@type":"EntryPoint","urlTemplate":"https:\/\/volocar.eu\/?s={search_term_string}"},"query-input":{"@type":"PropertyValueSpecification","valueRequired":true,"valueName":"search_term_string"}}],"inLanguage":"es"}]}},"_links":{"self":[{"href":"https:\/\/volocar.eu\/es\/wp-json\/wp\/v2\/product\/10492","targetHints":{"allow":["GET"]}}],"collection":[{"href":"https:\/\/volocar.eu\/es\/wp-json\/wp\/v2\/product"}],"about":[{"href":"https:\/\/volocar.eu\/es\/wp-json\/wp\/v2\/types\/product"}],"replies":[{"embeddable":true,"href":"https:\/\/volocar.eu\/es\/wp-json\/wp\/v2\/comments?post=10492"}],"version-history":[{"count":1,"href":"https:\/\/volocar.eu\/es\/wp-json\/wp\/v2\/product\/10492\/revisions"}],"predecessor-version":[{"id":11002,"href":"https:\/\/volocar.eu\/es\/wp-json\/wp\/v2\/product\/10492\/revisions\/11002"}],"wp:featuredmedia":[{"embeddable":true,"href":"https:\/\/volocar.eu\/es\/wp-json\/wp\/v2\/media\/11001"}],"wp:attachment":[{"href":"https:\/\/volocar.eu\/es\/wp-json\/wp\/v2\/media?parent=10492"}],"wp:term":[{"taxonomy":"product_brand","embeddable":true,"href":"https:\/\/volocar.eu\/es\/wp-json\/wp\/v2\/product_brand?post=10492"},{"taxonomy":"product_cat","embeddable":true,"href":"https:\/\/volocar.eu\/es\/wp-json\/wp\/v2\/product_cat?post=10492"},{"taxonomy":"product_tag","embeddable":true,"href":"https:\/\/volocar.eu\/es\/wp-json\/wp\/v2\/product_tag?post=10492"}],"curies":[{"name":"wp","href":"https:\/\/api.w.org\/{rel}","templated":true}]}}