{"id":1106,"date":"2025-05-09T20:30:34","date_gmt":"2025-05-09T20:30:34","guid":{"rendered":"https:\/\/volocar.eu\/?post_type=product&#038;p=1106"},"modified":"2025-06-20T15:11:04","modified_gmt":"2025-06-20T12:11:04","slug":"porsche-cayenne","status":"publish","type":"product","link":"https:\/\/volocar.eu\/es\/coche-en-alquiler\/porsche-cayenne\/","title":{"rendered":"Porsche Cayenne"},"content":{"rendered":"","protected":false},"excerpt":{"rendered":"<p><strong>An Fabricatie<\/strong>: 2024\u00a0 \u00a0 \u00a0 \u00a0\u00a0<strong>Power<\/strong>: 335 hp\u00a0 \u00a0 \u00a0<strong>Oras<\/strong>: Bucuresti<\/p>\n","protected":false},"featured_media":1251,"comment_status":"open","ping_status":"closed","template":"","meta":[],"product_brand":[39],"product_cat":[14,241],"product_tag":[],"class_list":{"0":"post-1106","1":"product","2":"type-product","3":"status-publish","4":"has-post-thumbnail","6":"product_brand-porsche","7":"product_cat-premium","8":"product_cat-suv","10":"first","11":"instock","12":"taxable","13":"shipping-taxable","14":"purchasable","15":"product-type-simple"},"yoast_head":"<!-- This site is optimized with the Yoast SEO plugin v27.4 - https:\/\/yoast.com\/product\/yoast-seo-wordpress\/ -->\n<title>Alquila Porsche Cayenne ! Sin Dep\u00f3sito, Sin Preocupaciones! Disponible Ahora | Volocar<\/title>\n<meta name=\"description\" content=\"\u00bfBuscas un rent a car sin dep\u00f3sito? El Porsche Cayenne est\u00e1 disponible ahora con entrega r\u00e1pida y seguro completo. \u00a1Reserva online en 3 pasos sencillos!\" \/>\n<meta name=\"robots\" content=\"index, follow, max-snippet:-1, max-image-preview:large, max-video-preview:-1\" \/>\n<link rel=\"canonical\" href=\"https:\/\/volocar.eu\/rent-a-car\/porsche-cayenne\/\" \/>\n<meta property=\"og:locale\" content=\"es_ES\" \/>\n<meta property=\"og:type\" content=\"article\" \/>\n<meta property=\"og:title\" content=\"Alquila Porsche Cayenne ! Sin Dep\u00f3sito, Sin Preocupaciones! Disponible Ahora | Volocar\" \/>\n<meta property=\"og:description\" content=\"\u00bfBuscas un rent a car sin dep\u00f3sito? El Porsche Cayenne est\u00e1 disponible ahora con entrega r\u00e1pida y seguro completo. \u00a1Reserva online en 3 pasos sencillos!\" \/>\n<meta property=\"og:url\" content=\"https:\/\/volocar.eu\/rent-a-car\/porsche-cayenne\/\" \/>\n<meta property=\"og:site_name\" content=\"Volocar\" \/>\n<meta property=\"article:modified_time\" content=\"2025-06-20T12:11:04+00:00\" \/>\n<meta property=\"og:image\" content=\"https:\/\/volocar.eu\/wp-content\/uploads\/2025\/05\/611a2da6-c21b-435c-8ea0-08e4e1e9c847-1-1024x768.jpg\" \/>\n\t<meta property=\"og:image:width\" content=\"1024\" \/>\n\t<meta property=\"og:image:height\" content=\"768\" \/>\n\t<meta property=\"og:image:type\" content=\"image\/jpeg\" \/>\n<meta name=\"twitter:card\" content=\"summary_large_image\" \/>\n<meta name=\"twitter:label1\" content=\"Tiempo de lectura\" \/>\n\t<meta name=\"twitter:data1\" content=\"1 minuto\" \/>\n<script type=\"application\/ld+json\" class=\"yoast-schema-graph\">{\"@context\":\"https:\\\/\\\/schema.org\",\"@graph\":[{\"@type\":\"WebPage\",\"@id\":\"https:\\\/\\\/volocar.eu\\\/rent-a-car\\\/porsche-cayenne\\\/\",\"url\":\"https:\\\/\\\/volocar.eu\\\/rent-a-car\\\/porsche-cayenne\\\/\",\"name\":\"Alquila Porsche Cayenne ! Sin Dep\u00f3sito, Sin Preocupaciones! Disponible Ahora | Volocar\",\"isPartOf\":{\"@id\":\"https:\\\/\\\/volocar.eu\\\/#website\"},\"primaryImageOfPage\":{\"@id\":\"https:\\\/\\\/volocar.eu\\\/rent-a-car\\\/porsche-cayenne\\\/#primaryimage\"},\"image\":{\"@id\":\"https:\\\/\\\/volocar.eu\\\/rent-a-car\\\/porsche-cayenne\\\/#primaryimage\"},\"thumbnailUrl\":\"https:\\\/\\\/volocar.eu\\\/wp-content\\\/uploads\\\/2025\\\/05\\\/611a2da6-c21b-435c-8ea0-08e4e1e9c847-1.jpg\",\"datePublished\":\"2025-05-09T20:30:34+00:00\",\"dateModified\":\"2025-06-20T12:11:04+00:00\",\"description\":\"\u00bfBuscas un rent a car sin dep\u00f3sito? El Porsche Cayenne est\u00e1 disponible ahora con entrega r\u00e1pida y seguro completo. \u00a1Reserva online en 3 pasos sencillos!\",\"breadcrumb\":{\"@id\":\"https:\\\/\\\/volocar.eu\\\/rent-a-car\\\/porsche-cayenne\\\/#breadcrumb\"},\"inLanguage\":\"es\",\"potentialAction\":[{\"@type\":\"ReadAction\",\"target\":[\"https:\\\/\\\/volocar.eu\\\/rent-a-car\\\/porsche-cayenne\\\/\"]}]},{\"@type\":\"ImageObject\",\"inLanguage\":\"es\",\"@id\":\"https:\\\/\\\/volocar.eu\\\/rent-a-car\\\/porsche-cayenne\\\/#primaryimage\",\"url\":\"https:\\\/\\\/volocar.eu\\\/wp-content\\\/uploads\\\/2025\\\/05\\\/611a2da6-c21b-435c-8ea0-08e4e1e9c847-1.jpg\",\"contentUrl\":\"https:\\\/\\\/volocar.eu\\\/wp-content\\\/uploads\\\/2025\\\/05\\\/611a2da6-c21b-435c-8ea0-08e4e1e9c847-1.jpg\",\"width\":2048,\"height\":1536},{\"@type\":\"BreadcrumbList\",\"@id\":\"https:\\\/\\\/volocar.eu\\\/rent-a-car\\\/porsche-cayenne\\\/#breadcrumb\",\"itemListElement\":[{\"@type\":\"ListItem\",\"position\":1,\"name\":\"Prima pagin\u0103\",\"item\":\"https:\\\/\\\/volocar.eu\\\/es\\\/\"},{\"@type\":\"ListItem\",\"position\":2,\"name\":\"Tienda\",\"item\":\"https:\\\/\\\/volocar.eu\\\/es\\\/tienda\\\/\"},{\"@type\":\"ListItem\",\"position\":3,\"name\":\"Porsche Cayenne\"}]},{\"@type\":\"WebSite\",\"@id\":\"https:\\\/\\\/volocar.eu\\\/#website\",\"url\":\"https:\\\/\\\/volocar.eu\\\/\",\"name\":\"VOLOCAR\",\"description\":\"\",\"potentialAction\":[{\"@type\":\"SearchAction\",\"target\":{\"@type\":\"EntryPoint\",\"urlTemplate\":\"https:\\\/\\\/volocar.eu\\\/?s={search_term_string}\"},\"query-input\":{\"@type\":\"PropertyValueSpecification\",\"valueRequired\":true,\"valueName\":\"search_term_string\"}}],\"inLanguage\":\"es\"}]}<\/script>\n<!-- \/ Yoast SEO plugin. -->","yoast_head_json":{"title":"Alquila Porsche Cayenne ! Sin Dep\u00f3sito, Sin Preocupaciones! Disponible Ahora | Volocar","description":"\u00bfBuscas un rent a car sin dep\u00f3sito? El Porsche Cayenne est\u00e1 disponible ahora con entrega r\u00e1pida y seguro completo. \u00a1Reserva online en 3 pasos sencillos!","robots":{"index":"index","follow":"follow","max-snippet":"max-snippet:-1","max-image-preview":"max-image-preview:large","max-video-preview":"max-video-preview:-1"},"canonical":"https:\/\/volocar.eu\/rent-a-car\/porsche-cayenne\/","og_locale":"es_ES","og_type":"article","og_title":"Alquila Porsche Cayenne ! Sin Dep\u00f3sito, Sin Preocupaciones! Disponible Ahora | Volocar","og_description":"\u00bfBuscas un rent a car sin dep\u00f3sito? El Porsche Cayenne est\u00e1 disponible ahora con entrega r\u00e1pida y seguro completo. \u00a1Reserva online en 3 pasos sencillos!","og_url":"https:\/\/volocar.eu\/rent-a-car\/porsche-cayenne\/","og_site_name":"Volocar","article_modified_time":"2025-06-20T12:11:04+00:00","og_image":[{"width":1024,"height":768,"url":"https:\/\/volocar.eu\/wp-content\/uploads\/2025\/05\/611a2da6-c21b-435c-8ea0-08e4e1e9c847-1-1024x768.jpg","type":"image\/jpeg"}],"twitter_card":"summary_large_image","twitter_misc":{"Tiempo de lectura":"1 minuto"},"schema":{"@context":"https:\/\/schema.org","@graph":[{"@type":"WebPage","@id":"https:\/\/volocar.eu\/rent-a-car\/porsche-cayenne\/","url":"https:\/\/volocar.eu\/rent-a-car\/porsche-cayenne\/","name":"Alquila Porsche Cayenne ! Sin Dep\u00f3sito, Sin Preocupaciones! Disponible Ahora | Volocar","isPartOf":{"@id":"https:\/\/volocar.eu\/#website"},"primaryImageOfPage":{"@id":"https:\/\/volocar.eu\/rent-a-car\/porsche-cayenne\/#primaryimage"},"image":{"@id":"https:\/\/volocar.eu\/rent-a-car\/porsche-cayenne\/#primaryimage"},"thumbnailUrl":"https:\/\/volocar.eu\/wp-content\/uploads\/2025\/05\/611a2da6-c21b-435c-8ea0-08e4e1e9c847-1.jpg","datePublished":"2025-05-09T20:30:34+00:00","dateModified":"2025-06-20T12:11:04+00:00","description":"\u00bfBuscas un rent a car sin dep\u00f3sito? El Porsche Cayenne est\u00e1 disponible ahora con entrega r\u00e1pida y seguro completo. \u00a1Reserva online en 3 pasos sencillos!","breadcrumb":{"@id":"https:\/\/volocar.eu\/rent-a-car\/porsche-cayenne\/#breadcrumb"},"inLanguage":"es","potentialAction":[{"@type":"ReadAction","target":["https:\/\/volocar.eu\/rent-a-car\/porsche-cayenne\/"]}]},{"@type":"ImageObject","inLanguage":"es","@id":"https:\/\/volocar.eu\/rent-a-car\/porsche-cayenne\/#primaryimage","url":"https:\/\/volocar.eu\/wp-content\/uploads\/2025\/05\/611a2da6-c21b-435c-8ea0-08e4e1e9c847-1.jpg","contentUrl":"https:\/\/volocar.eu\/wp-content\/uploads\/2025\/05\/611a2da6-c21b-435c-8ea0-08e4e1e9c847-1.jpg","width":2048,"height":1536},{"@type":"BreadcrumbList","@id":"https:\/\/volocar.eu\/rent-a-car\/porsche-cayenne\/#breadcrumb","itemListElement":[{"@type":"ListItem","position":1,"name":"Prima pagin\u0103","item":"https:\/\/volocar.eu\/es\/"},{"@type":"ListItem","position":2,"name":"Tienda","item":"https:\/\/volocar.eu\/es\/tienda\/"},{"@type":"ListItem","position":3,"name":"Porsche Cayenne"}]},{"@type":"WebSite","@id":"https:\/\/volocar.eu\/#website","url":"https:\/\/volocar.eu\/","name":"VOLOCAR","description":"","potentialAction":[{"@type":"SearchAction","target":{"@type":"EntryPoint","urlTemplate":"https:\/\/volocar.eu\/?s={search_term_string}"},"query-input":{"@type":"PropertyValueSpecification","valueRequired":true,"valueName":"search_term_string"}}],"inLanguage":"es"}]}},"_links":{"self":[{"href":"https:\/\/volocar.eu\/es\/wp-json\/wp\/v2\/product\/1106","targetHints":{"allow":["GET"]}}],"collection":[{"href":"https:\/\/volocar.eu\/es\/wp-json\/wp\/v2\/product"}],"about":[{"href":"https:\/\/volocar.eu\/es\/wp-json\/wp\/v2\/types\/product"}],"replies":[{"embeddable":true,"href":"https:\/\/volocar.eu\/es\/wp-json\/wp\/v2\/comments?post=1106"}],"version-history":[{"count":1,"href":"https:\/\/volocar.eu\/es\/wp-json\/wp\/v2\/product\/1106\/revisions"}],"predecessor-version":[{"id":1252,"href":"https:\/\/volocar.eu\/es\/wp-json\/wp\/v2\/product\/1106\/revisions\/1252"}],"wp:featuredmedia":[{"embeddable":true,"href":"https:\/\/volocar.eu\/es\/wp-json\/wp\/v2\/media\/1251"}],"wp:attachment":[{"href":"https:\/\/volocar.eu\/es\/wp-json\/wp\/v2\/media?parent=1106"}],"wp:term":[{"taxonomy":"product_brand","embeddable":true,"href":"https:\/\/volocar.eu\/es\/wp-json\/wp\/v2\/product_brand?post=1106"},{"taxonomy":"product_cat","embeddable":true,"href":"https:\/\/volocar.eu\/es\/wp-json\/wp\/v2\/product_cat?post=1106"},{"taxonomy":"product_tag","embeddable":true,"href":"https:\/\/volocar.eu\/es\/wp-json\/wp\/v2\/product_tag?post=1106"}],"curies":[{"name":"wp","href":"https:\/\/api.w.org\/{rel}","templated":true}]}}