{"id":2638,"date":"2025-05-27T09:10:53","date_gmt":"2025-05-27T09:10:53","guid":{"rendered":"https:\/\/volocar.eu\/produs\/renault-trafic-2021-0\/"},"modified":"2025-10-31T14:09:05","modified_gmt":"2025-10-31T12:09:05","slug":"renault-trafic-2021-0","status":"publish","type":"product","link":"https:\/\/volocar.eu\/es\/coche-en-alquiler\/renault-trafic-2021-0\/","title":{"rendered":"Renault Trafic"},"content":{"rendered":"","protected":false},"excerpt":{"rendered":"<p>1-3 zile: 110.0\u20ac | 4-9 zile: 105.0\u20ac | 10-15 zile: 103.0\u20ac | 16-21 zile: 100.0\u20ac | 22-30 zile: 98.0\u20ac | 30+ zile: 95.0\u20ac | Garan\u021bie: 500.0\u20ac | Asigurare\/zi: 20.0\u20ac | Depozit combustibil + cheie: 150.0\u20ac<\/p>\n","protected":false},"featured_media":2718,"comment_status":"open","ping_status":"closed","template":"","meta":[],"product_brand":[43],"product_cat":[14],"product_tag":[160],"class_list":{"0":"post-2638","1":"product","2":"type-product","3":"status-publish","4":"has-post-thumbnail","6":"product_brand-renault","7":"product_cat-premium","8":"product_tag-depozit-zero","10":"first","11":"instock","12":"taxable","13":"shipping-taxable","14":"purchasable","15":"product-type-simple"},"yoast_head":"<!-- This site is optimized with the Yoast SEO plugin v27.4 - https:\/\/yoast.com\/product\/yoast-seo-wordpress\/ -->\n<title>Alquila Renault Trafic ! Sin Dep\u00f3sito, Sin Preocupaciones! Disponible Ahora | Volocar<\/title>\n<meta name=\"description\" content=\"\u00bfBuscas un rent a car sin dep\u00f3sito? El Renault Trafic est\u00e1 disponible ahora con entrega r\u00e1pida y seguro completo. \u00a1Reserva online en 3 pasos sencillos!\" \/>\n<meta name=\"robots\" content=\"index, follow, max-snippet:-1, max-image-preview:large, max-video-preview:-1\" \/>\n<link rel=\"canonical\" href=\"https:\/\/volocar.eu\/rent-a-car\/renault-trafic-2021-0\/\" \/>\n<meta property=\"og:locale\" content=\"es_ES\" \/>\n<meta property=\"og:type\" content=\"article\" \/>\n<meta property=\"og:title\" content=\"Alquila Renault Trafic ! Sin Dep\u00f3sito, Sin Preocupaciones! Disponible Ahora | Volocar\" \/>\n<meta property=\"og:description\" content=\"\u00bfBuscas un rent a car sin dep\u00f3sito? El Renault Trafic est\u00e1 disponible ahora con entrega r\u00e1pida y seguro completo. \u00a1Reserva online en 3 pasos sencillos!\" \/>\n<meta property=\"og:url\" content=\"https:\/\/volocar.eu\/rent-a-car\/renault-trafic-2021-0\/\" \/>\n<meta property=\"og:site_name\" content=\"Volocar\" \/>\n<meta property=\"article:modified_time\" content=\"2025-10-31T12:09:05+00:00\" \/>\n<meta property=\"og:image\" content=\"https:\/\/volocar.eu\/wp-content\/uploads\/2025\/05\/PHOTO-2025-05-27-12-11-27.jpg\" \/>\n\t<meta property=\"og:image:width\" content=\"1600\" \/>\n\t<meta property=\"og:image:height\" content=\"1200\" \/>\n\t<meta property=\"og:image:type\" content=\"image\/jpeg\" \/>\n<meta name=\"twitter:card\" content=\"summary_large_image\" \/>\n<meta name=\"twitter:label1\" content=\"Tiempo de lectura\" \/>\n\t<meta name=\"twitter:data1\" content=\"1 minuto\" \/>\n<script type=\"application\/ld+json\" class=\"yoast-schema-graph\">{\"@context\":\"https:\\\/\\\/schema.org\",\"@graph\":[{\"@type\":\"WebPage\",\"@id\":\"https:\\\/\\\/volocar.eu\\\/rent-a-car\\\/renault-trafic-2021-0\\\/\",\"url\":\"https:\\\/\\\/volocar.eu\\\/rent-a-car\\\/renault-trafic-2021-0\\\/\",\"name\":\"Alquila Renault Trafic ! Sin Dep\u00f3sito, Sin Preocupaciones! Disponible Ahora | Volocar\",\"isPartOf\":{\"@id\":\"https:\\\/\\\/volocar.eu\\\/#website\"},\"primaryImageOfPage\":{\"@id\":\"https:\\\/\\\/volocar.eu\\\/rent-a-car\\\/renault-trafic-2021-0\\\/#primaryimage\"},\"image\":{\"@id\":\"https:\\\/\\\/volocar.eu\\\/rent-a-car\\\/renault-trafic-2021-0\\\/#primaryimage\"},\"thumbnailUrl\":\"https:\\\/\\\/volocar.eu\\\/wp-content\\\/uploads\\\/2025\\\/05\\\/PHOTO-2025-05-27-12-11-27.jpg\",\"datePublished\":\"2025-05-27T09:10:53+00:00\",\"dateModified\":\"2025-10-31T12:09:05+00:00\",\"description\":\"\u00bfBuscas un rent a car sin dep\u00f3sito? El Renault Trafic est\u00e1 disponible ahora con entrega r\u00e1pida y seguro completo. \u00a1Reserva online en 3 pasos sencillos!\",\"breadcrumb\":{\"@id\":\"https:\\\/\\\/volocar.eu\\\/rent-a-car\\\/renault-trafic-2021-0\\\/#breadcrumb\"},\"inLanguage\":\"es\",\"potentialAction\":[{\"@type\":\"ReadAction\",\"target\":[\"https:\\\/\\\/volocar.eu\\\/rent-a-car\\\/renault-trafic-2021-0\\\/\"]}]},{\"@type\":\"ImageObject\",\"inLanguage\":\"es\",\"@id\":\"https:\\\/\\\/volocar.eu\\\/rent-a-car\\\/renault-trafic-2021-0\\\/#primaryimage\",\"url\":\"https:\\\/\\\/volocar.eu\\\/wp-content\\\/uploads\\\/2025\\\/05\\\/PHOTO-2025-05-27-12-11-27.jpg\",\"contentUrl\":\"https:\\\/\\\/volocar.eu\\\/wp-content\\\/uploads\\\/2025\\\/05\\\/PHOTO-2025-05-27-12-11-27.jpg\",\"width\":1600,\"height\":1200},{\"@type\":\"BreadcrumbList\",\"@id\":\"https:\\\/\\\/volocar.eu\\\/rent-a-car\\\/renault-trafic-2021-0\\\/#breadcrumb\",\"itemListElement\":[{\"@type\":\"ListItem\",\"position\":1,\"name\":\"Prima pagin\u0103\",\"item\":\"https:\\\/\\\/volocar.eu\\\/es\\\/\"},{\"@type\":\"ListItem\",\"position\":2,\"name\":\"Tienda\",\"item\":\"https:\\\/\\\/volocar.eu\\\/es\\\/tienda\\\/\"},{\"@type\":\"ListItem\",\"position\":3,\"name\":\"Renault Trafic\"}]},{\"@type\":\"WebSite\",\"@id\":\"https:\\\/\\\/volocar.eu\\\/#website\",\"url\":\"https:\\\/\\\/volocar.eu\\\/\",\"name\":\"VOLOCAR\",\"description\":\"\",\"potentialAction\":[{\"@type\":\"SearchAction\",\"target\":{\"@type\":\"EntryPoint\",\"urlTemplate\":\"https:\\\/\\\/volocar.eu\\\/?s={search_term_string}\"},\"query-input\":{\"@type\":\"PropertyValueSpecification\",\"valueRequired\":true,\"valueName\":\"search_term_string\"}}],\"inLanguage\":\"es\"}]}<\/script>\n<!-- \/ Yoast SEO plugin. -->","yoast_head_json":{"title":"Alquila Renault Trafic ! Sin Dep\u00f3sito, Sin Preocupaciones! Disponible Ahora | Volocar","description":"\u00bfBuscas un rent a car sin dep\u00f3sito? El Renault Trafic est\u00e1 disponible ahora con entrega r\u00e1pida y seguro completo. \u00a1Reserva online en 3 pasos sencillos!","robots":{"index":"index","follow":"follow","max-snippet":"max-snippet:-1","max-image-preview":"max-image-preview:large","max-video-preview":"max-video-preview:-1"},"canonical":"https:\/\/volocar.eu\/rent-a-car\/renault-trafic-2021-0\/","og_locale":"es_ES","og_type":"article","og_title":"Alquila Renault Trafic ! Sin Dep\u00f3sito, Sin Preocupaciones! Disponible Ahora | Volocar","og_description":"\u00bfBuscas un rent a car sin dep\u00f3sito? El Renault Trafic est\u00e1 disponible ahora con entrega r\u00e1pida y seguro completo. \u00a1Reserva online en 3 pasos sencillos!","og_url":"https:\/\/volocar.eu\/rent-a-car\/renault-trafic-2021-0\/","og_site_name":"Volocar","article_modified_time":"2025-10-31T12:09:05+00:00","og_image":[{"width":1600,"height":1200,"url":"https:\/\/volocar.eu\/wp-content\/uploads\/2025\/05\/PHOTO-2025-05-27-12-11-27.jpg","type":"image\/jpeg"}],"twitter_card":"summary_large_image","twitter_misc":{"Tiempo de lectura":"1 minuto"},"schema":{"@context":"https:\/\/schema.org","@graph":[{"@type":"WebPage","@id":"https:\/\/volocar.eu\/rent-a-car\/renault-trafic-2021-0\/","url":"https:\/\/volocar.eu\/rent-a-car\/renault-trafic-2021-0\/","name":"Alquila Renault Trafic ! Sin Dep\u00f3sito, Sin Preocupaciones! Disponible Ahora | Volocar","isPartOf":{"@id":"https:\/\/volocar.eu\/#website"},"primaryImageOfPage":{"@id":"https:\/\/volocar.eu\/rent-a-car\/renault-trafic-2021-0\/#primaryimage"},"image":{"@id":"https:\/\/volocar.eu\/rent-a-car\/renault-trafic-2021-0\/#primaryimage"},"thumbnailUrl":"https:\/\/volocar.eu\/wp-content\/uploads\/2025\/05\/PHOTO-2025-05-27-12-11-27.jpg","datePublished":"2025-05-27T09:10:53+00:00","dateModified":"2025-10-31T12:09:05+00:00","description":"\u00bfBuscas un rent a car sin dep\u00f3sito? El Renault Trafic est\u00e1 disponible ahora con entrega r\u00e1pida y seguro completo. \u00a1Reserva online en 3 pasos sencillos!","breadcrumb":{"@id":"https:\/\/volocar.eu\/rent-a-car\/renault-trafic-2021-0\/#breadcrumb"},"inLanguage":"es","potentialAction":[{"@type":"ReadAction","target":["https:\/\/volocar.eu\/rent-a-car\/renault-trafic-2021-0\/"]}]},{"@type":"ImageObject","inLanguage":"es","@id":"https:\/\/volocar.eu\/rent-a-car\/renault-trafic-2021-0\/#primaryimage","url":"https:\/\/volocar.eu\/wp-content\/uploads\/2025\/05\/PHOTO-2025-05-27-12-11-27.jpg","contentUrl":"https:\/\/volocar.eu\/wp-content\/uploads\/2025\/05\/PHOTO-2025-05-27-12-11-27.jpg","width":1600,"height":1200},{"@type":"BreadcrumbList","@id":"https:\/\/volocar.eu\/rent-a-car\/renault-trafic-2021-0\/#breadcrumb","itemListElement":[{"@type":"ListItem","position":1,"name":"Prima pagin\u0103","item":"https:\/\/volocar.eu\/es\/"},{"@type":"ListItem","position":2,"name":"Tienda","item":"https:\/\/volocar.eu\/es\/tienda\/"},{"@type":"ListItem","position":3,"name":"Renault Trafic"}]},{"@type":"WebSite","@id":"https:\/\/volocar.eu\/#website","url":"https:\/\/volocar.eu\/","name":"VOLOCAR","description":"","potentialAction":[{"@type":"SearchAction","target":{"@type":"EntryPoint","urlTemplate":"https:\/\/volocar.eu\/?s={search_term_string}"},"query-input":{"@type":"PropertyValueSpecification","valueRequired":true,"valueName":"search_term_string"}}],"inLanguage":"es"}]}},"_links":{"self":[{"href":"https:\/\/volocar.eu\/es\/wp-json\/wp\/v2\/product\/2638","targetHints":{"allow":["GET"]}}],"collection":[{"href":"https:\/\/volocar.eu\/es\/wp-json\/wp\/v2\/product"}],"about":[{"href":"https:\/\/volocar.eu\/es\/wp-json\/wp\/v2\/types\/product"}],"replies":[{"embeddable":true,"href":"https:\/\/volocar.eu\/es\/wp-json\/wp\/v2\/comments?post=2638"}],"version-history":[{"count":4,"href":"https:\/\/volocar.eu\/es\/wp-json\/wp\/v2\/product\/2638\/revisions"}],"predecessor-version":[{"id":2801,"href":"https:\/\/volocar.eu\/es\/wp-json\/wp\/v2\/product\/2638\/revisions\/2801"}],"wp:featuredmedia":[{"embeddable":true,"href":"https:\/\/volocar.eu\/es\/wp-json\/wp\/v2\/media\/2718"}],"wp:attachment":[{"href":"https:\/\/volocar.eu\/es\/wp-json\/wp\/v2\/media?parent=2638"}],"wp:term":[{"taxonomy":"product_brand","embeddable":true,"href":"https:\/\/volocar.eu\/es\/wp-json\/wp\/v2\/product_brand?post=2638"},{"taxonomy":"product_cat","embeddable":true,"href":"https:\/\/volocar.eu\/es\/wp-json\/wp\/v2\/product_cat?post=2638"},{"taxonomy":"product_tag","embeddable":true,"href":"https:\/\/volocar.eu\/es\/wp-json\/wp\/v2\/product_tag?post=2638"}],"curies":[{"name":"wp","href":"https:\/\/api.w.org\/{rel}","templated":true}]}}