{"id":4780,"date":"2025-06-05T08:21:12","date_gmt":"2025-06-05T08:21:12","guid":{"rendered":"https:\/\/volocar.eu\/?post_type=product&#038;p=4780"},"modified":"2025-06-17T12:02:58","modified_gmt":"2025-06-17T09:02:58","slug":"audi-a8-3","status":"publish","type":"product","link":"https:\/\/volocar.eu\/es\/coche-en-alquiler\/audi-a8-3\/","title":{"rendered":"Audi A8"},"content":{"rendered":"","protected":false},"excerpt":{"rendered":"","protected":false},"featured_media":4899,"comment_status":"closed","ping_status":"closed","template":"","meta":[],"product_brand":[],"product_cat":[45],"product_tag":[],"class_list":{"0":"post-4780","1":"product","2":"type-product","3":"status-publish","4":"has-post-thumbnail","6":"product_cat-luxury","8":"first","9":"instock","10":"taxable","11":"shipping-taxable","12":"purchasable","13":"product-type-simple"},"yoast_head":"<!-- This site is optimized with the Yoast SEO plugin v27.4 - https:\/\/yoast.com\/product\/yoast-seo-wordpress\/ -->\n<title>Alquila Audi A8 ! Sin Dep\u00f3sito, Sin Preocupaciones! Disponible Ahora | Volocar<\/title>\n<meta name=\"description\" content=\"\u00bfBuscas un rent a car sin dep\u00f3sito? El Audi A8 est\u00e1 disponible ahora con entrega r\u00e1pida y seguro completo. \u00a1Reserva online en 3 pasos sencillos!\" \/>\n<meta name=\"robots\" content=\"index, follow, max-snippet:-1, max-image-preview:large, max-video-preview:-1\" \/>\n<link rel=\"canonical\" href=\"https:\/\/volocar.eu\/rent-a-car\/audi-a8-3\/\" \/>\n<meta property=\"og:locale\" content=\"es_ES\" \/>\n<meta property=\"og:type\" content=\"article\" \/>\n<meta property=\"og:title\" content=\"Alquila Audi A8 ! Sin Dep\u00f3sito, Sin Preocupaciones! Disponible Ahora | Volocar\" \/>\n<meta property=\"og:description\" content=\"\u00bfBuscas un rent a car sin dep\u00f3sito? El Audi A8 est\u00e1 disponible ahora con entrega r\u00e1pida y seguro completo. \u00a1Reserva online en 3 pasos sencillos!\" \/>\n<meta property=\"og:url\" content=\"https:\/\/volocar.eu\/rent-a-car\/audi-a8-3\/\" \/>\n<meta property=\"og:site_name\" content=\"Volocar\" \/>\n<meta property=\"article:modified_time\" content=\"2025-06-17T09:02:58+00:00\" \/>\n<meta property=\"og:image\" content=\"https:\/\/volocar.eu\/wp-content\/uploads\/2025\/06\/WhatsApp-Image-2022-06-20-at-1.02.58-PM-removebg-preview.png\" \/>\n\t<meta property=\"og:image:width\" content=\"569\" \/>\n\t<meta property=\"og:image:height\" content=\"427\" \/>\n\t<meta property=\"og:image:type\" content=\"image\/png\" \/>\n<meta name=\"twitter:card\" content=\"summary_large_image\" \/>\n<meta name=\"twitter:label1\" content=\"Tiempo de lectura\" \/>\n\t<meta name=\"twitter:data1\" content=\"2 minuto\" \/>\n<script type=\"application\/ld+json\" class=\"yoast-schema-graph\">{\"@context\":\"https:\\\/\\\/schema.org\",\"@graph\":[{\"@type\":\"WebPage\",\"@id\":\"https:\\\/\\\/volocar.eu\\\/rent-a-car\\\/audi-a8-3\\\/\",\"url\":\"https:\\\/\\\/volocar.eu\\\/rent-a-car\\\/audi-a8-3\\\/\",\"name\":\"Alquila Audi A8 ! Sin Dep\u00f3sito, Sin Preocupaciones! Disponible Ahora | Volocar\",\"isPartOf\":{\"@id\":\"https:\\\/\\\/volocar.eu\\\/#website\"},\"primaryImageOfPage\":{\"@id\":\"https:\\\/\\\/volocar.eu\\\/rent-a-car\\\/audi-a8-3\\\/#primaryimage\"},\"image\":{\"@id\":\"https:\\\/\\\/volocar.eu\\\/rent-a-car\\\/audi-a8-3\\\/#primaryimage\"},\"thumbnailUrl\":\"https:\\\/\\\/volocar.eu\\\/wp-content\\\/uploads\\\/2025\\\/06\\\/WhatsApp-Image-2022-06-20-at-1.02.58-PM-removebg-preview.png\",\"datePublished\":\"2025-06-05T08:21:12+00:00\",\"dateModified\":\"2025-06-17T09:02:58+00:00\",\"description\":\"\u00bfBuscas un rent a car sin dep\u00f3sito? El Audi A8 est\u00e1 disponible ahora con entrega r\u00e1pida y seguro completo. \u00a1Reserva online en 3 pasos sencillos!\",\"breadcrumb\":{\"@id\":\"https:\\\/\\\/volocar.eu\\\/rent-a-car\\\/audi-a8-3\\\/#breadcrumb\"},\"inLanguage\":\"es\",\"potentialAction\":[{\"@type\":\"ReadAction\",\"target\":[\"https:\\\/\\\/volocar.eu\\\/rent-a-car\\\/audi-a8-3\\\/\"]}]},{\"@type\":\"ImageObject\",\"inLanguage\":\"es\",\"@id\":\"https:\\\/\\\/volocar.eu\\\/rent-a-car\\\/audi-a8-3\\\/#primaryimage\",\"url\":\"https:\\\/\\\/volocar.eu\\\/wp-content\\\/uploads\\\/2025\\\/06\\\/WhatsApp-Image-2022-06-20-at-1.02.58-PM-removebg-preview.png\",\"contentUrl\":\"https:\\\/\\\/volocar.eu\\\/wp-content\\\/uploads\\\/2025\\\/06\\\/WhatsApp-Image-2022-06-20-at-1.02.58-PM-removebg-preview.png\",\"width\":569,\"height\":427},{\"@type\":\"BreadcrumbList\",\"@id\":\"https:\\\/\\\/volocar.eu\\\/rent-a-car\\\/audi-a8-3\\\/#breadcrumb\",\"itemListElement\":[{\"@type\":\"ListItem\",\"position\":1,\"name\":\"Prima pagin\u0103\",\"item\":\"https:\\\/\\\/volocar.eu\\\/es\\\/\"},{\"@type\":\"ListItem\",\"position\":2,\"name\":\"Tienda\",\"item\":\"https:\\\/\\\/volocar.eu\\\/es\\\/tienda\\\/\"},{\"@type\":\"ListItem\",\"position\":3,\"name\":\"Audi A8\"}]},{\"@type\":\"WebSite\",\"@id\":\"https:\\\/\\\/volocar.eu\\\/#website\",\"url\":\"https:\\\/\\\/volocar.eu\\\/\",\"name\":\"VOLOCAR\",\"description\":\"\",\"potentialAction\":[{\"@type\":\"SearchAction\",\"target\":{\"@type\":\"EntryPoint\",\"urlTemplate\":\"https:\\\/\\\/volocar.eu\\\/?s={search_term_string}\"},\"query-input\":{\"@type\":\"PropertyValueSpecification\",\"valueRequired\":true,\"valueName\":\"search_term_string\"}}],\"inLanguage\":\"es\"}]}<\/script>\n<!-- \/ Yoast SEO plugin. -->","yoast_head_json":{"title":"Alquila Audi A8 ! Sin Dep\u00f3sito, Sin Preocupaciones! Disponible Ahora | Volocar","description":"\u00bfBuscas un rent a car sin dep\u00f3sito? El Audi A8 est\u00e1 disponible ahora con entrega r\u00e1pida y seguro completo. \u00a1Reserva online en 3 pasos sencillos!","robots":{"index":"index","follow":"follow","max-snippet":"max-snippet:-1","max-image-preview":"max-image-preview:large","max-video-preview":"max-video-preview:-1"},"canonical":"https:\/\/volocar.eu\/rent-a-car\/audi-a8-3\/","og_locale":"es_ES","og_type":"article","og_title":"Alquila Audi A8 ! Sin Dep\u00f3sito, Sin Preocupaciones! Disponible Ahora | Volocar","og_description":"\u00bfBuscas un rent a car sin dep\u00f3sito? El Audi A8 est\u00e1 disponible ahora con entrega r\u00e1pida y seguro completo. \u00a1Reserva online en 3 pasos sencillos!","og_url":"https:\/\/volocar.eu\/rent-a-car\/audi-a8-3\/","og_site_name":"Volocar","article_modified_time":"2025-06-17T09:02:58+00:00","og_image":[{"width":569,"height":427,"url":"https:\/\/volocar.eu\/wp-content\/uploads\/2025\/06\/WhatsApp-Image-2022-06-20-at-1.02.58-PM-removebg-preview.png","type":"image\/png"}],"twitter_card":"summary_large_image","twitter_misc":{"Tiempo de lectura":"2 minuto"},"schema":{"@context":"https:\/\/schema.org","@graph":[{"@type":"WebPage","@id":"https:\/\/volocar.eu\/rent-a-car\/audi-a8-3\/","url":"https:\/\/volocar.eu\/rent-a-car\/audi-a8-3\/","name":"Alquila Audi A8 ! Sin Dep\u00f3sito, Sin Preocupaciones! Disponible Ahora | Volocar","isPartOf":{"@id":"https:\/\/volocar.eu\/#website"},"primaryImageOfPage":{"@id":"https:\/\/volocar.eu\/rent-a-car\/audi-a8-3\/#primaryimage"},"image":{"@id":"https:\/\/volocar.eu\/rent-a-car\/audi-a8-3\/#primaryimage"},"thumbnailUrl":"https:\/\/volocar.eu\/wp-content\/uploads\/2025\/06\/WhatsApp-Image-2022-06-20-at-1.02.58-PM-removebg-preview.png","datePublished":"2025-06-05T08:21:12+00:00","dateModified":"2025-06-17T09:02:58+00:00","description":"\u00bfBuscas un rent a car sin dep\u00f3sito? El Audi A8 est\u00e1 disponible ahora con entrega r\u00e1pida y seguro completo. \u00a1Reserva online en 3 pasos sencillos!","breadcrumb":{"@id":"https:\/\/volocar.eu\/rent-a-car\/audi-a8-3\/#breadcrumb"},"inLanguage":"es","potentialAction":[{"@type":"ReadAction","target":["https:\/\/volocar.eu\/rent-a-car\/audi-a8-3\/"]}]},{"@type":"ImageObject","inLanguage":"es","@id":"https:\/\/volocar.eu\/rent-a-car\/audi-a8-3\/#primaryimage","url":"https:\/\/volocar.eu\/wp-content\/uploads\/2025\/06\/WhatsApp-Image-2022-06-20-at-1.02.58-PM-removebg-preview.png","contentUrl":"https:\/\/volocar.eu\/wp-content\/uploads\/2025\/06\/WhatsApp-Image-2022-06-20-at-1.02.58-PM-removebg-preview.png","width":569,"height":427},{"@type":"BreadcrumbList","@id":"https:\/\/volocar.eu\/rent-a-car\/audi-a8-3\/#breadcrumb","itemListElement":[{"@type":"ListItem","position":1,"name":"Prima pagin\u0103","item":"https:\/\/volocar.eu\/es\/"},{"@type":"ListItem","position":2,"name":"Tienda","item":"https:\/\/volocar.eu\/es\/tienda\/"},{"@type":"ListItem","position":3,"name":"Audi A8"}]},{"@type":"WebSite","@id":"https:\/\/volocar.eu\/#website","url":"https:\/\/volocar.eu\/","name":"VOLOCAR","description":"","potentialAction":[{"@type":"SearchAction","target":{"@type":"EntryPoint","urlTemplate":"https:\/\/volocar.eu\/?s={search_term_string}"},"query-input":{"@type":"PropertyValueSpecification","valueRequired":true,"valueName":"search_term_string"}}],"inLanguage":"es"}]}},"_links":{"self":[{"href":"https:\/\/volocar.eu\/es\/wp-json\/wp\/v2\/product\/4780","targetHints":{"allow":["GET"]}}],"collection":[{"href":"https:\/\/volocar.eu\/es\/wp-json\/wp\/v2\/product"}],"about":[{"href":"https:\/\/volocar.eu\/es\/wp-json\/wp\/v2\/types\/product"}],"replies":[{"embeddable":true,"href":"https:\/\/volocar.eu\/es\/wp-json\/wp\/v2\/comments?post=4780"}],"version-history":[{"count":1,"href":"https:\/\/volocar.eu\/es\/wp-json\/wp\/v2\/product\/4780\/revisions"}],"predecessor-version":[{"id":4900,"href":"https:\/\/volocar.eu\/es\/wp-json\/wp\/v2\/product\/4780\/revisions\/4900"}],"wp:featuredmedia":[{"embeddable":true,"href":"https:\/\/volocar.eu\/es\/wp-json\/wp\/v2\/media\/4899"}],"wp:attachment":[{"href":"https:\/\/volocar.eu\/es\/wp-json\/wp\/v2\/media?parent=4780"}],"wp:term":[{"taxonomy":"product_brand","embeddable":true,"href":"https:\/\/volocar.eu\/es\/wp-json\/wp\/v2\/product_brand?post=4780"},{"taxonomy":"product_cat","embeddable":true,"href":"https:\/\/volocar.eu\/es\/wp-json\/wp\/v2\/product_cat?post=4780"},{"taxonomy":"product_tag","embeddable":true,"href":"https:\/\/volocar.eu\/es\/wp-json\/wp\/v2\/product_tag?post=4780"}],"curies":[{"name":"wp","href":"https:\/\/api.w.org\/{rel}","templated":true}]}}