{"id":1819,"date":"2025-05-10T09:02:35","date_gmt":"2025-05-10T09:02:35","guid":{"rendered":"https:\/\/volocar.eu\/?post_type=product&#038;p=1819"},"modified":"2025-06-24T14:30:50","modified_gmt":"2025-06-24T11:30:50","slug":"mercedes-c-coupe","status":"publish","type":"product","link":"https:\/\/volocar.eu\/fr\/voiture-a-louer\/mercedes-c-coupe\/","title":{"rendered":"Mercedes C Coupe"},"content":{"rendered":"","protected":false},"excerpt":{"rendered":"<div class=\"woocommerce-product-details__short-description\">\n<p><strong>An Fabricatie<\/strong>: 2018\u00a0 \u00a0 \u00a0 \u00a0 <strong>Power<\/strong>: 156 hp\u00a0 \u00a0 \u00a0 \u00a0<strong>Oras<\/strong>: Cluj<\/p>\n<\/div>\n<div class=\"product_meta\"><\/div>\n","protected":false},"featured_media":1894,"comment_status":"closed","ping_status":"closed","template":"","meta":[],"product_brand":[26],"product_cat":[14,22],"product_tag":[],"class_list":{"0":"post-1819","1":"product","2":"type-product","3":"status-publish","4":"has-post-thumbnail","6":"product_brand-mercedes","7":"product_cat-premium","8":"product_cat-standard","10":"first","11":"instock","12":"taxable","13":"shipping-taxable","14":"purchasable","15":"product-type-simple"},"yoast_head":"<!-- This site is optimized with the Yoast SEO plugin v27.4 - https:\/\/yoast.com\/product\/yoast-seo-wordpress\/ -->\n<title>Louez Mercedes C Coupe ! Sans Caution, Sans Soucis ! Disponible Maintenant | Volocar<\/title>\n<meta name=\"description\" content=\"Vous cherchez une location de voiture sans caution ? Le Mercedes C Coupe est disponible d\u00e8s maintenant avec livraison rapide et assurance incluse. R\u00e9servez en ligne en 3 \u00e9tapes simples !\" \/>\n<meta name=\"robots\" content=\"index, follow, max-snippet:-1, max-image-preview:large, max-video-preview:-1\" \/>\n<link rel=\"canonical\" href=\"https:\/\/volocar.eu\/rent-a-car\/mercedes-c-coupe\/\" \/>\n<meta property=\"og:locale\" content=\"fr_FR\" \/>\n<meta property=\"og:type\" content=\"article\" \/>\n<meta property=\"og:title\" content=\"Louez Mercedes C Coupe ! Sans Caution, Sans Soucis ! Disponible Maintenant | Volocar\" \/>\n<meta property=\"og:description\" content=\"Vous cherchez une location de voiture sans caution ? Le Mercedes C Coupe est disponible d\u00e8s maintenant avec livraison rapide et assurance incluse. R\u00e9servez en ligne en 3 \u00e9tapes simples !\" \/>\n<meta property=\"og:url\" content=\"https:\/\/volocar.eu\/rent-a-car\/mercedes-c-coupe\/\" \/>\n<meta property=\"og:site_name\" content=\"Volocar\" \/>\n<meta property=\"article:modified_time\" content=\"2025-06-24T11:30:50+00:00\" \/>\n<meta property=\"og:image\" content=\"https:\/\/volocar.eu\/wp-content\/uploads\/2025\/05\/IMG_1471.jpg\" \/>\n\t<meta property=\"og:image:width\" content=\"1170\" \/>\n\t<meta property=\"og:image:height\" content=\"1552\" \/>\n\t<meta property=\"og:image:type\" content=\"image\/jpeg\" \/>\n<meta name=\"twitter:card\" content=\"summary_large_image\" \/>\n<meta name=\"twitter:label1\" content=\"Dur\u00e9e de lecture estim\u00e9e\" \/>\n\t<meta name=\"twitter:data1\" content=\"1 minute\" \/>\n<script type=\"application\/ld+json\" class=\"yoast-schema-graph\">{\"@context\":\"https:\\\/\\\/schema.org\",\"@graph\":[{\"@type\":\"WebPage\",\"@id\":\"https:\\\/\\\/volocar.eu\\\/rent-a-car\\\/mercedes-c-coupe\\\/\",\"url\":\"https:\\\/\\\/volocar.eu\\\/rent-a-car\\\/mercedes-c-coupe\\\/\",\"name\":\"Louez Mercedes C Coupe ! Sans Caution, Sans Soucis ! Disponible Maintenant | Volocar\",\"isPartOf\":{\"@id\":\"https:\\\/\\\/volocar.eu\\\/#website\"},\"primaryImageOfPage\":{\"@id\":\"https:\\\/\\\/volocar.eu\\\/rent-a-car\\\/mercedes-c-coupe\\\/#primaryimage\"},\"image\":{\"@id\":\"https:\\\/\\\/volocar.eu\\\/rent-a-car\\\/mercedes-c-coupe\\\/#primaryimage\"},\"thumbnailUrl\":\"https:\\\/\\\/volocar.eu\\\/wp-content\\\/uploads\\\/2025\\\/05\\\/IMG_1471.jpg\",\"datePublished\":\"2025-05-10T09:02:35+00:00\",\"dateModified\":\"2025-06-24T11:30:50+00:00\",\"description\":\"Vous cherchez une location de voiture sans caution ? Le Mercedes C Coupe est disponible d\u00e8s maintenant avec livraison rapide et assurance incluse. R\u00e9servez en ligne en 3 \u00e9tapes simples !\",\"breadcrumb\":{\"@id\":\"https:\\\/\\\/volocar.eu\\\/rent-a-car\\\/mercedes-c-coupe\\\/#breadcrumb\"},\"inLanguage\":\"fr-FR\",\"potentialAction\":[{\"@type\":\"ReadAction\",\"target\":[\"https:\\\/\\\/volocar.eu\\\/rent-a-car\\\/mercedes-c-coupe\\\/\"]}]},{\"@type\":\"ImageObject\",\"inLanguage\":\"fr-FR\",\"@id\":\"https:\\\/\\\/volocar.eu\\\/rent-a-car\\\/mercedes-c-coupe\\\/#primaryimage\",\"url\":\"https:\\\/\\\/volocar.eu\\\/wp-content\\\/uploads\\\/2025\\\/05\\\/IMG_1471.jpg\",\"contentUrl\":\"https:\\\/\\\/volocar.eu\\\/wp-content\\\/uploads\\\/2025\\\/05\\\/IMG_1471.jpg\",\"width\":1170,\"height\":1552},{\"@type\":\"BreadcrumbList\",\"@id\":\"https:\\\/\\\/volocar.eu\\\/rent-a-car\\\/mercedes-c-coupe\\\/#breadcrumb\",\"itemListElement\":[{\"@type\":\"ListItem\",\"position\":1,\"name\":\"Prima pagin\u0103\",\"item\":\"https:\\\/\\\/volocar.eu\\\/fr\\\/\"},{\"@type\":\"ListItem\",\"position\":2,\"name\":\"Boutique\",\"item\":\"https:\\\/\\\/volocar.eu\\\/fr\\\/boutique\\\/\"},{\"@type\":\"ListItem\",\"position\":3,\"name\":\"Mercedes C Coupe\"}]},{\"@type\":\"WebSite\",\"@id\":\"https:\\\/\\\/volocar.eu\\\/#website\",\"url\":\"https:\\\/\\\/volocar.eu\\\/\",\"name\":\"VOLOCAR\",\"description\":\"\",\"potentialAction\":[{\"@type\":\"SearchAction\",\"target\":{\"@type\":\"EntryPoint\",\"urlTemplate\":\"https:\\\/\\\/volocar.eu\\\/?s={search_term_string}\"},\"query-input\":{\"@type\":\"PropertyValueSpecification\",\"valueRequired\":true,\"valueName\":\"search_term_string\"}}],\"inLanguage\":\"fr-FR\"}]}<\/script>\n<!-- \/ Yoast SEO plugin. -->","yoast_head_json":{"title":"Louez Mercedes C Coupe ! Sans Caution, Sans Soucis ! Disponible Maintenant | Volocar","description":"Vous cherchez une location de voiture sans caution ? Le Mercedes C Coupe est disponible d\u00e8s maintenant avec livraison rapide et assurance incluse. R\u00e9servez en ligne en 3 \u00e9tapes simples !","robots":{"index":"index","follow":"follow","max-snippet":"max-snippet:-1","max-image-preview":"max-image-preview:large","max-video-preview":"max-video-preview:-1"},"canonical":"https:\/\/volocar.eu\/rent-a-car\/mercedes-c-coupe\/","og_locale":"fr_FR","og_type":"article","og_title":"Louez Mercedes C Coupe ! Sans Caution, Sans Soucis ! Disponible Maintenant | Volocar","og_description":"Vous cherchez une location de voiture sans caution ? Le Mercedes C Coupe est disponible d\u00e8s maintenant avec livraison rapide et assurance incluse. R\u00e9servez en ligne en 3 \u00e9tapes simples !","og_url":"https:\/\/volocar.eu\/rent-a-car\/mercedes-c-coupe\/","og_site_name":"Volocar","article_modified_time":"2025-06-24T11:30:50+00:00","og_image":[{"width":1170,"height":1552,"url":"https:\/\/volocar.eu\/wp-content\/uploads\/2025\/05\/IMG_1471.jpg","type":"image\/jpeg"}],"twitter_card":"summary_large_image","twitter_misc":{"Dur\u00e9e de lecture estim\u00e9e":"1 minute"},"schema":{"@context":"https:\/\/schema.org","@graph":[{"@type":"WebPage","@id":"https:\/\/volocar.eu\/rent-a-car\/mercedes-c-coupe\/","url":"https:\/\/volocar.eu\/rent-a-car\/mercedes-c-coupe\/","name":"Louez Mercedes C Coupe ! Sans Caution, Sans Soucis ! Disponible Maintenant | Volocar","isPartOf":{"@id":"https:\/\/volocar.eu\/#website"},"primaryImageOfPage":{"@id":"https:\/\/volocar.eu\/rent-a-car\/mercedes-c-coupe\/#primaryimage"},"image":{"@id":"https:\/\/volocar.eu\/rent-a-car\/mercedes-c-coupe\/#primaryimage"},"thumbnailUrl":"https:\/\/volocar.eu\/wp-content\/uploads\/2025\/05\/IMG_1471.jpg","datePublished":"2025-05-10T09:02:35+00:00","dateModified":"2025-06-24T11:30:50+00:00","description":"Vous cherchez une location de voiture sans caution ? Le Mercedes C Coupe est disponible d\u00e8s maintenant avec livraison rapide et assurance incluse. R\u00e9servez en ligne en 3 \u00e9tapes simples !","breadcrumb":{"@id":"https:\/\/volocar.eu\/rent-a-car\/mercedes-c-coupe\/#breadcrumb"},"inLanguage":"fr-FR","potentialAction":[{"@type":"ReadAction","target":["https:\/\/volocar.eu\/rent-a-car\/mercedes-c-coupe\/"]}]},{"@type":"ImageObject","inLanguage":"fr-FR","@id":"https:\/\/volocar.eu\/rent-a-car\/mercedes-c-coupe\/#primaryimage","url":"https:\/\/volocar.eu\/wp-content\/uploads\/2025\/05\/IMG_1471.jpg","contentUrl":"https:\/\/volocar.eu\/wp-content\/uploads\/2025\/05\/IMG_1471.jpg","width":1170,"height":1552},{"@type":"BreadcrumbList","@id":"https:\/\/volocar.eu\/rent-a-car\/mercedes-c-coupe\/#breadcrumb","itemListElement":[{"@type":"ListItem","position":1,"name":"Prima pagin\u0103","item":"https:\/\/volocar.eu\/fr\/"},{"@type":"ListItem","position":2,"name":"Boutique","item":"https:\/\/volocar.eu\/fr\/boutique\/"},{"@type":"ListItem","position":3,"name":"Mercedes C Coupe"}]},{"@type":"WebSite","@id":"https:\/\/volocar.eu\/#website","url":"https:\/\/volocar.eu\/","name":"VOLOCAR","description":"","potentialAction":[{"@type":"SearchAction","target":{"@type":"EntryPoint","urlTemplate":"https:\/\/volocar.eu\/?s={search_term_string}"},"query-input":{"@type":"PropertyValueSpecification","valueRequired":true,"valueName":"search_term_string"}}],"inLanguage":"fr-FR"}]}},"_links":{"self":[{"href":"https:\/\/volocar.eu\/fr\/wp-json\/wp\/v2\/product\/1819","targetHints":{"allow":["GET"]}}],"collection":[{"href":"https:\/\/volocar.eu\/fr\/wp-json\/wp\/v2\/product"}],"about":[{"href":"https:\/\/volocar.eu\/fr\/wp-json\/wp\/v2\/types\/product"}],"replies":[{"embeddable":true,"href":"https:\/\/volocar.eu\/fr\/wp-json\/wp\/v2\/comments?post=1819"}],"version-history":[{"count":1,"href":"https:\/\/volocar.eu\/fr\/wp-json\/wp\/v2\/product\/1819\/revisions"}],"predecessor-version":[{"id":1895,"href":"https:\/\/volocar.eu\/fr\/wp-json\/wp\/v2\/product\/1819\/revisions\/1895"}],"wp:featuredmedia":[{"embeddable":true,"href":"https:\/\/volocar.eu\/fr\/wp-json\/wp\/v2\/media\/1894"}],"wp:attachment":[{"href":"https:\/\/volocar.eu\/fr\/wp-json\/wp\/v2\/media?parent=1819"}],"wp:term":[{"taxonomy":"product_brand","embeddable":true,"href":"https:\/\/volocar.eu\/fr\/wp-json\/wp\/v2\/product_brand?post=1819"},{"taxonomy":"product_cat","embeddable":true,"href":"https:\/\/volocar.eu\/fr\/wp-json\/wp\/v2\/product_cat?post=1819"},{"taxonomy":"product_tag","embeddable":true,"href":"https:\/\/volocar.eu\/fr\/wp-json\/wp\/v2\/product_tag?post=1819"}],"curies":[{"name":"wp","href":"https:\/\/api.w.org\/{rel}","templated":true}]}}