{"id":56117,"date":"2025-10-07T13:06:52","date_gmt":"2025-10-07T10:06:52","guid":{"rendered":"https:\/\/volocar.eu\/?post_type=product&#038;p=56117"},"modified":"2025-10-07T13:17:36","modified_gmt":"2025-10-07T10:17:36","slug":"toyota-verso-base","status":"publish","type":"product","link":"https:\/\/volocar.eu\/fr\/voiture-a-louer\/toyota-verso-base\/","title":{"rendered":"TOYOTA VERSO &#8211; BASE"},"content":{"rendered":"","protected":false},"excerpt":{"rendered":"","protected":false},"featured_media":56118,"comment_status":"open","ping_status":"closed","template":"","meta":[],"product_brand":[35],"product_cat":[14],"product_tag":[],"class_list":{"0":"post-56117","1":"product","2":"type-product","3":"status-publish","4":"has-post-thumbnail","6":"product_brand-toyota","7":"product_cat-premium","9":"first","10":"instock","11":"taxable","12":"shipping-taxable","13":"purchasable","14":"product-type-simple"},"yoast_head":"<!-- This site is optimized with the Yoast SEO plugin v27.5 - https:\/\/yoast.com\/product\/yoast-seo-wordpress\/ -->\n<title>Louez TOYOTA VERSO - BASE ! Sans Caution, Sans Soucis ! Disponible Maintenant | Volocar<\/title>\n<meta name=\"description\" content=\"Vous cherchez une location de voiture sans caution ? Le TOYOTA VERSO - BASE est disponible d\u00e8s maintenant avec livraison rapide et assurance incluse. R\u00e9servez en ligne en 3 \u00e9tapes simples !\" \/>\n<meta name=\"robots\" content=\"index, follow, max-snippet:-1, max-image-preview:large, max-video-preview:-1\" \/>\n<link rel=\"canonical\" href=\"https:\/\/volocar.eu\/rent-a-car\/toyota-verso-base\/\" \/>\n<meta property=\"og:locale\" content=\"fr_FR\" \/>\n<meta property=\"og:type\" content=\"article\" \/>\n<meta property=\"og:title\" content=\"Louez TOYOTA VERSO - BASE ! Sans Caution, Sans Soucis ! Disponible Maintenant | Volocar\" \/>\n<meta property=\"og:description\" content=\"Vous cherchez une location de voiture sans caution ? Le TOYOTA VERSO - BASE est disponible d\u00e8s maintenant avec livraison rapide et assurance incluse. R\u00e9servez en ligne en 3 \u00e9tapes simples !\" \/>\n<meta property=\"og:url\" content=\"https:\/\/volocar.eu\/rent-a-car\/toyota-verso-base\/\" \/>\n<meta property=\"og:site_name\" content=\"Volocar\" \/>\n<meta property=\"article:modified_time\" content=\"2025-10-07T10:17:36+00:00\" \/>\n<meta property=\"og:image\" content=\"https:\/\/volocar.eu\/wp-content\/uploads\/2025\/10\/Imagine-WhatsApp-2025-10-07-la-12.52.29_fafd002c.jpg\" \/>\n\t<meta property=\"og:image:width\" content=\"1530\" \/>\n\t<meta property=\"og:image:height\" content=\"2040\" \/>\n\t<meta property=\"og:image:type\" content=\"image\/jpeg\" \/>\n<meta name=\"twitter:card\" content=\"summary_large_image\" \/>\n<meta name=\"twitter:label1\" content=\"Dur\u00e9e de lecture estim\u00e9e\" \/>\n\t<meta name=\"twitter:data1\" content=\"1 minute\" \/>\n<script type=\"application\/ld+json\" class=\"yoast-schema-graph\">{\"@context\":\"https:\\\/\\\/schema.org\",\"@graph\":[{\"@type\":\"WebPage\",\"@id\":\"https:\\\/\\\/volocar.eu\\\/rent-a-car\\\/toyota-verso-base\\\/\",\"url\":\"https:\\\/\\\/volocar.eu\\\/rent-a-car\\\/toyota-verso-base\\\/\",\"name\":\"Louez TOYOTA VERSO - BASE ! Sans Caution, Sans Soucis ! Disponible Maintenant | Volocar\",\"isPartOf\":{\"@id\":\"https:\\\/\\\/volocar.eu\\\/#website\"},\"primaryImageOfPage\":{\"@id\":\"https:\\\/\\\/volocar.eu\\\/rent-a-car\\\/toyota-verso-base\\\/#primaryimage\"},\"image\":{\"@id\":\"https:\\\/\\\/volocar.eu\\\/rent-a-car\\\/toyota-verso-base\\\/#primaryimage\"},\"thumbnailUrl\":\"https:\\\/\\\/volocar.eu\\\/wp-content\\\/uploads\\\/2025\\\/10\\\/Imagine-WhatsApp-2025-10-07-la-12.52.29_fafd002c.jpg\",\"datePublished\":\"2025-10-07T10:06:52+00:00\",\"dateModified\":\"2025-10-07T10:17:36+00:00\",\"description\":\"Vous cherchez une location de voiture sans caution ? Le TOYOTA VERSO - BASE est disponible d\u00e8s maintenant avec livraison rapide et assurance incluse. R\u00e9servez en ligne en 3 \u00e9tapes simples !\",\"breadcrumb\":{\"@id\":\"https:\\\/\\\/volocar.eu\\\/rent-a-car\\\/toyota-verso-base\\\/#breadcrumb\"},\"inLanguage\":\"fr-FR\",\"potentialAction\":[{\"@type\":\"ReadAction\",\"target\":[\"https:\\\/\\\/volocar.eu\\\/rent-a-car\\\/toyota-verso-base\\\/\"]}]},{\"@type\":\"ImageObject\",\"inLanguage\":\"fr-FR\",\"@id\":\"https:\\\/\\\/volocar.eu\\\/rent-a-car\\\/toyota-verso-base\\\/#primaryimage\",\"url\":\"https:\\\/\\\/volocar.eu\\\/wp-content\\\/uploads\\\/2025\\\/10\\\/Imagine-WhatsApp-2025-10-07-la-12.52.29_fafd002c.jpg\",\"contentUrl\":\"https:\\\/\\\/volocar.eu\\\/wp-content\\\/uploads\\\/2025\\\/10\\\/Imagine-WhatsApp-2025-10-07-la-12.52.29_fafd002c.jpg\",\"width\":1530,\"height\":2040},{\"@type\":\"BreadcrumbList\",\"@id\":\"https:\\\/\\\/volocar.eu\\\/rent-a-car\\\/toyota-verso-base\\\/#breadcrumb\",\"itemListElement\":[{\"@type\":\"ListItem\",\"position\":1,\"name\":\"Prima pagin\u0103\",\"item\":\"https:\\\/\\\/volocar.eu\\\/fr\\\/\"},{\"@type\":\"ListItem\",\"position\":2,\"name\":\"Boutique\",\"item\":\"https:\\\/\\\/volocar.eu\\\/fr\\\/boutique\\\/\"},{\"@type\":\"ListItem\",\"position\":3,\"name\":\"TOYOTA VERSO &#8211; BASE\"}]},{\"@type\":\"WebSite\",\"@id\":\"https:\\\/\\\/volocar.eu\\\/#website\",\"url\":\"https:\\\/\\\/volocar.eu\\\/\",\"name\":\"VOLOCAR\",\"description\":\"\",\"potentialAction\":[{\"@type\":\"SearchAction\",\"target\":{\"@type\":\"EntryPoint\",\"urlTemplate\":\"https:\\\/\\\/volocar.eu\\\/?s={search_term_string}\"},\"query-input\":{\"@type\":\"PropertyValueSpecification\",\"valueRequired\":true,\"valueName\":\"search_term_string\"}}],\"inLanguage\":\"fr-FR\"}]}<\/script>\n<!-- \/ Yoast SEO plugin. -->","yoast_head_json":{"title":"Louez TOYOTA VERSO - BASE ! Sans Caution, Sans Soucis ! Disponible Maintenant | Volocar","description":"Vous cherchez une location de voiture sans caution ? Le TOYOTA VERSO - BASE est disponible d\u00e8s maintenant avec livraison rapide et assurance incluse. R\u00e9servez en ligne en 3 \u00e9tapes simples !","robots":{"index":"index","follow":"follow","max-snippet":"max-snippet:-1","max-image-preview":"max-image-preview:large","max-video-preview":"max-video-preview:-1"},"canonical":"https:\/\/volocar.eu\/rent-a-car\/toyota-verso-base\/","og_locale":"fr_FR","og_type":"article","og_title":"Louez TOYOTA VERSO - BASE ! Sans Caution, Sans Soucis ! Disponible Maintenant | Volocar","og_description":"Vous cherchez une location de voiture sans caution ? Le TOYOTA VERSO - BASE est disponible d\u00e8s maintenant avec livraison rapide et assurance incluse. R\u00e9servez en ligne en 3 \u00e9tapes simples !","og_url":"https:\/\/volocar.eu\/rent-a-car\/toyota-verso-base\/","og_site_name":"Volocar","article_modified_time":"2025-10-07T10:17:36+00:00","og_image":[{"width":1530,"height":2040,"url":"https:\/\/volocar.eu\/wp-content\/uploads\/2025\/10\/Imagine-WhatsApp-2025-10-07-la-12.52.29_fafd002c.jpg","type":"image\/jpeg"}],"twitter_card":"summary_large_image","twitter_misc":{"Dur\u00e9e de lecture estim\u00e9e":"1 minute"},"schema":{"@context":"https:\/\/schema.org","@graph":[{"@type":"WebPage","@id":"https:\/\/volocar.eu\/rent-a-car\/toyota-verso-base\/","url":"https:\/\/volocar.eu\/rent-a-car\/toyota-verso-base\/","name":"Louez TOYOTA VERSO - BASE ! Sans Caution, Sans Soucis ! Disponible Maintenant | Volocar","isPartOf":{"@id":"https:\/\/volocar.eu\/#website"},"primaryImageOfPage":{"@id":"https:\/\/volocar.eu\/rent-a-car\/toyota-verso-base\/#primaryimage"},"image":{"@id":"https:\/\/volocar.eu\/rent-a-car\/toyota-verso-base\/#primaryimage"},"thumbnailUrl":"https:\/\/volocar.eu\/wp-content\/uploads\/2025\/10\/Imagine-WhatsApp-2025-10-07-la-12.52.29_fafd002c.jpg","datePublished":"2025-10-07T10:06:52+00:00","dateModified":"2025-10-07T10:17:36+00:00","description":"Vous cherchez une location de voiture sans caution ? Le TOYOTA VERSO - BASE est disponible d\u00e8s maintenant avec livraison rapide et assurance incluse. R\u00e9servez en ligne en 3 \u00e9tapes simples !","breadcrumb":{"@id":"https:\/\/volocar.eu\/rent-a-car\/toyota-verso-base\/#breadcrumb"},"inLanguage":"fr-FR","potentialAction":[{"@type":"ReadAction","target":["https:\/\/volocar.eu\/rent-a-car\/toyota-verso-base\/"]}]},{"@type":"ImageObject","inLanguage":"fr-FR","@id":"https:\/\/volocar.eu\/rent-a-car\/toyota-verso-base\/#primaryimage","url":"https:\/\/volocar.eu\/wp-content\/uploads\/2025\/10\/Imagine-WhatsApp-2025-10-07-la-12.52.29_fafd002c.jpg","contentUrl":"https:\/\/volocar.eu\/wp-content\/uploads\/2025\/10\/Imagine-WhatsApp-2025-10-07-la-12.52.29_fafd002c.jpg","width":1530,"height":2040},{"@type":"BreadcrumbList","@id":"https:\/\/volocar.eu\/rent-a-car\/toyota-verso-base\/#breadcrumb","itemListElement":[{"@type":"ListItem","position":1,"name":"Prima pagin\u0103","item":"https:\/\/volocar.eu\/fr\/"},{"@type":"ListItem","position":2,"name":"Boutique","item":"https:\/\/volocar.eu\/fr\/boutique\/"},{"@type":"ListItem","position":3,"name":"TOYOTA VERSO &#8211; BASE"}]},{"@type":"WebSite","@id":"https:\/\/volocar.eu\/#website","url":"https:\/\/volocar.eu\/","name":"VOLOCAR","description":"","potentialAction":[{"@type":"SearchAction","target":{"@type":"EntryPoint","urlTemplate":"https:\/\/volocar.eu\/?s={search_term_string}"},"query-input":{"@type":"PropertyValueSpecification","valueRequired":true,"valueName":"search_term_string"}}],"inLanguage":"fr-FR"}]}},"_links":{"self":[{"href":"https:\/\/volocar.eu\/fr\/wp-json\/wp\/v2\/product\/56117","targetHints":{"allow":["GET"]}}],"collection":[{"href":"https:\/\/volocar.eu\/fr\/wp-json\/wp\/v2\/product"}],"about":[{"href":"https:\/\/volocar.eu\/fr\/wp-json\/wp\/v2\/types\/product"}],"replies":[{"embeddable":true,"href":"https:\/\/volocar.eu\/fr\/wp-json\/wp\/v2\/comments?post=56117"}],"version-history":[{"count":1,"href":"https:\/\/volocar.eu\/fr\/wp-json\/wp\/v2\/product\/56117\/revisions"}],"predecessor-version":[{"id":56182,"href":"https:\/\/volocar.eu\/fr\/wp-json\/wp\/v2\/product\/56117\/revisions\/56182"}],"wp:featuredmedia":[{"embeddable":true,"href":"https:\/\/volocar.eu\/fr\/wp-json\/wp\/v2\/media\/56118"}],"wp:attachment":[{"href":"https:\/\/volocar.eu\/fr\/wp-json\/wp\/v2\/media?parent=56117"}],"wp:term":[{"taxonomy":"product_brand","embeddable":true,"href":"https:\/\/volocar.eu\/fr\/wp-json\/wp\/v2\/product_brand?post=56117"},{"taxonomy":"product_cat","embeddable":true,"href":"https:\/\/volocar.eu\/fr\/wp-json\/wp\/v2\/product_cat?post=56117"},{"taxonomy":"product_tag","embeddable":true,"href":"https:\/\/volocar.eu\/fr\/wp-json\/wp\/v2\/product_tag?post=56117"}],"curies":[{"name":"wp","href":"https:\/\/api.w.org\/{rel}","templated":true}]}}