{"id":59008,"date":"2025-12-03T13:07:22","date_gmt":"2025-12-03T11:07:22","guid":{"rendered":"https:\/\/volocar.eu\/?post_type=product&#038;p=59008"},"modified":"2025-12-08T13:39:25","modified_gmt":"2025-12-08T11:39:25","slug":"ford-raptor","status":"publish","type":"product","link":"https:\/\/volocar.eu\/fr\/voiture-a-louer\/ford-raptor\/","title":{"rendered":"FORD RAPTOR"},"content":{"rendered":"","protected":false},"excerpt":{"rendered":"","protected":false},"featured_media":59009,"comment_status":"open","ping_status":"closed","template":"","meta":[],"product_brand":[31],"product_cat":[14],"product_tag":[],"class_list":{"0":"post-59008","1":"product","2":"type-product","3":"status-publish","4":"has-post-thumbnail","6":"product_brand-ford","7":"product_cat-premium","9":"first","10":"instock","11":"taxable","12":"shipping-taxable","13":"purchasable","14":"product-type-simple"},"yoast_head":"<!-- This site is optimized with the Yoast SEO plugin v27.4 - https:\/\/yoast.com\/product\/yoast-seo-wordpress\/ -->\n<title>Louez FORD RAPTOR ! Sans Caution, Sans Soucis ! Disponible Maintenant | Volocar<\/title>\n<meta name=\"description\" content=\"Vous cherchez une location de voiture sans caution ? Le FORD RAPTOR est disponible d\u00e8s maintenant avec livraison rapide et assurance incluse. R\u00e9servez en ligne en 3 \u00e9tapes simples !\" \/>\n<meta name=\"robots\" content=\"index, follow, max-snippet:-1, max-image-preview:large, max-video-preview:-1\" \/>\n<link rel=\"canonical\" href=\"https:\/\/volocar.eu\/rent-a-car\/ford-raptor\/\" \/>\n<meta property=\"og:locale\" content=\"fr_FR\" \/>\n<meta property=\"og:type\" content=\"article\" \/>\n<meta property=\"og:title\" content=\"Louez FORD RAPTOR ! Sans Caution, Sans Soucis ! Disponible Maintenant | Volocar\" \/>\n<meta property=\"og:description\" content=\"Vous cherchez une location de voiture sans caution ? Le FORD RAPTOR est disponible d\u00e8s maintenant avec livraison rapide et assurance incluse. R\u00e9servez en ligne en 3 \u00e9tapes simples !\" \/>\n<meta property=\"og:url\" content=\"https:\/\/volocar.eu\/rent-a-car\/ford-raptor\/\" \/>\n<meta property=\"og:site_name\" content=\"Volocar\" \/>\n<meta property=\"article:modified_time\" content=\"2025-12-08T11:39:25+00:00\" \/>\n<meta property=\"og:image\" content=\"https:\/\/volocar.eu\/wp-content\/uploads\/2025\/12\/MASINA.jpeg\" \/>\n\t<meta property=\"og:image:width\" content=\"1536\" \/>\n\t<meta property=\"og:image:height\" content=\"2048\" \/>\n\t<meta property=\"og:image:type\" content=\"image\/jpeg\" \/>\n<meta name=\"twitter:card\" content=\"summary_large_image\" \/>\n<meta name=\"twitter:label1\" content=\"Dur\u00e9e de lecture estim\u00e9e\" \/>\n\t<meta name=\"twitter:data1\" content=\"1 minute\" \/>\n<script type=\"application\/ld+json\" class=\"yoast-schema-graph\">{\"@context\":\"https:\\\/\\\/schema.org\",\"@graph\":[{\"@type\":\"WebPage\",\"@id\":\"https:\\\/\\\/volocar.eu\\\/rent-a-car\\\/ford-raptor\\\/\",\"url\":\"https:\\\/\\\/volocar.eu\\\/rent-a-car\\\/ford-raptor\\\/\",\"name\":\"Louez FORD RAPTOR ! Sans Caution, Sans Soucis ! Disponible Maintenant | Volocar\",\"isPartOf\":{\"@id\":\"https:\\\/\\\/volocar.eu\\\/#website\"},\"primaryImageOfPage\":{\"@id\":\"https:\\\/\\\/volocar.eu\\\/rent-a-car\\\/ford-raptor\\\/#primaryimage\"},\"image\":{\"@id\":\"https:\\\/\\\/volocar.eu\\\/rent-a-car\\\/ford-raptor\\\/#primaryimage\"},\"thumbnailUrl\":\"https:\\\/\\\/volocar.eu\\\/wp-content\\\/uploads\\\/2025\\\/12\\\/MASINA.jpeg\",\"datePublished\":\"2025-12-03T11:07:22+00:00\",\"dateModified\":\"2025-12-08T11:39:25+00:00\",\"description\":\"Vous cherchez une location de voiture sans caution ? Le FORD RAPTOR est disponible d\u00e8s maintenant avec livraison rapide et assurance incluse. R\u00e9servez en ligne en 3 \u00e9tapes simples !\",\"breadcrumb\":{\"@id\":\"https:\\\/\\\/volocar.eu\\\/rent-a-car\\\/ford-raptor\\\/#breadcrumb\"},\"inLanguage\":\"fr-FR\",\"potentialAction\":[{\"@type\":\"ReadAction\",\"target\":[\"https:\\\/\\\/volocar.eu\\\/rent-a-car\\\/ford-raptor\\\/\"]}]},{\"@type\":\"ImageObject\",\"inLanguage\":\"fr-FR\",\"@id\":\"https:\\\/\\\/volocar.eu\\\/rent-a-car\\\/ford-raptor\\\/#primaryimage\",\"url\":\"https:\\\/\\\/volocar.eu\\\/wp-content\\\/uploads\\\/2025\\\/12\\\/MASINA.jpeg\",\"contentUrl\":\"https:\\\/\\\/volocar.eu\\\/wp-content\\\/uploads\\\/2025\\\/12\\\/MASINA.jpeg\",\"width\":1536,\"height\":2048},{\"@type\":\"BreadcrumbList\",\"@id\":\"https:\\\/\\\/volocar.eu\\\/rent-a-car\\\/ford-raptor\\\/#breadcrumb\",\"itemListElement\":[{\"@type\":\"ListItem\",\"position\":1,\"name\":\"Prima pagin\u0103\",\"item\":\"https:\\\/\\\/volocar.eu\\\/fr\\\/\"},{\"@type\":\"ListItem\",\"position\":2,\"name\":\"Boutique\",\"item\":\"https:\\\/\\\/volocar.eu\\\/fr\\\/boutique\\\/\"},{\"@type\":\"ListItem\",\"position\":3,\"name\":\"FORD RAPTOR\"}]},{\"@type\":\"WebSite\",\"@id\":\"https:\\\/\\\/volocar.eu\\\/#website\",\"url\":\"https:\\\/\\\/volocar.eu\\\/\",\"name\":\"VOLOCAR\",\"description\":\"\",\"potentialAction\":[{\"@type\":\"SearchAction\",\"target\":{\"@type\":\"EntryPoint\",\"urlTemplate\":\"https:\\\/\\\/volocar.eu\\\/?s={search_term_string}\"},\"query-input\":{\"@type\":\"PropertyValueSpecification\",\"valueRequired\":true,\"valueName\":\"search_term_string\"}}],\"inLanguage\":\"fr-FR\"}]}<\/script>\n<!-- \/ Yoast SEO plugin. -->","yoast_head_json":{"title":"Louez FORD RAPTOR ! Sans Caution, Sans Soucis ! Disponible Maintenant | Volocar","description":"Vous cherchez une location de voiture sans caution ? Le FORD RAPTOR est disponible d\u00e8s maintenant avec livraison rapide et assurance incluse. R\u00e9servez en ligne en 3 \u00e9tapes simples !","robots":{"index":"index","follow":"follow","max-snippet":"max-snippet:-1","max-image-preview":"max-image-preview:large","max-video-preview":"max-video-preview:-1"},"canonical":"https:\/\/volocar.eu\/rent-a-car\/ford-raptor\/","og_locale":"fr_FR","og_type":"article","og_title":"Louez FORD RAPTOR ! Sans Caution, Sans Soucis ! Disponible Maintenant | Volocar","og_description":"Vous cherchez une location de voiture sans caution ? Le FORD RAPTOR est disponible d\u00e8s maintenant avec livraison rapide et assurance incluse. R\u00e9servez en ligne en 3 \u00e9tapes simples !","og_url":"https:\/\/volocar.eu\/rent-a-car\/ford-raptor\/","og_site_name":"Volocar","article_modified_time":"2025-12-08T11:39:25+00:00","og_image":[{"width":1536,"height":2048,"url":"https:\/\/volocar.eu\/wp-content\/uploads\/2025\/12\/MASINA.jpeg","type":"image\/jpeg"}],"twitter_card":"summary_large_image","twitter_misc":{"Dur\u00e9e de lecture estim\u00e9e":"1 minute"},"schema":{"@context":"https:\/\/schema.org","@graph":[{"@type":"WebPage","@id":"https:\/\/volocar.eu\/rent-a-car\/ford-raptor\/","url":"https:\/\/volocar.eu\/rent-a-car\/ford-raptor\/","name":"Louez FORD RAPTOR ! Sans Caution, Sans Soucis ! Disponible Maintenant | Volocar","isPartOf":{"@id":"https:\/\/volocar.eu\/#website"},"primaryImageOfPage":{"@id":"https:\/\/volocar.eu\/rent-a-car\/ford-raptor\/#primaryimage"},"image":{"@id":"https:\/\/volocar.eu\/rent-a-car\/ford-raptor\/#primaryimage"},"thumbnailUrl":"https:\/\/volocar.eu\/wp-content\/uploads\/2025\/12\/MASINA.jpeg","datePublished":"2025-12-03T11:07:22+00:00","dateModified":"2025-12-08T11:39:25+00:00","description":"Vous cherchez une location de voiture sans caution ? Le FORD RAPTOR est disponible d\u00e8s maintenant avec livraison rapide et assurance incluse. R\u00e9servez en ligne en 3 \u00e9tapes simples !","breadcrumb":{"@id":"https:\/\/volocar.eu\/rent-a-car\/ford-raptor\/#breadcrumb"},"inLanguage":"fr-FR","potentialAction":[{"@type":"ReadAction","target":["https:\/\/volocar.eu\/rent-a-car\/ford-raptor\/"]}]},{"@type":"ImageObject","inLanguage":"fr-FR","@id":"https:\/\/volocar.eu\/rent-a-car\/ford-raptor\/#primaryimage","url":"https:\/\/volocar.eu\/wp-content\/uploads\/2025\/12\/MASINA.jpeg","contentUrl":"https:\/\/volocar.eu\/wp-content\/uploads\/2025\/12\/MASINA.jpeg","width":1536,"height":2048},{"@type":"BreadcrumbList","@id":"https:\/\/volocar.eu\/rent-a-car\/ford-raptor\/#breadcrumb","itemListElement":[{"@type":"ListItem","position":1,"name":"Prima pagin\u0103","item":"https:\/\/volocar.eu\/fr\/"},{"@type":"ListItem","position":2,"name":"Boutique","item":"https:\/\/volocar.eu\/fr\/boutique\/"},{"@type":"ListItem","position":3,"name":"FORD RAPTOR"}]},{"@type":"WebSite","@id":"https:\/\/volocar.eu\/#website","url":"https:\/\/volocar.eu\/","name":"VOLOCAR","description":"","potentialAction":[{"@type":"SearchAction","target":{"@type":"EntryPoint","urlTemplate":"https:\/\/volocar.eu\/?s={search_term_string}"},"query-input":{"@type":"PropertyValueSpecification","valueRequired":true,"valueName":"search_term_string"}}],"inLanguage":"fr-FR"}]}},"_links":{"self":[{"href":"https:\/\/volocar.eu\/fr\/wp-json\/wp\/v2\/product\/59008","targetHints":{"allow":["GET"]}}],"collection":[{"href":"https:\/\/volocar.eu\/fr\/wp-json\/wp\/v2\/product"}],"about":[{"href":"https:\/\/volocar.eu\/fr\/wp-json\/wp\/v2\/types\/product"}],"replies":[{"embeddable":true,"href":"https:\/\/volocar.eu\/fr\/wp-json\/wp\/v2\/comments?post=59008"}],"version-history":[{"count":1,"href":"https:\/\/volocar.eu\/fr\/wp-json\/wp\/v2\/product\/59008\/revisions"}],"predecessor-version":[{"id":59057,"href":"https:\/\/volocar.eu\/fr\/wp-json\/wp\/v2\/product\/59008\/revisions\/59057"}],"wp:featuredmedia":[{"embeddable":true,"href":"https:\/\/volocar.eu\/fr\/wp-json\/wp\/v2\/media\/59009"}],"wp:attachment":[{"href":"https:\/\/volocar.eu\/fr\/wp-json\/wp\/v2\/media?parent=59008"}],"wp:term":[{"taxonomy":"product_brand","embeddable":true,"href":"https:\/\/volocar.eu\/fr\/wp-json\/wp\/v2\/product_brand?post=59008"},{"taxonomy":"product_cat","embeddable":true,"href":"https:\/\/volocar.eu\/fr\/wp-json\/wp\/v2\/product_cat?post=59008"},{"taxonomy":"product_tag","embeddable":true,"href":"https:\/\/volocar.eu\/fr\/wp-json\/wp\/v2\/product_tag?post=59008"}],"curies":[{"name":"wp","href":"https:\/\/api.w.org\/{rel}","templated":true}]}}