{"id":51367,"date":"2017-01-26T10:40:04","date_gmt":"2017-01-26T08:40:04","guid":{"rendered":"https:\/\/volocar.eu\/?page_id=51367"},"modified":"2025-07-03T10:12:27","modified_gmt":"2025-07-03T07:12:27","slug":"despre-noi","status":"publish","type":"page","link":"https:\/\/volocar.eu\/ro\/despre-noi\/","title":{"rendered":"Despre noi"},"content":{"rendered":"\t\t<div data-elementor-type=\"wp-page\" data-elementor-id=\"51367\" class=\"elementor elementor-51367 elementor-405\">\n\t\t\t\t\t\t<section class=\"elementor-section elementor-top-section elementor-element elementor-element-f596a7f elementor-section-boxed elementor-section-height-default elementor-section-height-default\" data-id=\"f596a7f\" data-element_type=\"section\">\n\t\t\t\t\t\t<div class=\"elementor-container elementor-column-gap-default\">\n\t\t\t\t\t<div class=\"elementor-column elementor-col-50 elementor-top-column elementor-element elementor-element-1a6291b\" data-id=\"1a6291b\" data-element_type=\"column\">\n\t\t\t<div class=\"elementor-widget-wrap elementor-element-populated\">\n\t\t\t\t\t\t<div class=\"elementor-element elementor-element-a415ae9 elementor-widget elementor-widget-image\" data-id=\"a415ae9\" data-element_type=\"widget\" data-widget_type=\"image.default\">\n\t\t\t\t<div class=\"elementor-widget-container\">\n\t\t\t\t\t\t\t\t\t\t\t\t\t\t\t<img fetchpriority=\"high\" decoding=\"async\" width=\"1536\" height=\"1024\" src=\"https:\/\/volocar.eu\/wp-content\/uploads\/2025\/06\/ChatGPT-Image-12-iun.-2025-00_01_11.png\" class=\"attachment-full size-full wp-image-49473\" alt=\"\" srcset=\"https:\/\/volocar.eu\/wp-content\/uploads\/2025\/06\/ChatGPT-Image-12-iun.-2025-00_01_11.png 1536w, https:\/\/volocar.eu\/wp-content\/uploads\/2025\/06\/ChatGPT-Image-12-iun.-2025-00_01_11-600x400.png 600w, https:\/\/volocar.eu\/wp-content\/uploads\/2025\/06\/ChatGPT-Image-12-iun.-2025-00_01_11-300x200.png 300w, https:\/\/volocar.eu\/wp-content\/uploads\/2025\/06\/ChatGPT-Image-12-iun.-2025-00_01_11-1024x683.png 1024w, https:\/\/volocar.eu\/wp-content\/uploads\/2025\/06\/ChatGPT-Image-12-iun.-2025-00_01_11-255x170.png 255w, https:\/\/volocar.eu\/wp-content\/uploads\/2025\/06\/ChatGPT-Image-12-iun.-2025-00_01_11-510x340.png 510w, https:\/\/volocar.eu\/wp-content\/uploads\/2025\/06\/ChatGPT-Image-12-iun.-2025-00_01_11-280x187.png 280w, https:\/\/volocar.eu\/wp-content\/uploads\/2025\/06\/ChatGPT-Image-12-iun.-2025-00_01_11-560x373.png 560w, https:\/\/volocar.eu\/wp-content\/uploads\/2025\/06\/ChatGPT-Image-12-iun.-2025-00_01_11-350x233.png 350w, https:\/\/volocar.eu\/wp-content\/uploads\/2025\/06\/ChatGPT-Image-12-iun.-2025-00_01_11-700x467.png 700w, https:\/\/volocar.eu\/wp-content\/uploads\/2025\/06\/ChatGPT-Image-12-iun.-2025-00_01_11-398x265.png 398w, https:\/\/volocar.eu\/wp-content\/uploads\/2025\/06\/ChatGPT-Image-12-iun.-2025-00_01_11-796x531.png 796w\" sizes=\"(max-width: 1536px) 100vw, 1536px\" \/>\t\t\t\t\t\t\t\t\t\t\t\t\t\t\t<\/div>\n\t\t\t\t<\/div>\n\t\t\t\t\t<\/div>\n\t\t<\/div>\n\t\t\t\t<div class=\"elementor-column elementor-col-50 elementor-top-column elementor-element elementor-element-d22714d\" data-id=\"d22714d\" data-element_type=\"column\">\n\t\t\t<div class=\"elementor-widget-wrap elementor-element-populated\">\n\t\t\t\t\t\t<div class=\"elementor-element elementor-element-3f17609 elementor-widget elementor-widget-text-editor\" data-id=\"3f17609\" data-element_type=\"widget\" data-widget_type=\"text-editor.default\">\n\t\t\t\t<div class=\"elementor-widget-container\">\n\t\t\t\t\t\t\t\t\t<h2 data-start=\"149\" data-end=\"166\">Despre Volocar<\/h2><p data-start=\"168\" data-end=\"363\"><strong data-start=\"168\" data-end=\"179\">Volocar<\/strong> este una dintre cele mai dinamice \u0219i rapide platforme de \u00eenchirieri auto din Europa \u0219i Orientul Mijlociu, cu peste <strong data-start=\"295\" data-end=\"336\">4.000 de ma\u0219ini disponibile \u00een 8 \u021b\u0103ri<\/strong> \u0219i \u00een continu\u0103 expansiune.<\/p><p data-start=\"365\" data-end=\"665\">Suntem un marketplace premium care transform\u0103 modul \u00een care oamenii acceseaz\u0103 ma\u0219inile \u2014 de la vehicule de ora\u0219 p\u00e2n\u0103 la supercaruri exotice \u0219i SUV-uri executive. Fie c\u0103 \u00eenchiriezi pentru o zi, un weekend sau o lun\u0103, Volocar \u00ee\u021bi ofer\u0103 acces rapid \u0219i sigur la flote verificate, f\u0103r\u0103 birocra\u021bie inutil\u0103.<\/p><h3 data-start=\"1191\" data-end=\"1211\">Misiunea noastr\u0103<\/h3><p data-start=\"1213\" data-end=\"1429\">S\u0103 oferim <strong data-start=\"1223\" data-end=\"1291\">cea mai eficient\u0103, uman\u0103 \u0219i sigur\u0103 experien\u021b\u0103 de \u00eenchiriere auto<\/strong> din industrie, indiferent unde te afli. Volocar nu este doar un site, ci un partener de drum \u2014 rapid, flexibil \u0219i mereu la dispozi\u021bia ta.<\/p>\t\t\t\t\t\t\t\t<\/div>\n\t\t\t\t<\/div>\n\t\t\t\t\t<\/div>\n\t\t<\/div>\n\t\t\t\t\t<\/div>\n\t\t<\/section>\n\t\t\t\t<section class=\"elementor-section elementor-top-section elementor-element elementor-element-494ceba elementor-reverse-tablet elementor-reverse-mobile elementor-section-boxed elementor-section-height-default elementor-section-height-default\" data-id=\"494ceba\" data-element_type=\"section\">\n\t\t\t\t\t\t<div class=\"elementor-container elementor-column-gap-default\">\n\t\t\t\t\t<div class=\"elementor-column elementor-col-50 elementor-top-column elementor-element elementor-element-b7535cb\" data-id=\"b7535cb\" data-element_type=\"column\">\n\t\t\t<div class=\"elementor-widget-wrap elementor-element-populated\">\n\t\t\t\t\t\t<div class=\"elementor-element elementor-element-e0c2283 elementor-widget elementor-widget-text-editor\" data-id=\"e0c2283\" data-element_type=\"widget\" data-widget_type=\"text-editor.default\">\n\t\t\t\t<div class=\"elementor-widget-container\">\n\t\t\t\t\t\t\t\t\t<h3 data-start=\"667\" data-end=\"691\">Ce ne face diferi\u021bi?<\/h3><ul data-start=\"693\" data-end=\"1189\"><li data-start=\"693\" data-end=\"780\"><p data-start=\"695\" data-end=\"780\"><strong data-start=\"695\" data-end=\"735\">F\u0103r\u0103 garan\u021bii inutile (Deposit Zero)<\/strong> disponibile pentru majoritatea rezerv\u0103rilor.<\/p><\/li><li data-start=\"781\" data-end=\"841\"><p data-start=\"783\" data-end=\"841\"><strong data-start=\"783\" data-end=\"803\">Suport uman 24\/7<\/strong>, nu robo\u021bi sau formulare impersonale.<\/p><\/li><li data-start=\"842\" data-end=\"963\"><p data-start=\"844\" data-end=\"963\"><strong data-start=\"844\" data-end=\"868\">Parteneriate directe<\/strong> cu companii locale \u0219i proprietari priva\u021bi pentru pre\u021buri competitive \u0219i disponibilitate real\u0103.<\/p><\/li><li data-start=\"964\" data-end=\"1056\"><p data-start=\"966\" data-end=\"1056\"><strong data-start=\"966\" data-end=\"1007\">Proces de rezervare rapid \u0219i flexibil<\/strong>, prin WhatsApp, telefon sau direct \u00een platform\u0103.<\/p><\/li><li data-start=\"1057\" data-end=\"1189\"><p data-start=\"1059\" data-end=\"1189\"><strong data-start=\"1059\" data-end=\"1082\">Acoperire \u00een 8 \u021b\u0103ri<\/strong>: Rom\u00e2nia, Emiratele Arabe Unite (Dubai &amp; Abu Dhabi), Fran\u021ba, Grecia, Germania, Austria, Elve\u021bia \u0219i Italia.<\/p><\/li><li data-start=\"602\" data-end=\"699\"><p data-start=\"605\" data-end=\"699\"><strong data-start=\"605\" data-end=\"699\">Oriunde mergi, <\/strong>conteaz\u0103 cum ajungi. Noi ne asigur\u0103m c\u0103 experien\u021ba p\u00e2n\u0103 acolo e impecabil\u0103.<\/p><\/li><\/ul>\t\t\t\t\t\t\t\t<\/div>\n\t\t\t\t<\/div>\n\t\t\t\t\t<\/div>\n\t\t<\/div>\n\t\t\t\t<div class=\"elementor-column elementor-col-50 elementor-top-column elementor-element elementor-element-d752e90\" data-id=\"d752e90\" data-element_type=\"column\">\n\t\t\t<div class=\"elementor-widget-wrap elementor-element-populated\">\n\t\t\t\t\t\t<div class=\"elementor-element elementor-element-cf8ea1f elementor-widget elementor-widget-image\" data-id=\"cf8ea1f\" data-element_type=\"widget\" data-widget_type=\"image.default\">\n\t\t\t\t<div class=\"elementor-widget-container\">\n\t\t\t\t\t\t\t\t\t\t\t\t\t\t\t<img decoding=\"async\" width=\"1024\" height=\"683\" src=\"https:\/\/volocar.eu\/wp-content\/uploads\/2025\/06\/ChatGPT-Image-12-iun.-2025-00_06_55-1024x683.png\" class=\"attachment-large size-large wp-image-49482\" alt=\"\" srcset=\"https:\/\/volocar.eu\/wp-content\/uploads\/2025\/06\/ChatGPT-Image-12-iun.-2025-00_06_55-1024x683.png 1024w, https:\/\/volocar.eu\/wp-content\/uploads\/2025\/06\/ChatGPT-Image-12-iun.-2025-00_06_55-600x400.png 600w, https:\/\/volocar.eu\/wp-content\/uploads\/2025\/06\/ChatGPT-Image-12-iun.-2025-00_06_55-300x200.png 300w, https:\/\/volocar.eu\/wp-content\/uploads\/2025\/06\/ChatGPT-Image-12-iun.-2025-00_06_55-255x170.png 255w, https:\/\/volocar.eu\/wp-content\/uploads\/2025\/06\/ChatGPT-Image-12-iun.-2025-00_06_55-510x340.png 510w, https:\/\/volocar.eu\/wp-content\/uploads\/2025\/06\/ChatGPT-Image-12-iun.-2025-00_06_55-280x187.png 280w, https:\/\/volocar.eu\/wp-content\/uploads\/2025\/06\/ChatGPT-Image-12-iun.-2025-00_06_55-560x373.png 560w, https:\/\/volocar.eu\/wp-content\/uploads\/2025\/06\/ChatGPT-Image-12-iun.-2025-00_06_55-350x233.png 350w, https:\/\/volocar.eu\/wp-content\/uploads\/2025\/06\/ChatGPT-Image-12-iun.-2025-00_06_55-700x467.png 700w, https:\/\/volocar.eu\/wp-content\/uploads\/2025\/06\/ChatGPT-Image-12-iun.-2025-00_06_55-398x265.png 398w, https:\/\/volocar.eu\/wp-content\/uploads\/2025\/06\/ChatGPT-Image-12-iun.-2025-00_06_55-796x531.png 796w, https:\/\/volocar.eu\/wp-content\/uploads\/2025\/06\/ChatGPT-Image-12-iun.-2025-00_06_55.png 1536w\" sizes=\"(max-width: 1024px) 100vw, 1024px\" \/>\t\t\t\t\t\t\t\t\t\t\t\t\t\t\t<\/div>\n\t\t\t\t<\/div>\n\t\t\t\t\t<\/div>\n\t\t<\/div>\n\t\t\t\t\t<\/div>\n\t\t<\/section>\n\t\t\t\t<section class=\"elementor-section elementor-top-section elementor-element elementor-element-80c96a6 elementor-section-full_width elementor-section-stretched elementor-section-height-default elementor-section-height-default\" data-id=\"80c96a6\" data-element_type=\"section\" data-settings=\"{&quot;stretch_section&quot;:&quot;section-stretched&quot;,&quot;background_background&quot;:&quot;classic&quot;}\">\n\t\t\t\t\t\t<div class=\"elementor-container elementor-column-gap-default\">\n\t\t\t\t\t<div class=\"elementor-column elementor-col-100 elementor-top-column elementor-element elementor-element-bc80d08\" data-id=\"bc80d08\" data-element_type=\"column\">\n\t\t\t<div class=\"elementor-widget-wrap elementor-element-populated\">\n\t\t\t\t\t\t<section class=\"elementor-section elementor-inner-section elementor-element elementor-element-8cc6936 elementor-section-boxed elementor-section-height-default elementor-section-height-default\" data-id=\"8cc6936\" data-element_type=\"section\">\n\t\t\t\t\t\t<div class=\"elementor-container elementor-column-gap-default\">\n\t\t\t\t\t<div class=\"elementor-column elementor-col-100 elementor-inner-column elementor-element elementor-element-375ff40\" data-id=\"375ff40\" data-element_type=\"column\">\n\t\t\t<div class=\"elementor-widget-wrap elementor-element-populated\">\n\t\t\t\t\t\t<div class=\"elementor-element elementor-element-548ab7d elementor-widget elementor-widget-heading\" data-id=\"548ab7d\" data-element_type=\"widget\" data-widget_type=\"heading.default\">\n\t\t\t\t<div class=\"elementor-widget-container\">\n\t\t\t\t\t<h2 class=\"elementor-heading-title elementor-size-default\">MEDIA GALLERY<\/h2>\t\t\t\t<\/div>\n\t\t\t\t<\/div>\n\t\t\t\t<div class=\"elementor-element elementor-element-b2670da elementor-widget elementor-widget-stm-colored-separator\" data-id=\"b2670da\" data-element_type=\"widget\" data-widget_type=\"stm-colored-separator.default\">\n\t\t\t\t<div class=\"elementor-widget-container\">\n\t\t\t\t\t<div class=\"colored-separator\" style=\"text-align: center;\">\n\t\t\t<div class=\"first-long stm-base-background-color\"><\/div>\n\t\t<div class=\"last-short stm-base-background-color\"><\/div>\n\t<\/div>\n\t\t\t\t<\/div>\n\t\t\t\t<\/div>\n\t\t\t\t<div class=\"elementor-element elementor-element-36c793a elementor-widget elementor-widget-motors-image-carousel\" data-id=\"36c793a\" data-element_type=\"widget\" data-widget_type=\"motors-image-carousel.default\">\n\t\t\t\t<div class=\"elementor-widget-container\">\n\t\t\t\t\t\t<div class=\"motors-elementor-widget stm_image_carousel swiper-container\" id=\"stm_image_carousel-92417\">\n\t\t<div class=\"swiper-wrapper\">\n\t\t\t\t\t\t\t\t<div class=\"swiper-slide\">\n\t\t\t\t\t\t\t\t\t\t\t\t\t<img decoding=\"async\" src=\"https:\/\/volocar.eu\/wp-content\/uploads\/2025\/06\/IMG_3633-scaled-270x180.jpeg\" alt=\"Gallery image\">\n\t\t\t\t\t\t\t\t\t\t\t<\/div>\n\t\t\t\t\t\t\t\t\t\t<div class=\"swiper-slide\">\n\t\t\t\t\t\t\t\t\t\t\t\t\t<img decoding=\"async\" src=\"https:\/\/volocar.eu\/wp-content\/uploads\/2025\/06\/IMG_7921-scaled-270x180.jpeg\" alt=\"Gallery image\">\n\t\t\t\t\t\t\t\t\t\t\t<\/div>\n\t\t\t\t\t\t\t\t\t\t<div class=\"swiper-slide\">\n\t\t\t\t\t\t\t\t\t\t\t\t\t<img decoding=\"async\" src=\"https:\/\/volocar.eu\/wp-content\/uploads\/2025\/06\/IMG_1191-scaled-270x180.jpeg\" alt=\"Gallery image\">\n\t\t\t\t\t\t\t\t\t\t\t<\/div>\n\t\t\t\t\t\t\t\t\t\t<div class=\"swiper-slide\">\n\t\t\t\t\t\t\t\t\t\t\t\t\t<img decoding=\"async\" src=\"https:\/\/volocar.eu\/wp-content\/uploads\/2025\/06\/IMG_9866-scaled-270x180.jpeg\" alt=\"Gallery image\">\n\t\t\t\t\t\t\t\t\t\t\t<\/div>\n\t\t\t\t\t\t\t\t\t\t<div class=\"swiper-slide\">\n\t\t\t\t\t\t\t\t\t\t\t\t\t<img decoding=\"async\" src=\"https:\/\/volocar.eu\/wp-content\/uploads\/2025\/06\/Rent-Rolls-Royce-Cullinan-2025-In-Dubai-4-1-270x180.jpg\" alt=\"Gallery image\">\n\t\t\t\t\t\t\t\t\t\t\t<\/div>\n\t\t\t\t\t\t\t\t\t\t<div class=\"swiper-slide\">\n\t\t\t\t\t\t\t\t\t\t\t\t\t<img decoding=\"async\" src=\"https:\/\/volocar.eu\/wp-content\/uploads\/2025\/06\/Rolls-Royce-Cullinan-2025-1-1-270x180.jpg\" alt=\"Gallery image\">\n\t\t\t\t\t\t\t\t\t\t\t<\/div>\n\t\t\t\t\t\t\t<\/div>\n\n\t\t\t\t\t<div class=\"stm-swiper-controls\">\n\t\t\t\t\t\t\t\t\t<div class=\"stm-swiper-prev\"><i class=\"fas fa-angle-left\"><\/i><\/div>\n\t\t\t\t\t\t\t\t\t\t\t\t\t<div class=\"swiper-pagination\"><\/div>\n\t\t\t\t\t\t\t\t\t\t\t\t\t<div class=\"stm-swiper-next\"><i class=\"fas fa-angle-right\"><\/i><\/div>\n\t\t\t\t\t\t\t<\/div>\n\t\t\t<\/div>\n\t<script>\n\t( function( $ ) {\n\t\t\"use strict\";\n\t\t\t\t$(window).on('elementor\/frontend\/init', function() {\n\t\t\t\t\tlet swiper = new Swiper('#stm_image_carousel-92417', {\n\t\t\t\t\t\t\t\tloop: true,\n\t\t\t\t\n\t\t\t\t\t\t\t\t\tsimulateTouch: false,\n\t\t\t\t\n\t\t\t\t\n\t\t\t\t\n\t\t\t\t\t\t\t\t\tslidesPerGroup: 1,\n\t\t\t\t\n\t\t\t\tslidesPerView: 1,\n\n\t\t\t\tspaceBetween: 12,\n\n\t\t\t\tcenterInsufficientSlides: true,\n\n\t\t\t\tbreakpoints: {\n\t\t\t\t\t640: {\n\t\t\t\t\t\tslidesPerView: 3,\n\t\t\t\t\t},\n\t\t\t\t\t992: {\n\t\t\t\t\t\tslidesPerView: 4,\n\t\t\t\t\t}\n\t\t\t\t},\n\t\t\t\t\t\t\t\t\tnavigation: {\n\t\t\t\t\t\tnextEl: '.stm-swiper-next',\n\t\t\t\t\t\tprevEl: '.stm-swiper-prev',\n\t\t\t\t\t},\n\t\t\t\t\n\t\t\t\t\t\t\t\t\tpagination: {\n\t\t\t\t\t\tel: '.swiper-pagination',\n\t\t\t\t\t\tclickable: true,\n\t\t\t\t\t},\n\t\t\t\t\t\t\t});\n\n\t\t\t\t\t});\n\t\t\t} ( jQuery ) );\n\t<\/script>\n\t\t\t\t\t<\/div>\n\t\t\t\t<\/div>\n\t\t\t\t\t<\/div>\n\t\t<\/div>\n\t\t\t\t\t<\/div>\n\t\t<\/section>\n\t\t\t\t\t<\/div>\n\t\t<\/div>\n\t\t\t\t\t<\/div>\n\t\t<\/section>\n\t\t\t\t<section class=\"elementor-section elementor-top-section elementor-element elementor-element-0a4abd9 elementor-section-full_width elementor-section-stretched elementor-section-height-default elementor-section-height-default\" data-id=\"0a4abd9\" data-element_type=\"section\" data-settings=\"{&quot;stretch_section&quot;:&quot;section-stretched&quot;,&quot;background_background&quot;:&quot;classic&quot;}\">\n\t\t\t\t\t\t<div class=\"elementor-container elementor-column-gap-default\">\n\t\t\t\t\t<div class=\"elementor-column elementor-col-100 elementor-top-column elementor-element elementor-element-74d59e0\" data-id=\"74d59e0\" data-element_type=\"column\">\n\t\t\t<div class=\"elementor-widget-wrap\">\n\t\t\t\t\t\t\t<\/div>\n\t\t<\/div>\n\t\t\t\t\t<\/div>\n\t\t<\/section>\n\t\t\t\t<section class=\"elementor-section elementor-top-section elementor-element elementor-element-d821921 elementor-section-stretched elementor-section-boxed elementor-section-height-default elementor-section-height-default\" data-id=\"d821921\" data-element_type=\"section\" data-settings=\"{&quot;stretch_section&quot;:&quot;section-stretched&quot;,&quot;background_background&quot;:&quot;classic&quot;}\">\n\t\t\t\t\t\t<div class=\"elementor-container elementor-column-gap-default\">\n\t\t\t\t\t<div class=\"elementor-column elementor-col-100 elementor-top-column elementor-element elementor-element-182db23\" data-id=\"182db23\" data-element_type=\"column\">\n\t\t\t<div class=\"elementor-widget-wrap\">\n\t\t\t\t\t\t\t<\/div>\n\t\t<\/div>\n\t\t\t\t\t<\/div>\n\t\t<\/section>\n\t\t\t\t<\/div>\n\t\t","protected":false},"excerpt":{"rendered":"","protected":false},"author":1,"featured_media":0,"parent":0,"menu_order":0,"comment_status":"closed","ping_status":"closed","template":"","meta":{"footnotes":""},"class_list":["post-51367","page","type-page","status-publish","hentry"],"yoast_head":"<!-- This site is optimized with the Yoast SEO plugin v27.4 - https:\/\/yoast.com\/product\/yoast-seo-wordpress\/ -->\n<title>Despre noi - Volocar<\/title>\n<meta name=\"robots\" content=\"index, follow, max-snippet:-1, max-image-preview:large, max-video-preview:-1\" \/>\n<link rel=\"canonical\" href=\"https:\/\/volocar.eu\/ro\/despre-noi\/\" \/>\n<meta property=\"og:locale\" content=\"ro_RO\" \/>\n<meta property=\"og:type\" content=\"article\" \/>\n<meta property=\"og:title\" content=\"Despre noi - Volocar\" \/>\n<meta property=\"og:url\" content=\"https:\/\/volocar.eu\/ro\/despre-noi\/\" \/>\n<meta property=\"og:site_name\" content=\"Volocar\" \/>\n<meta property=\"article:modified_time\" content=\"2025-07-03T07:12:27+00:00\" \/>\n<meta name=\"twitter:card\" content=\"summary_large_image\" \/>\n<script type=\"application\/ld+json\" class=\"yoast-schema-graph\">{\"@context\":\"https:\\\/\\\/schema.org\",\"@graph\":[{\"@type\":\"WebPage\",\"@id\":\"https:\\\/\\\/volocar.eu\\\/ro\\\/despre-noi\\\/\",\"url\":\"https:\\\/\\\/volocar.eu\\\/ro\\\/despre-noi\\\/\",\"name\":\"Despre noi - Volocar\",\"isPartOf\":{\"@id\":\"https:\\\/\\\/volocar.eu\\\/#website\"},\"datePublished\":\"2017-01-26T08:40:04+00:00\",\"dateModified\":\"2025-07-03T07:12:27+00:00\",\"breadcrumb\":{\"@id\":\"https:\\\/\\\/volocar.eu\\\/ro\\\/despre-noi\\\/#breadcrumb\"},\"inLanguage\":\"ro-RO\",\"potentialAction\":[{\"@type\":\"ReadAction\",\"target\":[\"https:\\\/\\\/volocar.eu\\\/ro\\\/despre-noi\\\/\"]}]},{\"@type\":\"BreadcrumbList\",\"@id\":\"https:\\\/\\\/volocar.eu\\\/ro\\\/despre-noi\\\/#breadcrumb\",\"itemListElement\":[{\"@type\":\"ListItem\",\"position\":1,\"name\":\"Prima pagin\u0103\",\"item\":\"https:\\\/\\\/volocar.eu\\\/ro\\\/\"},{\"@type\":\"ListItem\",\"position\":2,\"name\":\"Despre noi\"}]},{\"@type\":\"WebSite\",\"@id\":\"https:\\\/\\\/volocar.eu\\\/#website\",\"url\":\"https:\\\/\\\/volocar.eu\\\/\",\"name\":\"VOLOCAR\",\"description\":\"\",\"potentialAction\":[{\"@type\":\"SearchAction\",\"target\":{\"@type\":\"EntryPoint\",\"urlTemplate\":\"https:\\\/\\\/volocar.eu\\\/?s={search_term_string}\"},\"query-input\":{\"@type\":\"PropertyValueSpecification\",\"valueRequired\":true,\"valueName\":\"search_term_string\"}}],\"inLanguage\":\"ro-RO\"}]}<\/script>\n<!-- \/ Yoast SEO plugin. -->","yoast_head_json":{"title":"Despre noi - Volocar","robots":{"index":"index","follow":"follow","max-snippet":"max-snippet:-1","max-image-preview":"max-image-preview:large","max-video-preview":"max-video-preview:-1"},"canonical":"https:\/\/volocar.eu\/ro\/despre-noi\/","og_locale":"ro_RO","og_type":"article","og_title":"Despre noi - Volocar","og_url":"https:\/\/volocar.eu\/ro\/despre-noi\/","og_site_name":"Volocar","article_modified_time":"2025-07-03T07:12:27+00:00","twitter_card":"summary_large_image","schema":{"@context":"https:\/\/schema.org","@graph":[{"@type":"WebPage","@id":"https:\/\/volocar.eu\/ro\/despre-noi\/","url":"https:\/\/volocar.eu\/ro\/despre-noi\/","name":"Despre noi - Volocar","isPartOf":{"@id":"https:\/\/volocar.eu\/#website"},"datePublished":"2017-01-26T08:40:04+00:00","dateModified":"2025-07-03T07:12:27+00:00","breadcrumb":{"@id":"https:\/\/volocar.eu\/ro\/despre-noi\/#breadcrumb"},"inLanguage":"ro-RO","potentialAction":[{"@type":"ReadAction","target":["https:\/\/volocar.eu\/ro\/despre-noi\/"]}]},{"@type":"BreadcrumbList","@id":"https:\/\/volocar.eu\/ro\/despre-noi\/#breadcrumb","itemListElement":[{"@type":"ListItem","position":1,"name":"Prima pagin\u0103","item":"https:\/\/volocar.eu\/ro\/"},{"@type":"ListItem","position":2,"name":"Despre noi"}]},{"@type":"WebSite","@id":"https:\/\/volocar.eu\/#website","url":"https:\/\/volocar.eu\/","name":"VOLOCAR","description":"","potentialAction":[{"@type":"SearchAction","target":{"@type":"EntryPoint","urlTemplate":"https:\/\/volocar.eu\/?s={search_term_string}"},"query-input":{"@type":"PropertyValueSpecification","valueRequired":true,"valueName":"search_term_string"}}],"inLanguage":"ro-RO"}]}},"_links":{"self":[{"href":"https:\/\/volocar.eu\/ro\/wp-json\/wp\/v2\/pages\/51367","targetHints":{"allow":["GET"]}}],"collection":[{"href":"https:\/\/volocar.eu\/ro\/wp-json\/wp\/v2\/pages"}],"about":[{"href":"https:\/\/volocar.eu\/ro\/wp-json\/wp\/v2\/types\/page"}],"author":[{"embeddable":true,"href":"https:\/\/volocar.eu\/ro\/wp-json\/wp\/v2\/users\/1"}],"replies":[{"embeddable":true,"href":"https:\/\/volocar.eu\/ro\/wp-json\/wp\/v2\/comments?post=51367"}],"version-history":[{"count":1,"href":"https:\/\/volocar.eu\/ro\/wp-json\/wp\/v2\/pages\/51367\/revisions"}],"predecessor-version":[{"id":51368,"href":"https:\/\/volocar.eu\/ro\/wp-json\/wp\/v2\/pages\/51367\/revisions\/51368"}],"wp:attachment":[{"href":"https:\/\/volocar.eu\/ro\/wp-json\/wp\/v2\/media?parent=51367"}],"curies":[{"name":"wp","href":"https:\/\/api.w.org\/{rel}","templated":true}]}}