{"id":55964,"date":"2023-10-17T04:05:18","date_gmt":"2023-10-17T01:05:18","guid":{"rendered":"https:\/\/volocar.eu\/intrebari-frecvente\/"},"modified":"2025-09-23T17:37:32","modified_gmt":"2025-09-23T14:37:32","slug":"intrebari-frecvente","status":"publish","type":"page","link":"https:\/\/volocar.eu\/ro\/intrebari-frecvente\/","title":{"rendered":"\u00ceNTREB\u0102RI FRECVENTE"},"content":{"rendered":"\t\t<div data-elementor-type=\"wp-page\" data-elementor-id=\"55964\" class=\"elementor elementor-55964 elementor-834\">\n\t\t\t\t\t\t<section class=\"elementor-section elementor-top-section elementor-element elementor-element-8273b7e elementor-section-boxed elementor-section-height-default elementor-section-height-default\" data-id=\"8273b7e\" data-element_type=\"section\">\n\t\t\t\t\t\t<div class=\"elementor-container elementor-column-gap-default\">\n\t\t\t\t\t<div class=\"elementor-column elementor-col-100 elementor-top-column elementor-element elementor-element-2efcd62\" data-id=\"2efcd62\" data-element_type=\"column\">\n\t\t\t<div class=\"elementor-widget-wrap elementor-element-populated\">\n\t\t\t\t\t\t<div class=\"elementor-element elementor-element-e7c1322 elementor-widget elementor-widget-accordion\" data-id=\"e7c1322\" data-element_type=\"widget\" data-widget_type=\"accordion.default\">\n\t\t\t\t<div class=\"elementor-widget-container\">\n\t\t\t\t\t\t\t<div class=\"elementor-accordion\">\n\t\t\t\t\t\t\t<div class=\"elementor-accordion-item\">\n\t\t\t\t\t<div id=\"elementor-tab-title-2431\" class=\"elementor-tab-title\" data-tab=\"1\" role=\"button\" aria-controls=\"elementor-tab-content-2431\" aria-expanded=\"false\">\n\t\t\t\t\t\t\t\t\t\t\t\t\t<span class=\"elementor-accordion-icon elementor-accordion-icon-left\" aria-hidden=\"true\">\n\t\t\t\t\t\t\t\t\t\t\t\t\t\t\t<span class=\"elementor-accordion-icon-closed\"><svg class=\"e-font-icon-svg e-fas-plus\" viewBox=\"0 0 448 512\" xmlns=\"http:\/\/www.w3.org\/2000\/svg\"><path d=\"M416 208H272V64c0-17.67-14.33-32-32-32h-32c-17.67 0-32 14.33-32 32v144H32c-17.67 0-32 14.33-32 32v32c0 17.67 14.33 32 32 32h144v144c0 17.67 14.33 32 32 32h32c17.67 0 32-14.33 32-32V304h144c17.67 0 32-14.33 32-32v-32c0-17.67-14.33-32-32-32z\"><\/path><\/svg><\/span>\n\t\t\t\t\t\t\t\t<span class=\"elementor-accordion-icon-opened\"><svg class=\"e-font-icon-svg e-fas-minus\" viewBox=\"0 0 448 512\" xmlns=\"http:\/\/www.w3.org\/2000\/svg\"><path d=\"M416 208H32c-17.67 0-32 14.33-32 32v32c0 17.67 14.33 32 32 32h384c17.67 0 32-14.33 32-32v-32c0-17.67-14.33-32-32-32z\"><\/path><\/svg><\/span>\n\t\t\t\t\t\t\t\t\t\t\t\t\t\t<\/span>\n\t\t\t\t\t\t\t\t\t\t\t\t<a class=\"elementor-accordion-title\" tabindex=\"0\">1. Ce obliga\u021bii are clientul \u00een caz de accident?<\/a>\n\t\t\t\t\t<\/div>\n\t\t\t\t\t<div id=\"elementor-tab-content-2431\" class=\"elementor-tab-content elementor-clearfix\" data-tab=\"1\" role=\"region\" aria-labelledby=\"elementor-tab-title-2431\"><p data-start=\"287\" data-end=\"349\">Dac\u0103 e\u0219ti implicat \u00eentr-un accident, ai urm\u0103toarele obliga\u021bii:<\/p>\n<ul data-start=\"351\" data-end=\"827\">\n<li data-start=\"351\" data-end=\"439\">\n<p data-start=\"353\" data-end=\"439\"><strong data-start=\"353\" data-end=\"375\">S\u0103 opre\u0219ti imediat<\/strong> vehiculul \u0219i s\u0103 te asiguri c\u0103 to\u021bi pasagerii sunt \u00een siguran\u021b\u0103;<\/p>\n<\/li>\n<li data-start=\"440\" data-end=\"553\">\n<p data-start=\"442\" data-end=\"553\"><strong data-start=\"442\" data-end=\"474\">S\u0103 anun\u021bi autorit\u0103\u021bile (112)<\/strong> dac\u0103 exist\u0103 pagube materiale, v\u0103t\u0103m\u0103ri sau dac\u0103 este necesar un proces verbal;<\/p>\n<\/li>\n<li data-start=\"554\" data-end=\"658\">\n<p data-start=\"556\" data-end=\"658\"><strong data-start=\"556\" data-end=\"580\">S\u0103 informezi Volocar<\/strong> imediat prin telefon sau WhatsApp, inclusiv cu poze\/video de la fa\u021ba locului;<\/p>\n<\/li>\n<li data-start=\"659\" data-end=\"729\">\n<p data-start=\"661\" data-end=\"729\"><strong data-start=\"661\" data-end=\"712\">S\u0103 soliciti aviz dereparatie de la politie<\/strong> dac\u0103 este cazul;<\/p>\n<\/li>\n<li data-start=\"730\" data-end=\"827\">\n<p data-start=\"732\" data-end=\"827\"><strong data-start=\"732\" data-end=\"770\">S\u0103 nu p\u0103r\u0103se\u0219ti locul accidentului<\/strong> p\u00e2n\u0103 nu ai acordul autorit\u0103\u021bilor sau al echipei Volocar.<\/p>\n<\/li>\n<\/ul>\n<p data-start=\"829\" data-end=\"950\">Dac\u0103 ai ales un plan de protec\u021bie Volocar, <strong data-start=\"875\" data-end=\"916\">costurile pot fi reduse sau eliminate<\/strong>, \u00een func\u021bie de acoperirea aleas\u0103.<\/p>\n<\/div>\n\t\t\t\t<\/div>\n\t\t\t\t\t\t\t<div class=\"elementor-accordion-item\">\n\t\t\t\t\t<div id=\"elementor-tab-title-2432\" class=\"elementor-tab-title\" data-tab=\"2\" role=\"button\" aria-controls=\"elementor-tab-content-2432\" aria-expanded=\"false\">\n\t\t\t\t\t\t\t\t\t\t\t\t\t<span class=\"elementor-accordion-icon elementor-accordion-icon-left\" aria-hidden=\"true\">\n\t\t\t\t\t\t\t\t\t\t\t\t\t\t\t<span class=\"elementor-accordion-icon-closed\"><svg class=\"e-font-icon-svg e-fas-plus\" viewBox=\"0 0 448 512\" xmlns=\"http:\/\/www.w3.org\/2000\/svg\"><path d=\"M416 208H272V64c0-17.67-14.33-32-32-32h-32c-17.67 0-32 14.33-32 32v144H32c-17.67 0-32 14.33-32 32v32c0 17.67 14.33 32 32 32h144v144c0 17.67 14.33 32 32 32h32c17.67 0 32-14.33 32-32V304h144c17.67 0 32-14.33 32-32v-32c0-17.67-14.33-32-32-32z\"><\/path><\/svg><\/span>\n\t\t\t\t\t\t\t\t<span class=\"elementor-accordion-icon-opened\"><svg class=\"e-font-icon-svg e-fas-minus\" viewBox=\"0 0 448 512\" xmlns=\"http:\/\/www.w3.org\/2000\/svg\"><path d=\"M416 208H32c-17.67 0-32 14.33-32 32v32c0 17.67 14.33 32 32 32h384c17.67 0 32-14.33 32-32v-32c0-17.67-14.33-32-32-32z\"><\/path><\/svg><\/span>\n\t\t\t\t\t\t\t\t\t\t\t\t\t\t<\/span>\n\t\t\t\t\t\t\t\t\t\t\t\t<a class=\"elementor-accordion-title\" tabindex=\"0\">2. Ce se \u00eent\u00e2mpl\u0103 dac\u0103 ma\u0219ina este abandonat\u0103 \u0219i avariat\u0103?<\/a>\n\t\t\t\t\t<\/div>\n\t\t\t\t\t<div id=\"elementor-tab-content-2432\" class=\"elementor-tab-content elementor-clearfix\" data-tab=\"2\" role=\"region\" aria-labelledby=\"elementor-tab-title-2432\"><p data-start=\"1025\" data-end=\"1143\">Abandonarea ma\u0219inii f\u0103r\u0103 anun\u021barea echipei Volocar este <strong data-start=\"1081\" data-end=\"1128\">o \u00eenc\u0103lcare grav\u0103 a termenilor contractuali<\/strong>. \u00cen acest caz: <\/p>\n<ul data-start=\"1145\" data-end=\"1471\">\n<li data-start=\"1145\" data-end=\"1216\">\n<p data-start=\"1147\" data-end=\"1216\">Clientul este <strong data-start=\"1161\" data-end=\"1205\">complet responsabil pentru toate daunele<\/strong> provocate;<\/p>\n<\/li>\n<li data-start=\"1217\" data-end=\"1274\">\n<p data-start=\"1219\" data-end=\"1274\">Volocar va recupera vehiculul pe cheltuiala clientului;<\/p>\n<\/li>\n<li data-start=\"1275\" data-end=\"1380\">\n<p data-start=\"1277\" data-end=\"1380\">Pot fi aplicate <strong data-start=\"1293\" data-end=\"1320\">penalit\u0103\u021bi suplimentare<\/strong>, inclusiv tax\u0103 de tractare, pierdere de venit \u0219i repara\u021bii;<\/p>\n<\/li>\n<li data-start=\"1381\" data-end=\"1471\">\n<p data-start=\"1383\" data-end=\"1471\">Contul clientului poate fi <strong data-start=\"1410\" data-end=\"1444\">suspendat sau blocat definitiv<\/strong> pentru utiliz\u0103ri viitoare.<\/p>\n<\/li>\n<\/ul>\n<\/div>\n\t\t\t\t<\/div>\n\t\t\t\t\t\t\t<div class=\"elementor-accordion-item\">\n\t\t\t\t\t<div id=\"elementor-tab-title-2433\" class=\"elementor-tab-title\" data-tab=\"3\" role=\"button\" aria-controls=\"elementor-tab-content-2433\" aria-expanded=\"false\">\n\t\t\t\t\t\t\t\t\t\t\t\t\t<span class=\"elementor-accordion-icon elementor-accordion-icon-left\" aria-hidden=\"true\">\n\t\t\t\t\t\t\t\t\t\t\t\t\t\t\t<span class=\"elementor-accordion-icon-closed\"><svg class=\"e-font-icon-svg e-fas-plus\" viewBox=\"0 0 448 512\" xmlns=\"http:\/\/www.w3.org\/2000\/svg\"><path d=\"M416 208H272V64c0-17.67-14.33-32-32-32h-32c-17.67 0-32 14.33-32 32v144H32c-17.67 0-32 14.33-32 32v32c0 17.67 14.33 32 32 32h144v144c0 17.67 14.33 32 32 32h32c17.67 0 32-14.33 32-32V304h144c17.67 0 32-14.33 32-32v-32c0-17.67-14.33-32-32-32z\"><\/path><\/svg><\/span>\n\t\t\t\t\t\t\t\t<span class=\"elementor-accordion-icon-opened\"><svg class=\"e-font-icon-svg e-fas-minus\" viewBox=\"0 0 448 512\" xmlns=\"http:\/\/www.w3.org\/2000\/svg\"><path d=\"M416 208H32c-17.67 0-32 14.33-32 32v32c0 17.67 14.33 32 32 32h384c17.67 0 32-14.33 32-32v-32c0-17.67-14.33-32-32-32z\"><\/path><\/svg><\/span>\n\t\t\t\t\t\t\t\t\t\t\t\t\t\t<\/span>\n\t\t\t\t\t\t\t\t\t\t\t\t<a class=\"elementor-accordion-title\" tabindex=\"0\">3. Ce se \u00eent\u00e2mpl\u0103 dac\u0103 ma\u0219ina este furat\u0103?<\/a>\n\t\t\t\t\t<\/div>\n\t\t\t\t\t<div id=\"elementor-tab-content-2433\" class=\"elementor-tab-content elementor-clearfix\" data-tab=\"3\" role=\"region\" aria-labelledby=\"elementor-tab-title-2433\"><p data-start=\"1530\" data-end=\"1588\">\u00cen caz de furt, clientul are urm\u0103toarele responsabilit\u0103\u021bi:<\/p>\n<ul data-start=\"1590\" data-end=\"1846\">\n<li data-start=\"1590\" data-end=\"1671\">\n<p data-start=\"1592\" data-end=\"1671\"><strong data-start=\"1592\" data-end=\"1633\">S\u0103 depun\u0103 imediat pl\u00e2ngere la poli\u021bie<\/strong> \u0219i s\u0103 ob\u021bin\u0103 num\u0103rul dosarului penal;<\/p>\n<\/li>\n<li data-start=\"1672\" data-end=\"1765\">\n<p data-start=\"1674\" data-end=\"1765\"><strong data-start=\"1674\" data-end=\"1709\">S\u0103 anun\u021be Volocar \u00een aceea\u0219i zi<\/strong>, trimi\u021b\u00e2nd copia pl\u00e2ngerii \u0219i toate detaliile posibile;<\/p>\n<\/li>\n<li data-start=\"1766\" data-end=\"1846\">\n<p data-start=\"1768\" data-end=\"1846\"><strong data-start=\"1768\" data-end=\"1821\">S\u0103 predea cheile originale \u0219i documentele ma\u0219inii<\/strong>, dac\u0103 le are \u00een posesie.<\/p>\n<\/li>\n<\/ul>\n<p data-start=\"1848\" data-end=\"2040\">Dac\u0103 a fost l\u0103sat\u0103 ne\u00eencuiat\u0103, cu cheia \u00een\u0103untru, sau \u00een zona nesigur\u0103, clientul <strong data-start=\"1932\" data-end=\"1974\">poate fi tras la r\u0103spundere financiar\u0103<\/strong> total\u0103 sau par\u021bial\u0103, \u00een func\u021bie de caz \u0219i de planul de protec\u021bie.<\/p>\n<\/div>\n\t\t\t\t<\/div>\n\t\t\t\t\t\t\t<div class=\"elementor-accordion-item\">\n\t\t\t\t\t<div id=\"elementor-tab-title-2434\" class=\"elementor-tab-title\" data-tab=\"4\" role=\"button\" aria-controls=\"elementor-tab-content-2434\" aria-expanded=\"false\">\n\t\t\t\t\t\t\t\t\t\t\t\t\t<span class=\"elementor-accordion-icon elementor-accordion-icon-left\" aria-hidden=\"true\">\n\t\t\t\t\t\t\t\t\t\t\t\t\t\t\t<span class=\"elementor-accordion-icon-closed\"><svg class=\"e-font-icon-svg e-fas-plus\" viewBox=\"0 0 448 512\" xmlns=\"http:\/\/www.w3.org\/2000\/svg\"><path d=\"M416 208H272V64c0-17.67-14.33-32-32-32h-32c-17.67 0-32 14.33-32 32v144H32c-17.67 0-32 14.33-32 32v32c0 17.67 14.33 32 32 32h144v144c0 17.67 14.33 32 32 32h32c17.67 0 32-14.33 32-32V304h144c17.67 0 32-14.33 32-32v-32c0-17.67-14.33-32-32-32z\"><\/path><\/svg><\/span>\n\t\t\t\t\t\t\t\t<span class=\"elementor-accordion-icon-opened\"><svg class=\"e-font-icon-svg e-fas-minus\" viewBox=\"0 0 448 512\" xmlns=\"http:\/\/www.w3.org\/2000\/svg\"><path d=\"M416 208H32c-17.67 0-32 14.33-32 32v32c0 17.67 14.33 32 32 32h384c17.67 0 32-14.33 32-32v-32c0-17.67-14.33-32-32-32z\"><\/path><\/svg><\/span>\n\t\t\t\t\t\t\t\t\t\t\t\t\t\t<\/span>\n\t\t\t\t\t\t\t\t\t\t\t\t<a class=\"elementor-accordion-title\" tabindex=\"0\">4. Cine suport\u0103 \u00eentre\u021binerea ma\u0219inii?<\/a>\n\t\t\t\t\t<\/div>\n\t\t\t\t\t<div id=\"elementor-tab-content-2434\" class=\"elementor-tab-content elementor-clearfix\" data-tab=\"4\" role=\"region\" aria-labelledby=\"elementor-tab-title-2434\"><p data-start=\"2094\" data-end=\"2235\"><strong data-start=\"2097\" data-end=\"2122\">\u00centre\u021binerea regulat\u0103<\/strong> (revizii, ulei, fr\u00e2ne, ITP etc.) este <strong data-start=\"2161\" data-end=\"2217\">responsabilitatea gazdei sau a de\u021bin\u0103torului ma\u0219inii<\/strong>, nu a clientului.<\/p>\n<p data-start=\"2094\" data-end=\"2235\">\u00cen schimb, clientul este responsabil pentru:<\/p>\n<ul data-start=\"2285\" data-end=\"2561\">\n<li data-start=\"2285\" data-end=\"2387\">\n<p data-start=\"2287\" data-end=\"2387\">Returnarea ma\u0219inii \u00een <strong data-start=\"2309\" data-end=\"2325\">stare curat\u0103<\/strong> (sau achitarea taxei de cur\u0103\u021benie, dac\u0103 este foarte murdar\u0103);<\/p>\n<\/li>\n<li data-start=\"2388\" data-end=\"2446\">\n<p data-start=\"2390\" data-end=\"2446\"><strong data-start=\"2390\" data-end=\"2420\">Alimentarea cu combustibil<\/strong> conform nivelului livrat;<\/p>\n<\/li>\n<li data-start=\"2447\" data-end=\"2561\">\n<p data-start=\"2449\" data-end=\"2561\"><strong data-start=\"2449\" data-end=\"2489\">Daune provocate \u00een timpul utiliz\u0103rii<\/strong>, dac\u0103 nu sunt acoperite de un plan de protec\u021bie sau asigurare valabil\u0103.<\/p>\n<\/li>\n<\/ul>\n<\/div>\n\t\t\t\t<\/div>\n\t\t\t\t\t\t\t\t<\/div>\n\t\t\t\t\t\t<\/div>\n\t\t\t\t<\/div>\n\t\t\t\t\t<\/div>\n\t\t<\/div>\n\t\t\t\t\t<\/div>\n\t\t<\/section>\n\t\t\t\t<\/div>\n\t\t","protected":false},"excerpt":{"rendered":"<p>1. Ce obliga\u021bii are clientul \u00een caz de accident? Dac\u0103 e\u0219ti implicat \u00eentr-un accident, ai urm\u0103toarele obliga\u021bii: S\u0103 opre\u0219ti imediat vehiculul \u0219i s\u0103 te asiguri c\u0103 to\u021bi pasagerii sunt \u00een siguran\u021b\u0103; S\u0103 anun\u021bi autorit\u0103\u021bile (112) dac\u0103 exist\u0103 pagube materiale, v\u0103t\u0103m\u0103ri sau dac\u0103 este necesar un proces verbal; S\u0103 informezi Volocar imediat prin telefon sau WhatsApp,&#8230;<\/p>\n","protected":false},"author":1,"featured_media":0,"parent":0,"menu_order":0,"comment_status":"closed","ping_status":"closed","template":"","meta":{"footnotes":""},"class_list":["post-55964","page","type-page","status-publish","hentry"],"yoast_head":"<!-- This site is optimized with the Yoast SEO plugin v27.4 - https:\/\/yoast.com\/product\/yoast-seo-wordpress\/ -->\n<title>\u00ceNTREB\u0102RI FRECVENTE - Volocar<\/title>\n<meta name=\"robots\" content=\"index, follow, max-snippet:-1, max-image-preview:large, max-video-preview:-1\" \/>\n<link rel=\"canonical\" href=\"https:\/\/volocar.eu\/ro\/intrebari-frecvente\/\" \/>\n<meta property=\"og:locale\" content=\"ro_RO\" \/>\n<meta property=\"og:type\" content=\"article\" \/>\n<meta property=\"og:title\" content=\"\u00ceNTREB\u0102RI FRECVENTE - Volocar\" \/>\n<meta property=\"og:description\" content=\"1. Ce obliga\u021bii are clientul \u00een caz de accident? Dac\u0103 e\u0219ti implicat \u00eentr-un accident, ai urm\u0103toarele obliga\u021bii: S\u0103 opre\u0219ti imediat vehiculul \u0219i s\u0103 te asiguri c\u0103 to\u021bi pasagerii sunt \u00een siguran\u021b\u0103; S\u0103 anun\u021bi autorit\u0103\u021bile (112) dac\u0103 exist\u0103 pagube materiale, v\u0103t\u0103m\u0103ri sau dac\u0103 este necesar un proces verbal; S\u0103 informezi Volocar imediat prin telefon sau WhatsApp,...\" \/>\n<meta property=\"og:url\" content=\"https:\/\/volocar.eu\/ro\/intrebari-frecvente\/\" \/>\n<meta property=\"og:site_name\" content=\"Volocar\" \/>\n<meta property=\"article:modified_time\" content=\"2025-09-23T14:37:32+00:00\" \/>\n<meta name=\"twitter:card\" content=\"summary_large_image\" \/>\n<meta name=\"twitter:label1\" content=\"Timp estimat pentru citire\" \/>\n\t<meta name=\"twitter:data1\" content=\"2 minut\" \/>\n<script type=\"application\/ld+json\" class=\"yoast-schema-graph\">{\"@context\":\"https:\\\/\\\/schema.org\",\"@graph\":[{\"@type\":\"WebPage\",\"@id\":\"https:\\\/\\\/volocar.eu\\\/ro\\\/intrebari-frecvente\\\/\",\"url\":\"https:\\\/\\\/volocar.eu\\\/ro\\\/intrebari-frecvente\\\/\",\"name\":\"\u00ceNTREB\u0102RI FRECVENTE - Volocar\",\"isPartOf\":{\"@id\":\"https:\\\/\\\/volocar.eu\\\/#website\"},\"datePublished\":\"2023-10-17T01:05:18+00:00\",\"dateModified\":\"2025-09-23T14:37:32+00:00\",\"breadcrumb\":{\"@id\":\"https:\\\/\\\/volocar.eu\\\/ro\\\/intrebari-frecvente\\\/#breadcrumb\"},\"inLanguage\":\"ro-RO\",\"potentialAction\":[{\"@type\":\"ReadAction\",\"target\":[\"https:\\\/\\\/volocar.eu\\\/ro\\\/intrebari-frecvente\\\/\"]}]},{\"@type\":\"BreadcrumbList\",\"@id\":\"https:\\\/\\\/volocar.eu\\\/ro\\\/intrebari-frecvente\\\/#breadcrumb\",\"itemListElement\":[{\"@type\":\"ListItem\",\"position\":1,\"name\":\"Prima pagin\u0103\",\"item\":\"https:\\\/\\\/volocar.eu\\\/ro\\\/\"},{\"@type\":\"ListItem\",\"position\":2,\"name\":\"\u00ceNTREB\u0102RI FRECVENTE\"}]},{\"@type\":\"WebSite\",\"@id\":\"https:\\\/\\\/volocar.eu\\\/#website\",\"url\":\"https:\\\/\\\/volocar.eu\\\/\",\"name\":\"VOLOCAR\",\"description\":\"\",\"potentialAction\":[{\"@type\":\"SearchAction\",\"target\":{\"@type\":\"EntryPoint\",\"urlTemplate\":\"https:\\\/\\\/volocar.eu\\\/?s={search_term_string}\"},\"query-input\":{\"@type\":\"PropertyValueSpecification\",\"valueRequired\":true,\"valueName\":\"search_term_string\"}}],\"inLanguage\":\"ro-RO\"}]}<\/script>\n<!-- \/ Yoast SEO plugin. -->","yoast_head_json":{"title":"\u00ceNTREB\u0102RI FRECVENTE - Volocar","robots":{"index":"index","follow":"follow","max-snippet":"max-snippet:-1","max-image-preview":"max-image-preview:large","max-video-preview":"max-video-preview:-1"},"canonical":"https:\/\/volocar.eu\/ro\/intrebari-frecvente\/","og_locale":"ro_RO","og_type":"article","og_title":"\u00ceNTREB\u0102RI FRECVENTE - Volocar","og_description":"1. Ce obliga\u021bii are clientul \u00een caz de accident? Dac\u0103 e\u0219ti implicat \u00eentr-un accident, ai urm\u0103toarele obliga\u021bii: S\u0103 opre\u0219ti imediat vehiculul \u0219i s\u0103 te asiguri c\u0103 to\u021bi pasagerii sunt \u00een siguran\u021b\u0103; S\u0103 anun\u021bi autorit\u0103\u021bile (112) dac\u0103 exist\u0103 pagube materiale, v\u0103t\u0103m\u0103ri sau dac\u0103 este necesar un proces verbal; S\u0103 informezi Volocar imediat prin telefon sau WhatsApp,...","og_url":"https:\/\/volocar.eu\/ro\/intrebari-frecvente\/","og_site_name":"Volocar","article_modified_time":"2025-09-23T14:37:32+00:00","twitter_card":"summary_large_image","twitter_misc":{"Timp estimat pentru citire":"2 minut"},"schema":{"@context":"https:\/\/schema.org","@graph":[{"@type":"WebPage","@id":"https:\/\/volocar.eu\/ro\/intrebari-frecvente\/","url":"https:\/\/volocar.eu\/ro\/intrebari-frecvente\/","name":"\u00ceNTREB\u0102RI FRECVENTE - Volocar","isPartOf":{"@id":"https:\/\/volocar.eu\/#website"},"datePublished":"2023-10-17T01:05:18+00:00","dateModified":"2025-09-23T14:37:32+00:00","breadcrumb":{"@id":"https:\/\/volocar.eu\/ro\/intrebari-frecvente\/#breadcrumb"},"inLanguage":"ro-RO","potentialAction":[{"@type":"ReadAction","target":["https:\/\/volocar.eu\/ro\/intrebari-frecvente\/"]}]},{"@type":"BreadcrumbList","@id":"https:\/\/volocar.eu\/ro\/intrebari-frecvente\/#breadcrumb","itemListElement":[{"@type":"ListItem","position":1,"name":"Prima pagin\u0103","item":"https:\/\/volocar.eu\/ro\/"},{"@type":"ListItem","position":2,"name":"\u00ceNTREB\u0102RI FRECVENTE"}]},{"@type":"WebSite","@id":"https:\/\/volocar.eu\/#website","url":"https:\/\/volocar.eu\/","name":"VOLOCAR","description":"","potentialAction":[{"@type":"SearchAction","target":{"@type":"EntryPoint","urlTemplate":"https:\/\/volocar.eu\/?s={search_term_string}"},"query-input":{"@type":"PropertyValueSpecification","valueRequired":true,"valueName":"search_term_string"}}],"inLanguage":"ro-RO"}]}},"_links":{"self":[{"href":"https:\/\/volocar.eu\/ro\/wp-json\/wp\/v2\/pages\/55964","targetHints":{"allow":["GET"]}}],"collection":[{"href":"https:\/\/volocar.eu\/ro\/wp-json\/wp\/v2\/pages"}],"about":[{"href":"https:\/\/volocar.eu\/ro\/wp-json\/wp\/v2\/types\/page"}],"author":[{"embeddable":true,"href":"https:\/\/volocar.eu\/ro\/wp-json\/wp\/v2\/users\/1"}],"replies":[{"embeddable":true,"href":"https:\/\/volocar.eu\/ro\/wp-json\/wp\/v2\/comments?post=55964"}],"version-history":[{"count":1,"href":"https:\/\/volocar.eu\/ro\/wp-json\/wp\/v2\/pages\/55964\/revisions"}],"predecessor-version":[{"id":55966,"href":"https:\/\/volocar.eu\/ro\/wp-json\/wp\/v2\/pages\/55964\/revisions\/55966"}],"wp:attachment":[{"href":"https:\/\/volocar.eu\/ro\/wp-json\/wp\/v2\/media?parent=55964"}],"curies":[{"name":"wp","href":"https:\/\/api.w.org\/{rel}","templated":true}]}}