{"id":2644,"date":"2025-05-27T09:10:54","date_gmt":"2025-05-27T09:10:54","guid":{"rendered":"https:\/\/volocar.eu\/produs\/mercedes-v-class-automat-2024-0\/"},"modified":"2025-10-31T14:16:34","modified_gmt":"2025-10-31T12:16:34","slug":"mercedes-v-class-automat-2024-0","status":"publish","type":"product","link":"https:\/\/volocar.eu\/ro\/masina-de-inchiriat\/mercedes-v-class-automat-2024-0\/","title":{"rendered":"Mercedes  V-Class"},"content":{"rendered":"","protected":false},"excerpt":{"rendered":"<p>1-3 zile: 300.0\u20ac | 4-9 zile: 280.0\u20ac | 10-15 zile: 270.0\u20ac | 16-21 zile: 250.0\u20ac | 22-30 zile: 230.0\u20ac | 30+ zile: 200.0\u20ac | Garan\u021bie: 1000.0\u20ac | Asigurare\/zi: 50.0\u20ac | Depozit combustibil + cheie: 150.0\u20ac<\/p>\n","protected":false},"featured_media":2707,"comment_status":"open","ping_status":"closed","template":"","meta":[],"product_brand":[26],"product_cat":[14],"product_tag":[160],"class_list":{"0":"post-2644","1":"product","2":"type-product","3":"status-publish","4":"has-post-thumbnail","6":"product_brand-mercedes","7":"product_cat-premium","8":"product_tag-depozit-zero","10":"first","11":"instock","12":"taxable","13":"shipping-taxable","14":"purchasable","15":"product-type-simple"},"yoast_head":"<!-- This site is optimized with the Yoast SEO plugin v27.4 - https:\/\/yoast.com\/product\/yoast-seo-wordpress\/ -->\n<title>\u00cenchiriaz\u0103 Mercedes V-Class ! F\u0103r\u0103 Garan\u021bie, F\u0103r\u0103 Griji! Disponibil Acum | Volocar<\/title>\n<meta name=\"description\" content=\"Cau\u021bi un serviciu rent a car f\u0103r\u0103 garan\u021bie? Mercedes V-Class este disponibil acum, cu livrare rapid\u0103 \u0219i asigurare complet\u0103. Rezerv\u0103 online \u00een 3 pa\u0219i simpli!\" \/>\n<meta name=\"robots\" content=\"index, follow, max-snippet:-1, max-image-preview:large, max-video-preview:-1\" \/>\n<link rel=\"canonical\" href=\"https:\/\/volocar.eu\/rent-a-car\/mercedes-v-class-automat-2024-0\/\" \/>\n<meta property=\"og:locale\" content=\"ro_RO\" \/>\n<meta property=\"og:type\" content=\"article\" \/>\n<meta property=\"og:title\" content=\"\u00cenchiriaz\u0103 Mercedes V-Class ! F\u0103r\u0103 Garan\u021bie, F\u0103r\u0103 Griji! Disponibil Acum | Volocar\" \/>\n<meta property=\"og:description\" content=\"Cau\u021bi un serviciu rent a car f\u0103r\u0103 garan\u021bie? Mercedes V-Class este disponibil acum, cu livrare rapid\u0103 \u0219i asigurare complet\u0103. Rezerv\u0103 online \u00een 3 pa\u0219i simpli!\" \/>\n<meta property=\"og:url\" content=\"https:\/\/volocar.eu\/rent-a-car\/mercedes-v-class-automat-2024-0\/\" \/>\n<meta property=\"og:site_name\" content=\"Volocar\" \/>\n<meta property=\"article:modified_time\" content=\"2025-10-31T12:16:34+00:00\" \/>\n<meta property=\"og:image\" content=\"https:\/\/volocar.eu\/wp-content\/uploads\/2025\/05\/PHOTO-2025-05-27-12-12-12.jpg\" \/>\n\t<meta property=\"og:image:width\" content=\"1152\" \/>\n\t<meta property=\"og:image:height\" content=\"2048\" \/>\n\t<meta property=\"og:image:type\" content=\"image\/jpeg\" \/>\n<meta name=\"twitter:card\" content=\"summary_large_image\" \/>\n<meta name=\"twitter:label1\" content=\"Timp estimat pentru citire\" \/>\n\t<meta name=\"twitter:data1\" content=\"1 minut\" \/>\n<script type=\"application\/ld+json\" class=\"yoast-schema-graph\">{\"@context\":\"https:\\\/\\\/schema.org\",\"@graph\":[{\"@type\":\"WebPage\",\"@id\":\"https:\\\/\\\/volocar.eu\\\/rent-a-car\\\/mercedes-v-class-automat-2024-0\\\/\",\"url\":\"https:\\\/\\\/volocar.eu\\\/rent-a-car\\\/mercedes-v-class-automat-2024-0\\\/\",\"name\":\"\u00cenchiriaz\u0103 Mercedes V-Class ! F\u0103r\u0103 Garan\u021bie, F\u0103r\u0103 Griji! Disponibil Acum | Volocar\",\"isPartOf\":{\"@id\":\"https:\\\/\\\/volocar.eu\\\/#website\"},\"primaryImageOfPage\":{\"@id\":\"https:\\\/\\\/volocar.eu\\\/rent-a-car\\\/mercedes-v-class-automat-2024-0\\\/#primaryimage\"},\"image\":{\"@id\":\"https:\\\/\\\/volocar.eu\\\/rent-a-car\\\/mercedes-v-class-automat-2024-0\\\/#primaryimage\"},\"thumbnailUrl\":\"https:\\\/\\\/volocar.eu\\\/wp-content\\\/uploads\\\/2025\\\/05\\\/PHOTO-2025-05-27-12-12-12.jpg\",\"datePublished\":\"2025-05-27T09:10:54+00:00\",\"dateModified\":\"2025-10-31T12:16:34+00:00\",\"description\":\"Cau\u021bi un serviciu rent a car f\u0103r\u0103 garan\u021bie? Mercedes V-Class este disponibil acum, cu livrare rapid\u0103 \u0219i asigurare complet\u0103. Rezerv\u0103 online \u00een 3 pa\u0219i simpli!\",\"breadcrumb\":{\"@id\":\"https:\\\/\\\/volocar.eu\\\/rent-a-car\\\/mercedes-v-class-automat-2024-0\\\/#breadcrumb\"},\"inLanguage\":\"ro-RO\",\"potentialAction\":[{\"@type\":\"ReadAction\",\"target\":[\"https:\\\/\\\/volocar.eu\\\/rent-a-car\\\/mercedes-v-class-automat-2024-0\\\/\"]}]},{\"@type\":\"ImageObject\",\"inLanguage\":\"ro-RO\",\"@id\":\"https:\\\/\\\/volocar.eu\\\/rent-a-car\\\/mercedes-v-class-automat-2024-0\\\/#primaryimage\",\"url\":\"https:\\\/\\\/volocar.eu\\\/wp-content\\\/uploads\\\/2025\\\/05\\\/PHOTO-2025-05-27-12-12-12.jpg\",\"contentUrl\":\"https:\\\/\\\/volocar.eu\\\/wp-content\\\/uploads\\\/2025\\\/05\\\/PHOTO-2025-05-27-12-12-12.jpg\",\"width\":1152,\"height\":2048},{\"@type\":\"BreadcrumbList\",\"@id\":\"https:\\\/\\\/volocar.eu\\\/rent-a-car\\\/mercedes-v-class-automat-2024-0\\\/#breadcrumb\",\"itemListElement\":[{\"@type\":\"ListItem\",\"position\":1,\"name\":\"Prima pagin\u0103\",\"item\":\"https:\\\/\\\/volocar.eu\\\/ro\\\/\"},{\"@type\":\"ListItem\",\"position\":2,\"name\":\"Rezervare\",\"item\":\"https:\\\/\\\/volocar.eu\\\/ro\\\/rezervare-2\\\/\"},{\"@type\":\"ListItem\",\"position\":3,\"name\":\"Mercedes V-Class\"}]},{\"@type\":\"WebSite\",\"@id\":\"https:\\\/\\\/volocar.eu\\\/#website\",\"url\":\"https:\\\/\\\/volocar.eu\\\/\",\"name\":\"VOLOCAR\",\"description\":\"\",\"potentialAction\":[{\"@type\":\"SearchAction\",\"target\":{\"@type\":\"EntryPoint\",\"urlTemplate\":\"https:\\\/\\\/volocar.eu\\\/?s={search_term_string}\"},\"query-input\":{\"@type\":\"PropertyValueSpecification\",\"valueRequired\":true,\"valueName\":\"search_term_string\"}}],\"inLanguage\":\"ro-RO\"}]}<\/script>\n<!-- \/ Yoast SEO plugin. -->","yoast_head_json":{"title":"\u00cenchiriaz\u0103 Mercedes V-Class ! F\u0103r\u0103 Garan\u021bie, F\u0103r\u0103 Griji! Disponibil Acum | Volocar","description":"Cau\u021bi un serviciu rent a car f\u0103r\u0103 garan\u021bie? Mercedes V-Class este disponibil acum, cu livrare rapid\u0103 \u0219i asigurare complet\u0103. Rezerv\u0103 online \u00een 3 pa\u0219i simpli!","robots":{"index":"index","follow":"follow","max-snippet":"max-snippet:-1","max-image-preview":"max-image-preview:large","max-video-preview":"max-video-preview:-1"},"canonical":"https:\/\/volocar.eu\/rent-a-car\/mercedes-v-class-automat-2024-0\/","og_locale":"ro_RO","og_type":"article","og_title":"\u00cenchiriaz\u0103 Mercedes V-Class ! F\u0103r\u0103 Garan\u021bie, F\u0103r\u0103 Griji! Disponibil Acum | Volocar","og_description":"Cau\u021bi un serviciu rent a car f\u0103r\u0103 garan\u021bie? Mercedes V-Class este disponibil acum, cu livrare rapid\u0103 \u0219i asigurare complet\u0103. Rezerv\u0103 online \u00een 3 pa\u0219i simpli!","og_url":"https:\/\/volocar.eu\/rent-a-car\/mercedes-v-class-automat-2024-0\/","og_site_name":"Volocar","article_modified_time":"2025-10-31T12:16:34+00:00","og_image":[{"width":1152,"height":2048,"url":"https:\/\/volocar.eu\/wp-content\/uploads\/2025\/05\/PHOTO-2025-05-27-12-12-12.jpg","type":"image\/jpeg"}],"twitter_card":"summary_large_image","twitter_misc":{"Timp estimat pentru citire":"1 minut"},"schema":{"@context":"https:\/\/schema.org","@graph":[{"@type":"WebPage","@id":"https:\/\/volocar.eu\/rent-a-car\/mercedes-v-class-automat-2024-0\/","url":"https:\/\/volocar.eu\/rent-a-car\/mercedes-v-class-automat-2024-0\/","name":"\u00cenchiriaz\u0103 Mercedes V-Class ! F\u0103r\u0103 Garan\u021bie, F\u0103r\u0103 Griji! Disponibil Acum | Volocar","isPartOf":{"@id":"https:\/\/volocar.eu\/#website"},"primaryImageOfPage":{"@id":"https:\/\/volocar.eu\/rent-a-car\/mercedes-v-class-automat-2024-0\/#primaryimage"},"image":{"@id":"https:\/\/volocar.eu\/rent-a-car\/mercedes-v-class-automat-2024-0\/#primaryimage"},"thumbnailUrl":"https:\/\/volocar.eu\/wp-content\/uploads\/2025\/05\/PHOTO-2025-05-27-12-12-12.jpg","datePublished":"2025-05-27T09:10:54+00:00","dateModified":"2025-10-31T12:16:34+00:00","description":"Cau\u021bi un serviciu rent a car f\u0103r\u0103 garan\u021bie? Mercedes V-Class este disponibil acum, cu livrare rapid\u0103 \u0219i asigurare complet\u0103. Rezerv\u0103 online \u00een 3 pa\u0219i simpli!","breadcrumb":{"@id":"https:\/\/volocar.eu\/rent-a-car\/mercedes-v-class-automat-2024-0\/#breadcrumb"},"inLanguage":"ro-RO","potentialAction":[{"@type":"ReadAction","target":["https:\/\/volocar.eu\/rent-a-car\/mercedes-v-class-automat-2024-0\/"]}]},{"@type":"ImageObject","inLanguage":"ro-RO","@id":"https:\/\/volocar.eu\/rent-a-car\/mercedes-v-class-automat-2024-0\/#primaryimage","url":"https:\/\/volocar.eu\/wp-content\/uploads\/2025\/05\/PHOTO-2025-05-27-12-12-12.jpg","contentUrl":"https:\/\/volocar.eu\/wp-content\/uploads\/2025\/05\/PHOTO-2025-05-27-12-12-12.jpg","width":1152,"height":2048},{"@type":"BreadcrumbList","@id":"https:\/\/volocar.eu\/rent-a-car\/mercedes-v-class-automat-2024-0\/#breadcrumb","itemListElement":[{"@type":"ListItem","position":1,"name":"Prima pagin\u0103","item":"https:\/\/volocar.eu\/ro\/"},{"@type":"ListItem","position":2,"name":"Rezervare","item":"https:\/\/volocar.eu\/ro\/rezervare-2\/"},{"@type":"ListItem","position":3,"name":"Mercedes V-Class"}]},{"@type":"WebSite","@id":"https:\/\/volocar.eu\/#website","url":"https:\/\/volocar.eu\/","name":"VOLOCAR","description":"","potentialAction":[{"@type":"SearchAction","target":{"@type":"EntryPoint","urlTemplate":"https:\/\/volocar.eu\/?s={search_term_string}"},"query-input":{"@type":"PropertyValueSpecification","valueRequired":true,"valueName":"search_term_string"}}],"inLanguage":"ro-RO"}]}},"_links":{"self":[{"href":"https:\/\/volocar.eu\/ro\/wp-json\/wp\/v2\/product\/2644","targetHints":{"allow":["GET"]}}],"collection":[{"href":"https:\/\/volocar.eu\/ro\/wp-json\/wp\/v2\/product"}],"about":[{"href":"https:\/\/volocar.eu\/ro\/wp-json\/wp\/v2\/types\/product"}],"replies":[{"embeddable":true,"href":"https:\/\/volocar.eu\/ro\/wp-json\/wp\/v2\/comments?post=2644"}],"version-history":[{"count":3,"href":"https:\/\/volocar.eu\/ro\/wp-json\/wp\/v2\/product\/2644\/revisions"}],"predecessor-version":[{"id":2776,"href":"https:\/\/volocar.eu\/ro\/wp-json\/wp\/v2\/product\/2644\/revisions\/2776"}],"wp:featuredmedia":[{"embeddable":true,"href":"https:\/\/volocar.eu\/ro\/wp-json\/wp\/v2\/media\/2707"}],"wp:attachment":[{"href":"https:\/\/volocar.eu\/ro\/wp-json\/wp\/v2\/media?parent=2644"}],"wp:term":[{"taxonomy":"product_brand","embeddable":true,"href":"https:\/\/volocar.eu\/ro\/wp-json\/wp\/v2\/product_brand?post=2644"},{"taxonomy":"product_cat","embeddable":true,"href":"https:\/\/volocar.eu\/ro\/wp-json\/wp\/v2\/product_cat?post=2644"},{"taxonomy":"product_tag","embeddable":true,"href":"https:\/\/volocar.eu\/ro\/wp-json\/wp\/v2\/product_tag?post=2644"}],"curies":[{"name":"wp","href":"https:\/\/api.w.org\/{rel}","templated":true}]}}