{"id":4787,"date":"2025-06-05T08:21:12","date_gmt":"2025-06-05T08:21:12","guid":{"rendered":"https:\/\/volocar.eu\/?post_type=product&#038;p=4787"},"modified":"2025-06-17T12:02:58","modified_gmt":"2025-06-17T09:02:58","slug":"audi-s3","status":"publish","type":"product","link":"https:\/\/volocar.eu\/ro\/masina-de-inchiriat\/audi-s3\/","title":{"rendered":"Audi S3"},"content":{"rendered":"","protected":false},"excerpt":{"rendered":"","protected":false},"featured_media":4937,"comment_status":"closed","ping_status":"closed","template":"","meta":[],"product_brand":[],"product_cat":[240,44],"product_tag":[],"class_list":{"0":"post-4787","1":"product","2":"type-product","3":"status-publish","4":"has-post-thumbnail","6":"product_cat-mid","7":"product_cat-sport","9":"first","10":"instock","11":"taxable","12":"shipping-taxable","13":"purchasable","14":"product-type-simple"},"yoast_head":"<!-- This site is optimized with the Yoast SEO plugin v27.4 - https:\/\/yoast.com\/product\/yoast-seo-wordpress\/ -->\n<title>\u00cenchiriaz\u0103 Audi S3 ! F\u0103r\u0103 Garan\u021bie, F\u0103r\u0103 Griji! Disponibil Acum | Volocar<\/title>\n<meta name=\"description\" content=\"Cau\u021bi un serviciu rent a car f\u0103r\u0103 garan\u021bie? Audi S3 este disponibil acum, cu livrare rapid\u0103 \u0219i asigurare complet\u0103. Rezerv\u0103 online \u00een 3 pa\u0219i simpli!\" \/>\n<meta name=\"robots\" content=\"index, follow, max-snippet:-1, max-image-preview:large, max-video-preview:-1\" \/>\n<link rel=\"canonical\" href=\"https:\/\/volocar.eu\/rent-a-car\/audi-s3\/\" \/>\n<meta property=\"og:locale\" content=\"ro_RO\" \/>\n<meta property=\"og:type\" content=\"article\" \/>\n<meta property=\"og:title\" content=\"\u00cenchiriaz\u0103 Audi S3 ! F\u0103r\u0103 Garan\u021bie, F\u0103r\u0103 Griji! Disponibil Acum | Volocar\" \/>\n<meta property=\"og:description\" content=\"Cau\u021bi un serviciu rent a car f\u0103r\u0103 garan\u021bie? Audi S3 este disponibil acum, cu livrare rapid\u0103 \u0219i asigurare complet\u0103. Rezerv\u0103 online \u00een 3 pa\u0219i simpli!\" \/>\n<meta property=\"og:url\" content=\"https:\/\/volocar.eu\/rent-a-car\/audi-s3\/\" \/>\n<meta property=\"og:site_name\" content=\"Volocar\" \/>\n<meta property=\"article:modified_time\" content=\"2025-06-17T09:02:58+00:00\" \/>\n<meta property=\"og:image\" content=\"https:\/\/volocar.eu\/wp-content\/uploads\/2025\/06\/Audi-S3-2021-removebg-preview.png\" \/>\n\t<meta property=\"og:image:width\" content=\"656\" \/>\n\t<meta property=\"og:image:height\" content=\"381\" \/>\n\t<meta property=\"og:image:type\" content=\"image\/png\" \/>\n<meta name=\"twitter:card\" content=\"summary_large_image\" \/>\n<meta name=\"twitter:label1\" content=\"Timp estimat pentru citire\" \/>\n\t<meta name=\"twitter:data1\" content=\"2 minut\" \/>\n<script type=\"application\/ld+json\" class=\"yoast-schema-graph\">{\"@context\":\"https:\\\/\\\/schema.org\",\"@graph\":[{\"@type\":\"WebPage\",\"@id\":\"https:\\\/\\\/volocar.eu\\\/rent-a-car\\\/audi-s3\\\/\",\"url\":\"https:\\\/\\\/volocar.eu\\\/rent-a-car\\\/audi-s3\\\/\",\"name\":\"\u00cenchiriaz\u0103 Audi S3 ! F\u0103r\u0103 Garan\u021bie, F\u0103r\u0103 Griji! Disponibil Acum | Volocar\",\"isPartOf\":{\"@id\":\"https:\\\/\\\/volocar.eu\\\/#website\"},\"primaryImageOfPage\":{\"@id\":\"https:\\\/\\\/volocar.eu\\\/rent-a-car\\\/audi-s3\\\/#primaryimage\"},\"image\":{\"@id\":\"https:\\\/\\\/volocar.eu\\\/rent-a-car\\\/audi-s3\\\/#primaryimage\"},\"thumbnailUrl\":\"https:\\\/\\\/volocar.eu\\\/wp-content\\\/uploads\\\/2025\\\/06\\\/Audi-S3-2021-removebg-preview.png\",\"datePublished\":\"2025-06-05T08:21:12+00:00\",\"dateModified\":\"2025-06-17T09:02:58+00:00\",\"description\":\"Cau\u021bi un serviciu rent a car f\u0103r\u0103 garan\u021bie? Audi S3 este disponibil acum, cu livrare rapid\u0103 \u0219i asigurare complet\u0103. Rezerv\u0103 online \u00een 3 pa\u0219i simpli!\",\"breadcrumb\":{\"@id\":\"https:\\\/\\\/volocar.eu\\\/rent-a-car\\\/audi-s3\\\/#breadcrumb\"},\"inLanguage\":\"ro-RO\",\"potentialAction\":[{\"@type\":\"ReadAction\",\"target\":[\"https:\\\/\\\/volocar.eu\\\/rent-a-car\\\/audi-s3\\\/\"]}]},{\"@type\":\"ImageObject\",\"inLanguage\":\"ro-RO\",\"@id\":\"https:\\\/\\\/volocar.eu\\\/rent-a-car\\\/audi-s3\\\/#primaryimage\",\"url\":\"https:\\\/\\\/volocar.eu\\\/wp-content\\\/uploads\\\/2025\\\/06\\\/Audi-S3-2021-removebg-preview.png\",\"contentUrl\":\"https:\\\/\\\/volocar.eu\\\/wp-content\\\/uploads\\\/2025\\\/06\\\/Audi-S3-2021-removebg-preview.png\",\"width\":656,\"height\":381},{\"@type\":\"BreadcrumbList\",\"@id\":\"https:\\\/\\\/volocar.eu\\\/rent-a-car\\\/audi-s3\\\/#breadcrumb\",\"itemListElement\":[{\"@type\":\"ListItem\",\"position\":1,\"name\":\"Prima pagin\u0103\",\"item\":\"https:\\\/\\\/volocar.eu\\\/ro\\\/\"},{\"@type\":\"ListItem\",\"position\":2,\"name\":\"Rezervare\",\"item\":\"https:\\\/\\\/volocar.eu\\\/ro\\\/rezervare-2\\\/\"},{\"@type\":\"ListItem\",\"position\":3,\"name\":\"Audi S3\"}]},{\"@type\":\"WebSite\",\"@id\":\"https:\\\/\\\/volocar.eu\\\/#website\",\"url\":\"https:\\\/\\\/volocar.eu\\\/\",\"name\":\"VOLOCAR\",\"description\":\"\",\"potentialAction\":[{\"@type\":\"SearchAction\",\"target\":{\"@type\":\"EntryPoint\",\"urlTemplate\":\"https:\\\/\\\/volocar.eu\\\/?s={search_term_string}\"},\"query-input\":{\"@type\":\"PropertyValueSpecification\",\"valueRequired\":true,\"valueName\":\"search_term_string\"}}],\"inLanguage\":\"ro-RO\"}]}<\/script>\n<!-- \/ Yoast SEO plugin. -->","yoast_head_json":{"title":"\u00cenchiriaz\u0103 Audi S3 ! F\u0103r\u0103 Garan\u021bie, F\u0103r\u0103 Griji! Disponibil Acum | Volocar","description":"Cau\u021bi un serviciu rent a car f\u0103r\u0103 garan\u021bie? Audi S3 este disponibil acum, cu livrare rapid\u0103 \u0219i asigurare complet\u0103. Rezerv\u0103 online \u00een 3 pa\u0219i simpli!","robots":{"index":"index","follow":"follow","max-snippet":"max-snippet:-1","max-image-preview":"max-image-preview:large","max-video-preview":"max-video-preview:-1"},"canonical":"https:\/\/volocar.eu\/rent-a-car\/audi-s3\/","og_locale":"ro_RO","og_type":"article","og_title":"\u00cenchiriaz\u0103 Audi S3 ! F\u0103r\u0103 Garan\u021bie, F\u0103r\u0103 Griji! Disponibil Acum | Volocar","og_description":"Cau\u021bi un serviciu rent a car f\u0103r\u0103 garan\u021bie? Audi S3 este disponibil acum, cu livrare rapid\u0103 \u0219i asigurare complet\u0103. Rezerv\u0103 online \u00een 3 pa\u0219i simpli!","og_url":"https:\/\/volocar.eu\/rent-a-car\/audi-s3\/","og_site_name":"Volocar","article_modified_time":"2025-06-17T09:02:58+00:00","og_image":[{"width":656,"height":381,"url":"https:\/\/volocar.eu\/wp-content\/uploads\/2025\/06\/Audi-S3-2021-removebg-preview.png","type":"image\/png"}],"twitter_card":"summary_large_image","twitter_misc":{"Timp estimat pentru citire":"2 minut"},"schema":{"@context":"https:\/\/schema.org","@graph":[{"@type":"WebPage","@id":"https:\/\/volocar.eu\/rent-a-car\/audi-s3\/","url":"https:\/\/volocar.eu\/rent-a-car\/audi-s3\/","name":"\u00cenchiriaz\u0103 Audi S3 ! F\u0103r\u0103 Garan\u021bie, F\u0103r\u0103 Griji! Disponibil Acum | Volocar","isPartOf":{"@id":"https:\/\/volocar.eu\/#website"},"primaryImageOfPage":{"@id":"https:\/\/volocar.eu\/rent-a-car\/audi-s3\/#primaryimage"},"image":{"@id":"https:\/\/volocar.eu\/rent-a-car\/audi-s3\/#primaryimage"},"thumbnailUrl":"https:\/\/volocar.eu\/wp-content\/uploads\/2025\/06\/Audi-S3-2021-removebg-preview.png","datePublished":"2025-06-05T08:21:12+00:00","dateModified":"2025-06-17T09:02:58+00:00","description":"Cau\u021bi un serviciu rent a car f\u0103r\u0103 garan\u021bie? Audi S3 este disponibil acum, cu livrare rapid\u0103 \u0219i asigurare complet\u0103. Rezerv\u0103 online \u00een 3 pa\u0219i simpli!","breadcrumb":{"@id":"https:\/\/volocar.eu\/rent-a-car\/audi-s3\/#breadcrumb"},"inLanguage":"ro-RO","potentialAction":[{"@type":"ReadAction","target":["https:\/\/volocar.eu\/rent-a-car\/audi-s3\/"]}]},{"@type":"ImageObject","inLanguage":"ro-RO","@id":"https:\/\/volocar.eu\/rent-a-car\/audi-s3\/#primaryimage","url":"https:\/\/volocar.eu\/wp-content\/uploads\/2025\/06\/Audi-S3-2021-removebg-preview.png","contentUrl":"https:\/\/volocar.eu\/wp-content\/uploads\/2025\/06\/Audi-S3-2021-removebg-preview.png","width":656,"height":381},{"@type":"BreadcrumbList","@id":"https:\/\/volocar.eu\/rent-a-car\/audi-s3\/#breadcrumb","itemListElement":[{"@type":"ListItem","position":1,"name":"Prima pagin\u0103","item":"https:\/\/volocar.eu\/ro\/"},{"@type":"ListItem","position":2,"name":"Rezervare","item":"https:\/\/volocar.eu\/ro\/rezervare-2\/"},{"@type":"ListItem","position":3,"name":"Audi S3"}]},{"@type":"WebSite","@id":"https:\/\/volocar.eu\/#website","url":"https:\/\/volocar.eu\/","name":"VOLOCAR","description":"","potentialAction":[{"@type":"SearchAction","target":{"@type":"EntryPoint","urlTemplate":"https:\/\/volocar.eu\/?s={search_term_string}"},"query-input":{"@type":"PropertyValueSpecification","valueRequired":true,"valueName":"search_term_string"}}],"inLanguage":"ro-RO"}]}},"_links":{"self":[{"href":"https:\/\/volocar.eu\/ro\/wp-json\/wp\/v2\/product\/4787","targetHints":{"allow":["GET"]}}],"collection":[{"href":"https:\/\/volocar.eu\/ro\/wp-json\/wp\/v2\/product"}],"about":[{"href":"https:\/\/volocar.eu\/ro\/wp-json\/wp\/v2\/types\/product"}],"replies":[{"embeddable":true,"href":"https:\/\/volocar.eu\/ro\/wp-json\/wp\/v2\/comments?post=4787"}],"version-history":[{"count":1,"href":"https:\/\/volocar.eu\/ro\/wp-json\/wp\/v2\/product\/4787\/revisions"}],"predecessor-version":[{"id":4938,"href":"https:\/\/volocar.eu\/ro\/wp-json\/wp\/v2\/product\/4787\/revisions\/4938"}],"wp:featuredmedia":[{"embeddable":true,"href":"https:\/\/volocar.eu\/ro\/wp-json\/wp\/v2\/media\/4937"}],"wp:attachment":[{"href":"https:\/\/volocar.eu\/ro\/wp-json\/wp\/v2\/media?parent=4787"}],"wp:term":[{"taxonomy":"product_brand","embeddable":true,"href":"https:\/\/volocar.eu\/ro\/wp-json\/wp\/v2\/product_brand?post=4787"},{"taxonomy":"product_cat","embeddable":true,"href":"https:\/\/volocar.eu\/ro\/wp-json\/wp\/v2\/product_cat?post=4787"},{"taxonomy":"product_tag","embeddable":true,"href":"https:\/\/volocar.eu\/ro\/wp-json\/wp\/v2\/product_tag?post=4787"}],"curies":[{"name":"wp","href":"https:\/\/api.w.org\/{rel}","templated":true}]}}