{"id":56029,"date":"2025-09-24T12:27:35","date_gmt":"2025-09-24T09:27:35","guid":{"rendered":"https:\/\/volocar.eu\/?post_type=product&#038;p=56029"},"modified":"2025-09-24T12:27:35","modified_gmt":"2025-09-24T09:27:35","slug":"mercedes-gle-53-amg","status":"publish","type":"product","link":"https:\/\/volocar.eu\/ro\/masina-de-inchiriat\/mercedes-gle-53-amg\/","title":{"rendered":"MERCEDES GLE 53 AMG"},"content":{"rendered":"","protected":false},"excerpt":{"rendered":"","protected":false},"featured_media":56030,"comment_status":"open","ping_status":"closed","template":"","meta":[],"product_brand":[26],"product_cat":[14],"product_tag":[],"class_list":{"0":"post-56029","1":"product","2":"type-product","3":"status-publish","4":"has-post-thumbnail","6":"product_brand-mercedes","7":"product_cat-premium","9":"first","10":"instock","11":"taxable","12":"shipping-taxable","13":"purchasable","14":"product-type-simple"},"yoast_head":"<!-- This site is optimized with the Yoast SEO plugin v27.4 - https:\/\/yoast.com\/product\/yoast-seo-wordpress\/ -->\n<title>\u00cenchiriaz\u0103 MERCEDES GLE 53 AMG ! F\u0103r\u0103 Garan\u021bie, F\u0103r\u0103 Griji! Disponibil Acum | Volocar<\/title>\n<meta name=\"description\" content=\"Cau\u021bi un serviciu rent a car f\u0103r\u0103 garan\u021bie? MERCEDES GLE 53 AMG este disponibil acum, cu livrare rapid\u0103 \u0219i asigurare complet\u0103. Rezerv\u0103 online \u00een 3 pa\u0219i simpli!\" \/>\n<meta name=\"robots\" content=\"index, follow, max-snippet:-1, max-image-preview:large, max-video-preview:-1\" \/>\n<link rel=\"canonical\" href=\"https:\/\/volocar.eu\/rent-a-car\/mercedes-gle-53-amg\/\" \/>\n<meta property=\"og:locale\" content=\"ro_RO\" \/>\n<meta property=\"og:type\" content=\"article\" \/>\n<meta property=\"og:title\" content=\"\u00cenchiriaz\u0103 MERCEDES GLE 53 AMG ! F\u0103r\u0103 Garan\u021bie, F\u0103r\u0103 Griji! Disponibil Acum | Volocar\" \/>\n<meta property=\"og:description\" content=\"Cau\u021bi un serviciu rent a car f\u0103r\u0103 garan\u021bie? MERCEDES GLE 53 AMG este disponibil acum, cu livrare rapid\u0103 \u0219i asigurare complet\u0103. Rezerv\u0103 online \u00een 3 pa\u0219i simpli!\" \/>\n<meta property=\"og:url\" content=\"https:\/\/volocar.eu\/rent-a-car\/mercedes-gle-53-amg\/\" \/>\n<meta property=\"og:site_name\" content=\"Volocar\" \/>\n<meta property=\"og:image\" content=\"https:\/\/volocar.eu\/wp-content\/uploads\/2025\/09\/Imagine-WhatsApp-2025-09-24-la-12.19.38_11374b8a.jpg\" \/>\n\t<meta property=\"og:image:width\" content=\"1536\" \/>\n\t<meta property=\"og:image:height\" content=\"2048\" \/>\n\t<meta property=\"og:image:type\" content=\"image\/jpeg\" \/>\n<meta name=\"twitter:card\" content=\"summary_large_image\" \/>\n<meta name=\"twitter:label1\" content=\"Timp estimat pentru citire\" \/>\n\t<meta name=\"twitter:data1\" content=\"1 minut\" \/>\n<script type=\"application\/ld+json\" class=\"yoast-schema-graph\">{\"@context\":\"https:\\\/\\\/schema.org\",\"@graph\":[{\"@type\":\"WebPage\",\"@id\":\"https:\\\/\\\/volocar.eu\\\/rent-a-car\\\/mercedes-gle-53-amg\\\/\",\"url\":\"https:\\\/\\\/volocar.eu\\\/rent-a-car\\\/mercedes-gle-53-amg\\\/\",\"name\":\"\u00cenchiriaz\u0103 MERCEDES GLE 53 AMG ! F\u0103r\u0103 Garan\u021bie, F\u0103r\u0103 Griji! Disponibil Acum | Volocar\",\"isPartOf\":{\"@id\":\"https:\\\/\\\/volocar.eu\\\/#website\"},\"primaryImageOfPage\":{\"@id\":\"https:\\\/\\\/volocar.eu\\\/rent-a-car\\\/mercedes-gle-53-amg\\\/#primaryimage\"},\"image\":{\"@id\":\"https:\\\/\\\/volocar.eu\\\/rent-a-car\\\/mercedes-gle-53-amg\\\/#primaryimage\"},\"thumbnailUrl\":\"https:\\\/\\\/volocar.eu\\\/wp-content\\\/uploads\\\/2025\\\/09\\\/Imagine-WhatsApp-2025-09-24-la-12.19.38_11374b8a.jpg\",\"datePublished\":\"2025-09-24T09:27:35+00:00\",\"description\":\"Cau\u021bi un serviciu rent a car f\u0103r\u0103 garan\u021bie? MERCEDES GLE 53 AMG este disponibil acum, cu livrare rapid\u0103 \u0219i asigurare complet\u0103. Rezerv\u0103 online \u00een 3 pa\u0219i simpli!\",\"breadcrumb\":{\"@id\":\"https:\\\/\\\/volocar.eu\\\/rent-a-car\\\/mercedes-gle-53-amg\\\/#breadcrumb\"},\"inLanguage\":\"ro-RO\",\"potentialAction\":[{\"@type\":\"ReadAction\",\"target\":[\"https:\\\/\\\/volocar.eu\\\/rent-a-car\\\/mercedes-gle-53-amg\\\/\"]}]},{\"@type\":\"ImageObject\",\"inLanguage\":\"ro-RO\",\"@id\":\"https:\\\/\\\/volocar.eu\\\/rent-a-car\\\/mercedes-gle-53-amg\\\/#primaryimage\",\"url\":\"https:\\\/\\\/volocar.eu\\\/wp-content\\\/uploads\\\/2025\\\/09\\\/Imagine-WhatsApp-2025-09-24-la-12.19.38_11374b8a.jpg\",\"contentUrl\":\"https:\\\/\\\/volocar.eu\\\/wp-content\\\/uploads\\\/2025\\\/09\\\/Imagine-WhatsApp-2025-09-24-la-12.19.38_11374b8a.jpg\",\"width\":1536,\"height\":2048},{\"@type\":\"BreadcrumbList\",\"@id\":\"https:\\\/\\\/volocar.eu\\\/rent-a-car\\\/mercedes-gle-53-amg\\\/#breadcrumb\",\"itemListElement\":[{\"@type\":\"ListItem\",\"position\":1,\"name\":\"Prima pagin\u0103\",\"item\":\"https:\\\/\\\/volocar.eu\\\/ro\\\/\"},{\"@type\":\"ListItem\",\"position\":2,\"name\":\"Rezervare\",\"item\":\"https:\\\/\\\/volocar.eu\\\/ro\\\/rezervare-2\\\/\"},{\"@type\":\"ListItem\",\"position\":3,\"name\":\"MERCEDES GLE 53 AMG\"}]},{\"@type\":\"WebSite\",\"@id\":\"https:\\\/\\\/volocar.eu\\\/#website\",\"url\":\"https:\\\/\\\/volocar.eu\\\/\",\"name\":\"VOLOCAR\",\"description\":\"\",\"potentialAction\":[{\"@type\":\"SearchAction\",\"target\":{\"@type\":\"EntryPoint\",\"urlTemplate\":\"https:\\\/\\\/volocar.eu\\\/?s={search_term_string}\"},\"query-input\":{\"@type\":\"PropertyValueSpecification\",\"valueRequired\":true,\"valueName\":\"search_term_string\"}}],\"inLanguage\":\"ro-RO\"}]}<\/script>\n<!-- \/ Yoast SEO plugin. -->","yoast_head_json":{"title":"\u00cenchiriaz\u0103 MERCEDES GLE 53 AMG ! F\u0103r\u0103 Garan\u021bie, F\u0103r\u0103 Griji! Disponibil Acum | Volocar","description":"Cau\u021bi un serviciu rent a car f\u0103r\u0103 garan\u021bie? MERCEDES GLE 53 AMG este disponibil acum, cu livrare rapid\u0103 \u0219i asigurare complet\u0103. Rezerv\u0103 online \u00een 3 pa\u0219i simpli!","robots":{"index":"index","follow":"follow","max-snippet":"max-snippet:-1","max-image-preview":"max-image-preview:large","max-video-preview":"max-video-preview:-1"},"canonical":"https:\/\/volocar.eu\/rent-a-car\/mercedes-gle-53-amg\/","og_locale":"ro_RO","og_type":"article","og_title":"\u00cenchiriaz\u0103 MERCEDES GLE 53 AMG ! F\u0103r\u0103 Garan\u021bie, F\u0103r\u0103 Griji! Disponibil Acum | Volocar","og_description":"Cau\u021bi un serviciu rent a car f\u0103r\u0103 garan\u021bie? MERCEDES GLE 53 AMG este disponibil acum, cu livrare rapid\u0103 \u0219i asigurare complet\u0103. Rezerv\u0103 online \u00een 3 pa\u0219i simpli!","og_url":"https:\/\/volocar.eu\/rent-a-car\/mercedes-gle-53-amg\/","og_site_name":"Volocar","og_image":[{"width":1536,"height":2048,"url":"https:\/\/volocar.eu\/wp-content\/uploads\/2025\/09\/Imagine-WhatsApp-2025-09-24-la-12.19.38_11374b8a.jpg","type":"image\/jpeg"}],"twitter_card":"summary_large_image","twitter_misc":{"Timp estimat pentru citire":"1 minut"},"schema":{"@context":"https:\/\/schema.org","@graph":[{"@type":"WebPage","@id":"https:\/\/volocar.eu\/rent-a-car\/mercedes-gle-53-amg\/","url":"https:\/\/volocar.eu\/rent-a-car\/mercedes-gle-53-amg\/","name":"\u00cenchiriaz\u0103 MERCEDES GLE 53 AMG ! F\u0103r\u0103 Garan\u021bie, F\u0103r\u0103 Griji! Disponibil Acum | Volocar","isPartOf":{"@id":"https:\/\/volocar.eu\/#website"},"primaryImageOfPage":{"@id":"https:\/\/volocar.eu\/rent-a-car\/mercedes-gle-53-amg\/#primaryimage"},"image":{"@id":"https:\/\/volocar.eu\/rent-a-car\/mercedes-gle-53-amg\/#primaryimage"},"thumbnailUrl":"https:\/\/volocar.eu\/wp-content\/uploads\/2025\/09\/Imagine-WhatsApp-2025-09-24-la-12.19.38_11374b8a.jpg","datePublished":"2025-09-24T09:27:35+00:00","description":"Cau\u021bi un serviciu rent a car f\u0103r\u0103 garan\u021bie? MERCEDES GLE 53 AMG este disponibil acum, cu livrare rapid\u0103 \u0219i asigurare complet\u0103. Rezerv\u0103 online \u00een 3 pa\u0219i simpli!","breadcrumb":{"@id":"https:\/\/volocar.eu\/rent-a-car\/mercedes-gle-53-amg\/#breadcrumb"},"inLanguage":"ro-RO","potentialAction":[{"@type":"ReadAction","target":["https:\/\/volocar.eu\/rent-a-car\/mercedes-gle-53-amg\/"]}]},{"@type":"ImageObject","inLanguage":"ro-RO","@id":"https:\/\/volocar.eu\/rent-a-car\/mercedes-gle-53-amg\/#primaryimage","url":"https:\/\/volocar.eu\/wp-content\/uploads\/2025\/09\/Imagine-WhatsApp-2025-09-24-la-12.19.38_11374b8a.jpg","contentUrl":"https:\/\/volocar.eu\/wp-content\/uploads\/2025\/09\/Imagine-WhatsApp-2025-09-24-la-12.19.38_11374b8a.jpg","width":1536,"height":2048},{"@type":"BreadcrumbList","@id":"https:\/\/volocar.eu\/rent-a-car\/mercedes-gle-53-amg\/#breadcrumb","itemListElement":[{"@type":"ListItem","position":1,"name":"Prima pagin\u0103","item":"https:\/\/volocar.eu\/ro\/"},{"@type":"ListItem","position":2,"name":"Rezervare","item":"https:\/\/volocar.eu\/ro\/rezervare-2\/"},{"@type":"ListItem","position":3,"name":"MERCEDES GLE 53 AMG"}]},{"@type":"WebSite","@id":"https:\/\/volocar.eu\/#website","url":"https:\/\/volocar.eu\/","name":"VOLOCAR","description":"","potentialAction":[{"@type":"SearchAction","target":{"@type":"EntryPoint","urlTemplate":"https:\/\/volocar.eu\/?s={search_term_string}"},"query-input":{"@type":"PropertyValueSpecification","valueRequired":true,"valueName":"search_term_string"}}],"inLanguage":"ro-RO"}]}},"_links":{"self":[{"href":"https:\/\/volocar.eu\/ro\/wp-json\/wp\/v2\/product\/56029","targetHints":{"allow":["GET"]}}],"collection":[{"href":"https:\/\/volocar.eu\/ro\/wp-json\/wp\/v2\/product"}],"about":[{"href":"https:\/\/volocar.eu\/ro\/wp-json\/wp\/v2\/types\/product"}],"replies":[{"embeddable":true,"href":"https:\/\/volocar.eu\/ro\/wp-json\/wp\/v2\/comments?post=56029"}],"version-history":[{"count":1,"href":"https:\/\/volocar.eu\/ro\/wp-json\/wp\/v2\/product\/56029\/revisions"}],"predecessor-version":[{"id":56070,"href":"https:\/\/volocar.eu\/ro\/wp-json\/wp\/v2\/product\/56029\/revisions\/56070"}],"wp:featuredmedia":[{"embeddable":true,"href":"https:\/\/volocar.eu\/ro\/wp-json\/wp\/v2\/media\/56030"}],"wp:attachment":[{"href":"https:\/\/volocar.eu\/ro\/wp-json\/wp\/v2\/media?parent=56029"}],"wp:term":[{"taxonomy":"product_brand","embeddable":true,"href":"https:\/\/volocar.eu\/ro\/wp-json\/wp\/v2\/product_brand?post=56029"},{"taxonomy":"product_cat","embeddable":true,"href":"https:\/\/volocar.eu\/ro\/wp-json\/wp\/v2\/product_cat?post=56029"},{"taxonomy":"product_tag","embeddable":true,"href":"https:\/\/volocar.eu\/ro\/wp-json\/wp\/v2\/product_tag?post=56029"}],"curies":[{"name":"wp","href":"https:\/\/api.w.org\/{rel}","templated":true}]}}