{"id":55896,"date":"2025-06-12T11:30:30","date_gmt":"2025-06-12T08:30:30","guid":{"rendered":"https:\/\/volocar.eu\/%d0%bf%d0%be%d0%bb%d0%b8%d1%82%d0%b8%d0%ba%d0%b0-%d0%b2%d0%be%d0%b7%d0%b2%d1%80%d0%b0%d1%82%d0%b0-%d0%b8-%d0%b2%d0%be%d0%b7%d0%bc%d0%b5%d1%89%d0%b5%d0%bd%d0%b8%d1%8f\/"},"modified":"2025-09-23T17:36:36","modified_gmt":"2025-09-23T14:36:36","slug":"%d0%bf%d0%be%d0%bb%d0%b8%d1%82%d0%b8%d0%ba%d0%b0-%d0%b2%d0%be%d0%b7%d0%b2%d1%80%d0%b0%d1%82%d0%b0-%d0%b8-%d0%b2%d0%be%d0%b7%d0%bc%d0%b5%d1%89%d0%b5%d0%bd%d0%b8%d1%8f","status":"publish","type":"page","link":"https:\/\/volocar.eu\/ru\/%d0%bf%d0%be%d0%bb%d0%b8%d1%82%d0%b8%d0%ba%d0%b0-%d0%b2%d0%be%d0%b7%d0%b2%d1%80%d0%b0%d1%82%d0%b0-%d0%b8-%d0%b2%d0%be%d0%b7%d0%bc%d0%b5%d1%89%d0%b5%d0%bd%d0%b8%d1%8f\/","title":{"rendered":"\u041f\u043e\u043b\u0438\u0442\u0438\u043a\u0430 \u0432\u043e\u0437\u0432\u0440\u0430\u0442\u0430 \u0438 \u0432\u043e\u0437\u043c\u0435\u0449\u0435\u043d\u0438\u044f"},"content":{"rendered":"\t\t<div data-elementor-type=\"wp-page\" data-elementor-id=\"55896\" class=\"elementor elementor-55896 elementor-13\">\n\t\t\t\t\t\t<section class=\"elementor-section elementor-top-section elementor-element elementor-element-72aecf15 elementor-section-boxed elementor-section-height-default elementor-section-height-default\" data-id=\"72aecf15\" data-element_type=\"section\">\n\t\t\t\t\t\t<div class=\"elementor-container elementor-column-gap-default\">\n\t\t\t\t\t<div class=\"elementor-column elementor-col-100 elementor-top-column elementor-element elementor-element-43a44fed\" data-id=\"43a44fed\" data-element_type=\"column\">\n\t\t\t<div class=\"elementor-widget-wrap elementor-element-populated\">\n\t\t\t\t\t\t<div class=\"elementor-element elementor-element-1f7c5a43 elementor-widget elementor-widget-text-editor\" data-id=\"1f7c5a43\" data-element_type=\"widget\" data-widget_type=\"text-editor.default\">\n\t\t\t\t<div class=\"elementor-widget-container\">\n\t\t\t\t\t\t\t\t\t\n<h2 data-start=\"175\" data-end=\"218\">\u041f\u043e\u043b\u0438\u0442\u0438\u043a\u0430 \u0440\u0435\u0442\u0443\u0440 \u0438 \u0430\u043d\u0443\u043b\u044f\u0440\u043e\u0432 &#8212; Volocar<\/h2>\n<p data-start=\"220\" data-end=\"405\">La Volocar, \u00een\u021belegem c\u0103 pot ap\u0103rea schimb\u0103ri neprev\u0103zute. \u0414\u043b\u044f \u0442\u043e\u0433\u043e \u0447\u0442\u043e\u0431\u044b \u0441\u0434\u0435\u043b\u0430\u0442\u044c \u043e\u0442\u043d\u043e\u0448\u0435\u043d\u0438\u044f \u043c\u0435\u0436\u0434\u0443 \u043a\u043b\u0438\u0435\u043d\u0442\u0430\u043c\u0438 \u0438 \u043f\u0430\u0440\u0442\u043d\u0435\u0440\u0430\u043c\u0438 \u043f\u0440\u043e\u0437\u0440\u0430\u0447\u043d\u044b\u043c\u0438, \u043f\u0440\u0438\u043c\u0435\u043d\u0438\u0442\u0435 urm\u0103toarea politic\u0103 de anulare: <\/p>\n<hr data-start=\"407\" data-end=\"410\">\n<h4 data-start=\"412\" data-end=\"484\">Anulare cu minimum <strong data-start=\"437\" data-end=\"459\">30 de zile \u00eenainte<\/strong> de \u00eenceperea rezerv\u0103rii:<\/h4>\n<ul data-start=\"485\" data-end=\"691\">\n<li data-start=\"485\" data-end=\"593\">\n<p data-start=\"487\" data-end=\"593\">\u041a\u043b\u0438\u0435\u043d\u0442\u0443 \u043f\u043e\u043b\u0430\u0433\u0430\u0435\u0442\u0441\u044f <strong data-start=\"511\" data-end=\"552\">\u043e\u0441\u0442\u0430\u0442\u043e\u043a \u0432 \u0440\u0430\u0437\u043c\u0435\u0440\u0435 10% \u043e\u0442 \u0441\u0443\u043c\u043c\u044b \u043f\u043e\u043a\u0443\u043f\u043a\u0438<\/strong>, \u043d\u0435 \u0437\u0430\u0432\u0438\u0441\u044f\u0449\u0438\u0439 \u043e\u0442 \u043e\u0431\u0449\u0435\u0439 \u0441\u0443\u043c\u043c\u044b \u0440\u0430\u0441\u0445\u043e\u0434\u043e\u0432.<\/p>\n<\/li>\n<li data-start=\"594\" data-end=\"691\">\n<p data-start=\"596\" data-end=\"691\">Restul avansului se re\u021bine ca tax\u0103 administrativ\u0103 pentru blocarea disponibilit\u0103\u021bii vehiculului.<\/p>\n<\/li>\n<\/ul>\n<hr data-start=\"693\" data-end=\"696\">\n<h4 data-start=\"698\" data-end=\"766\">Anulare \u00eentre <strong data-start=\"719\" data-end=\"733\">29 \u0219i 1 zi<\/strong> \u00eenainte de \u00eenceperea rezerv\u0103rii:<\/h4>\n<ul data-start=\"767\" data-end=\"870\">\n<li data-start=\"767\" data-end=\"804\">\n<p data-start=\"769\" data-end=\"804\"><strong data-start=\"769\" data-end=\"804\">Avansul pl\u0103tit nu se restituie.<\/strong><\/p>\n<\/li>\n<li data-start=\"805\" data-end=\"870\">\n<p data-start=\"807\" data-end=\"870\">Se consider\u0103 pierdere integral\u0103 a rezerv\u0103rii, f\u0103r\u0103 compensa\u021bii.<\/p>\n<\/li>\n<\/ul>\n<hr data-start=\"872\" data-end=\"875\">\n<h4 data-start=\"877\" data-end=\"947\">Anulare cu <strong data-start=\"894\" data-end=\"917\">mai pu\u021bin de 24 ore<\/strong> \u00eenainte sau <strong data-start=\"930\" data-end=\"946\">neprezentare<\/strong>:<\/h4>\n<ul data-start=\"948\" data-end=\"1145\">\n<li data-start=\"948\" data-end=\"1028\">\n<p data-start=\"950\" data-end=\"1028\">Dac\u0103 rezervarea a fost <strong data-start=\"973\" data-end=\"994\">achitat\u0103 integral<\/strong>, suma este <strong data-start=\"1006\" data-end=\"1027\">pierdut\u0103 integral<\/strong>.<\/p>\n<\/li>\n<li data-start=\"1029\" data-end=\"1145\">\n<p data-start=\"1031\" data-end=\"1145\">Nu se ofer\u0103 ramburs\u0103ri, indiferent de motiv (excep\u021bii doar \u00een cazuri medicale\/documentate \u0219i aprobate de Volocar).<\/p>\n<\/li>\n<\/ul>\n<hr data-start=\"1147\" data-end=\"1150\">\n<h4 data-start=\"1152\" data-end=\"1164\">\u041d\u0435\u0103:<\/h4>\n<ul data-start=\"1165\" data-end=\"1441\">\n<li data-start=\"1165\" data-end=\"1349\">\n<p data-start=\"1167\" data-end=\"1349\">\u0412 \u0441\u043b\u0443\u0447\u0430\u0435, \u043a\u043e\u0433\u0434\u0430 \u043a\u043b\u0438\u0435\u043d\u0442\u0443 \u043d\u0435\u043e\u0431\u0445\u043e\u0434\u0438\u043c\u043e \u043f\u043e\u043b\u0443\u0447\u0438\u0442\u044c \u043e\u0434\u043d\u043e\u0433\u043e \u0434\u043e\u043a\u0443\u043c\u0435\u043d\u0442\u0430\u0442\u043e\u0440\u0430 \u0438\u043b\u0438 \u0434\u0440\u0443\u0433\u043e\u0433\u043e \u0447\u0435\u043b\u043e\u0432\u0435\u043a\u0430, \u043a\u043e\u0442\u043e\u0440\u043e\u043c\u0443 \u0442\u0440\u0435\u0431\u0443\u0435\u0442\u0441\u044f \u0440\u0435\u043c\u043e\u043d\u0442 \u0432 \u043e\u043f\u0440\u0435\u0434\u0435\u043b\u0435\u043d\u043d\u044b\u0445 \u0443\u0441\u043b\u043e\u0432\u0438\u044f\u0445, \u043a\u043e\u043c\u043f\u0430\u043d\u0438\u044f Volocar \u043c\u043e\u0436\u0435\u0442 \u043f\u0440\u0438\u043d\u044f\u0442\u044c \u043f\u0435\u0440\u0435\u0434\u0430\u0447\u0443 \u0430\u0432\u0442\u043e\u043c\u043e\u0431\u0438\u043b\u044f, \u0435\u0441\u043b\u0438 \u0432\u044b \u0445\u043e\u0442\u0438\u0442\u0435 \u0440\u0430\u0441\u0441\u0442\u0430\u0442\u044c\u0441\u044f \u0441 \u043d\u0438\u043c.<\/p>\n<\/li>\n<li data-start=\"1165\" data-end=\"1349\">\u0412 \u0441\u043b\u0443\u0447\u0430\u0435, \u0435\u0441\u043b\u0438 \u0412\u044b \u043e\u043f\u043b\u0430\u0447\u0438\u0432\u0430\u0435\u0442\u0435 \u043a\u0430\u0441\u0441\u0443 \u0438\u043b\u0438 \u043f\u0440\u0435\u0434\u043e\u043f\u043b\u0430\u0442\u0443, \u0443 \u0412\u0430\u0441 \u0435\u0441\u0442\u044c \u0432\u043e\u0437\u043c\u043e\u0436\u043d\u043e\u0441\u0442\u044c \u0432\u043e\u0437\u0432\u0440\u0430\u0442\u0430 \u0438\u043b\u0438 \u043f\u0440\u0435\u0434\u043e\u043f\u043b\u0430\u0442\u044b.<\/li>\n<li data-start=\"1350\" data-end=\"1441\">\n<p data-start=\"1352\" data-end=\"1441\">Politica \u043f\u0440\u0438\u043c\u0435\u043d\u044f\u0435\u0442 \u0440\u0430\u0437\u043d\u044b\u0435 \u0441\u043f\u043e\u0441\u043e\u0431\u044b \u0440\u0435\u0430\u0433\u0438\u0440\u043e\u0432\u0430\u043d\u0438\u044f (\u0441\u0430\u0439\u0442, WhatsApp, \u044d\u043b\u0435\u043a\u0442\u0440\u043e\u043d\u043d\u0430\u044f \u043f\u043e\u0447\u0442\u0430 \u0438 \u0442\u0435\u043b\u0435\u0444\u043e\u043d).<\/p>\n<\/li>\n<\/ul>\n\t\t\t\t\t\t\t\t<\/div>\n\t\t\t\t<\/div>\n\t\t\t\t\t<\/div>\n\t\t<\/div>\n\t\t\t\t\t<\/div>\n\t\t<\/section>\n\t\t\t\t<\/div>\n\t\t","protected":false},"excerpt":{"rendered":"<p>\u041f\u043e\u043b\u0438\u0442\u0438\u043a\u0430 \u0440\u0435\u0442\u0443\u0440 \u0438 \u0430\u043d\u0443\u043b\u044f\u0440\u043e\u0432 &#8212; Volocar La Volocar, \u00een\u021belegem c\u0103 pot ap\u0103rea schimb\u0103ri neprev\u0103zute. \u0414\u043b\u044f \u0442\u043e\u0433\u043e \u0447\u0442\u043e\u0431\u044b \u0441\u0434\u0435\u043b\u0430\u0442\u044c \u043e\u0442\u043d\u043e\u0448\u0435\u043d\u0438\u044f \u043c\u0435\u0436\u0434\u0443 \u043a\u043b\u0438\u0435\u043d\u0442\u0430\u043c\u0438 \u0438 \u043f\u0430\u0440\u0442\u043d\u0435\u0440\u0430\u043c\u0438 \u043f\u0440\u043e\u0437\u0440\u0430\u0447\u043d\u044b\u043c\u0438, \u043f\u0440\u0438\u043c\u0435\u043d\u0438\u0442\u0435 urm\u0103toarea politic\u0103 de anulare: Anulare cu minimum 30 de zile \u00eenainte de \u00eenceperea rezerv\u0103rii: \u041a\u043b\u0438\u0435\u043d\u0442\u0443 \u043f\u043e\u043b\u0430\u0433\u0430\u0435\u0442\u0441\u044f \u043e\u0441\u0442\u0430\u0442\u043e\u043a \u0432 \u0440\u0430\u0437\u043c\u0435\u0440\u0435 10% \u043e\u0442 \u0441\u0443\u043c\u043c\u044b \u043f\u043e\u043a\u0443\u043f\u043a\u0438, \u043d\u0435 \u0437\u0430\u0432\u0438\u0441\u044f\u0449\u0438\u0439 \u043e\u0442 \u043e\u0431\u0449\u0435\u0439 \u0441\u0443\u043c\u043c\u044b \u0440\u0430\u0441\u0445\u043e\u0434\u043e\u0432. Restul&#8230;<\/p>\n","protected":false},"author":1,"featured_media":0,"parent":0,"menu_order":0,"comment_status":"closed","ping_status":"closed","template":"","meta":{"footnotes":""},"class_list":["post-55896","page","type-page","status-publish","hentry"],"yoast_head":"<!-- This site is optimized with the Yoast SEO plugin v27.5 - https:\/\/yoast.com\/product\/yoast-seo-wordpress\/ -->\n<title>\u041f\u043e\u043b\u0438\u0442\u0438\u043a\u0430 \u0432\u043e\u0437\u0432\u0440\u0430\u0442\u0430 \u0438 \u0432\u043e\u0437\u043c\u0435\u0449\u0435\u043d\u0438\u044f - Volocar<\/title>\n<meta name=\"robots\" content=\"index, follow, max-snippet:-1, max-image-preview:large, max-video-preview:-1\" \/>\n<link rel=\"canonical\" href=\"https:\/\/volocar.eu\/ru\/\u043f\u043e\u043b\u0438\u0442\u0438\u043a\u0430-\u0432\u043e\u0437\u0432\u0440\u0430\u0442\u0430-\u0438-\u0432\u043e\u0437\u043c\u0435\u0449\u0435\u043d\u0438\u044f\/\" \/>\n<meta property=\"og:locale\" content=\"ru_RU\" \/>\n<meta property=\"og:type\" content=\"article\" \/>\n<meta property=\"og:title\" content=\"\u041f\u043e\u043b\u0438\u0442\u0438\u043a\u0430 \u0432\u043e\u0437\u0432\u0440\u0430\u0442\u0430 \u0438 \u0432\u043e\u0437\u043c\u0435\u0449\u0435\u043d\u0438\u044f - Volocar\" \/>\n<meta property=\"og:description\" content=\"\u041f\u043e\u043b\u0438\u0442\u0438\u043a\u0430 \u0440\u0435\u0442\u0443\u0440 \u0438 \u0430\u043d\u0443\u043b\u044f\u0440\u043e\u0432 &#8212; Volocar La Volocar, \u00een\u021belegem c\u0103 pot ap\u0103rea schimb\u0103ri neprev\u0103zute. \u0414\u043b\u044f \u0442\u043e\u0433\u043e \u0447\u0442\u043e\u0431\u044b \u0441\u0434\u0435\u043b\u0430\u0442\u044c \u043e\u0442\u043d\u043e\u0448\u0435\u043d\u0438\u044f \u043c\u0435\u0436\u0434\u0443 \u043a\u043b\u0438\u0435\u043d\u0442\u0430\u043c\u0438 \u0438 \u043f\u0430\u0440\u0442\u043d\u0435\u0440\u0430\u043c\u0438 \u043f\u0440\u043e\u0437\u0440\u0430\u0447\u043d\u044b\u043c\u0438, \u043f\u0440\u0438\u043c\u0435\u043d\u0438\u0442\u0435 urm\u0103toarea politic\u0103 de anulare: Anulare cu minimum 30 de zile \u00eenainte de \u00eenceperea rezerv\u0103rii: \u041a\u043b\u0438\u0435\u043d\u0442\u0443 \u043f\u043e\u043b\u0430\u0433\u0430\u0435\u0442\u0441\u044f \u043e\u0441\u0442\u0430\u0442\u043e\u043a \u0432 \u0440\u0430\u0437\u043c\u0435\u0440\u0435 10% \u043e\u0442 \u0441\u0443\u043c\u043c\u044b \u043f\u043e\u043a\u0443\u043f\u043a\u0438, \u043d\u0435 \u0437\u0430\u0432\u0438\u0441\u044f\u0449\u0438\u0439 \u043e\u0442 \u043e\u0431\u0449\u0435\u0439 \u0441\u0443\u043c\u043c\u044b \u0440\u0430\u0441\u0445\u043e\u0434\u043e\u0432. Restul...\" \/>\n<meta property=\"og:url\" content=\"https:\/\/volocar.eu\/ru\/\u043f\u043e\u043b\u0438\u0442\u0438\u043a\u0430-\u0432\u043e\u0437\u0432\u0440\u0430\u0442\u0430-\u0438-\u0432\u043e\u0437\u043c\u0435\u0449\u0435\u043d\u0438\u044f\/\" \/>\n<meta property=\"og:site_name\" content=\"Volocar\" \/>\n<meta property=\"article:modified_time\" content=\"2025-09-23T14:36:36+00:00\" \/>\n<meta name=\"twitter:card\" content=\"summary_large_image\" \/>\n<meta name=\"twitter:label1\" content=\"\u041f\u0440\u0438\u043c\u0435\u0440\u043d\u043e\u0435 \u0432\u0440\u0435\u043c\u044f \u0434\u043b\u044f \u0447\u0442\u0435\u043d\u0438\u044f\" \/>\n\t<meta name=\"twitter:data1\" content=\"1 \u043c\u0438\u043d\u0443\u0442\u0430\" \/>\n<script type=\"application\/ld+json\" class=\"yoast-schema-graph\">{\"@context\":\"https:\\\/\\\/schema.org\",\"@graph\":[{\"@type\":\"WebPage\",\"@id\":\"https:\\\/\\\/volocar.eu\\\/ru\\\/%d0%bf%d0%be%d0%bb%d0%b8%d1%82%d0%b8%d0%ba%d0%b0-%d0%b2%d0%be%d0%b7%d0%b2%d1%80%d0%b0%d1%82%d0%b0-%d0%b8-%d0%b2%d0%be%d0%b7%d0%bc%d0%b5%d1%89%d0%b5%d0%bd%d0%b8%d1%8f\\\/\",\"url\":\"https:\\\/\\\/volocar.eu\\\/ru\\\/%d0%bf%d0%be%d0%bb%d0%b8%d1%82%d0%b8%d0%ba%d0%b0-%d0%b2%d0%be%d0%b7%d0%b2%d1%80%d0%b0%d1%82%d0%b0-%d0%b8-%d0%b2%d0%be%d0%b7%d0%bc%d0%b5%d1%89%d0%b5%d0%bd%d0%b8%d1%8f\\\/\",\"name\":\"\u041f\u043e\u043b\u0438\u0442\u0438\u043a\u0430 \u0432\u043e\u0437\u0432\u0440\u0430\u0442\u0430 \u0438 \u0432\u043e\u0437\u043c\u0435\u0449\u0435\u043d\u0438\u044f - Volocar\",\"isPartOf\":{\"@id\":\"https:\\\/\\\/volocar.eu\\\/#website\"},\"datePublished\":\"2025-06-12T08:30:30+00:00\",\"dateModified\":\"2025-09-23T14:36:36+00:00\",\"breadcrumb\":{\"@id\":\"https:\\\/\\\/volocar.eu\\\/ru\\\/%d0%bf%d0%be%d0%bb%d0%b8%d1%82%d0%b8%d0%ba%d0%b0-%d0%b2%d0%be%d0%b7%d0%b2%d1%80%d0%b0%d1%82%d0%b0-%d0%b8-%d0%b2%d0%be%d0%b7%d0%bc%d0%b5%d1%89%d0%b5%d0%bd%d0%b8%d1%8f\\\/#breadcrumb\"},\"inLanguage\":\"ru-RU\",\"potentialAction\":[{\"@type\":\"ReadAction\",\"target\":[\"https:\\\/\\\/volocar.eu\\\/ru\\\/%d0%bf%d0%be%d0%bb%d0%b8%d1%82%d0%b8%d0%ba%d0%b0-%d0%b2%d0%be%d0%b7%d0%b2%d1%80%d0%b0%d1%82%d0%b0-%d0%b8-%d0%b2%d0%be%d0%b7%d0%bc%d0%b5%d1%89%d0%b5%d0%bd%d0%b8%d1%8f\\\/\"]}]},{\"@type\":\"BreadcrumbList\",\"@id\":\"https:\\\/\\\/volocar.eu\\\/ru\\\/%d0%bf%d0%be%d0%bb%d0%b8%d1%82%d0%b8%d0%ba%d0%b0-%d0%b2%d0%be%d0%b7%d0%b2%d1%80%d0%b0%d1%82%d0%b0-%d0%b8-%d0%b2%d0%be%d0%b7%d0%bc%d0%b5%d1%89%d0%b5%d0%bd%d0%b8%d1%8f\\\/#breadcrumb\",\"itemListElement\":[{\"@type\":\"ListItem\",\"position\":1,\"name\":\"Prima pagin\u0103\",\"item\":\"https:\\\/\\\/volocar.eu\\\/ru\\\/\"},{\"@type\":\"ListItem\",\"position\":2,\"name\":\"\u041f\u043e\u043b\u0438\u0442\u0438\u043a\u0430 \u0432\u043e\u0437\u0432\u0440\u0430\u0442\u0430 \u0438 \u0432\u043e\u0437\u043c\u0435\u0449\u0435\u043d\u0438\u044f\"}]},{\"@type\":\"WebSite\",\"@id\":\"https:\\\/\\\/volocar.eu\\\/#website\",\"url\":\"https:\\\/\\\/volocar.eu\\\/\",\"name\":\"VOLOCAR\",\"description\":\"\",\"potentialAction\":[{\"@type\":\"SearchAction\",\"target\":{\"@type\":\"EntryPoint\",\"urlTemplate\":\"https:\\\/\\\/volocar.eu\\\/?s={search_term_string}\"},\"query-input\":{\"@type\":\"PropertyValueSpecification\",\"valueRequired\":true,\"valueName\":\"search_term_string\"}}],\"inLanguage\":\"ru-RU\"}]}<\/script>\n<!-- \/ Yoast SEO plugin. -->","yoast_head_json":{"title":"\u041f\u043e\u043b\u0438\u0442\u0438\u043a\u0430 \u0432\u043e\u0437\u0432\u0440\u0430\u0442\u0430 \u0438 \u0432\u043e\u0437\u043c\u0435\u0449\u0435\u043d\u0438\u044f - Volocar","robots":{"index":"index","follow":"follow","max-snippet":"max-snippet:-1","max-image-preview":"max-image-preview:large","max-video-preview":"max-video-preview:-1"},"canonical":"https:\/\/volocar.eu\/ru\/\u043f\u043e\u043b\u0438\u0442\u0438\u043a\u0430-\u0432\u043e\u0437\u0432\u0440\u0430\u0442\u0430-\u0438-\u0432\u043e\u0437\u043c\u0435\u0449\u0435\u043d\u0438\u044f\/","og_locale":"ru_RU","og_type":"article","og_title":"\u041f\u043e\u043b\u0438\u0442\u0438\u043a\u0430 \u0432\u043e\u0437\u0432\u0440\u0430\u0442\u0430 \u0438 \u0432\u043e\u0437\u043c\u0435\u0449\u0435\u043d\u0438\u044f - Volocar","og_description":"\u041f\u043e\u043b\u0438\u0442\u0438\u043a\u0430 \u0440\u0435\u0442\u0443\u0440 \u0438 \u0430\u043d\u0443\u043b\u044f\u0440\u043e\u0432 &#8212; Volocar La Volocar, \u00een\u021belegem c\u0103 pot ap\u0103rea schimb\u0103ri neprev\u0103zute. \u0414\u043b\u044f \u0442\u043e\u0433\u043e \u0447\u0442\u043e\u0431\u044b \u0441\u0434\u0435\u043b\u0430\u0442\u044c \u043e\u0442\u043d\u043e\u0448\u0435\u043d\u0438\u044f \u043c\u0435\u0436\u0434\u0443 \u043a\u043b\u0438\u0435\u043d\u0442\u0430\u043c\u0438 \u0438 \u043f\u0430\u0440\u0442\u043d\u0435\u0440\u0430\u043c\u0438 \u043f\u0440\u043e\u0437\u0440\u0430\u0447\u043d\u044b\u043c\u0438, \u043f\u0440\u0438\u043c\u0435\u043d\u0438\u0442\u0435 urm\u0103toarea politic\u0103 de anulare: Anulare cu minimum 30 de zile \u00eenainte de \u00eenceperea rezerv\u0103rii: \u041a\u043b\u0438\u0435\u043d\u0442\u0443 \u043f\u043e\u043b\u0430\u0433\u0430\u0435\u0442\u0441\u044f \u043e\u0441\u0442\u0430\u0442\u043e\u043a \u0432 \u0440\u0430\u0437\u043c\u0435\u0440\u0435 10% \u043e\u0442 \u0441\u0443\u043c\u043c\u044b \u043f\u043e\u043a\u0443\u043f\u043a\u0438, \u043d\u0435 \u0437\u0430\u0432\u0438\u0441\u044f\u0449\u0438\u0439 \u043e\u0442 \u043e\u0431\u0449\u0435\u0439 \u0441\u0443\u043c\u043c\u044b \u0440\u0430\u0441\u0445\u043e\u0434\u043e\u0432. Restul...","og_url":"https:\/\/volocar.eu\/ru\/\u043f\u043e\u043b\u0438\u0442\u0438\u043a\u0430-\u0432\u043e\u0437\u0432\u0440\u0430\u0442\u0430-\u0438-\u0432\u043e\u0437\u043c\u0435\u0449\u0435\u043d\u0438\u044f\/","og_site_name":"Volocar","article_modified_time":"2025-09-23T14:36:36+00:00","twitter_card":"summary_large_image","twitter_misc":{"\u041f\u0440\u0438\u043c\u0435\u0440\u043d\u043e\u0435 \u0432\u0440\u0435\u043c\u044f \u0434\u043b\u044f \u0447\u0442\u0435\u043d\u0438\u044f":"1 \u043c\u0438\u043d\u0443\u0442\u0430"},"schema":{"@context":"https:\/\/schema.org","@graph":[{"@type":"WebPage","@id":"https:\/\/volocar.eu\/ru\/%d0%bf%d0%be%d0%bb%d0%b8%d1%82%d0%b8%d0%ba%d0%b0-%d0%b2%d0%be%d0%b7%d0%b2%d1%80%d0%b0%d1%82%d0%b0-%d0%b8-%d0%b2%d0%be%d0%b7%d0%bc%d0%b5%d1%89%d0%b5%d0%bd%d0%b8%d1%8f\/","url":"https:\/\/volocar.eu\/ru\/%d0%bf%d0%be%d0%bb%d0%b8%d1%82%d0%b8%d0%ba%d0%b0-%d0%b2%d0%be%d0%b7%d0%b2%d1%80%d0%b0%d1%82%d0%b0-%d0%b8-%d0%b2%d0%be%d0%b7%d0%bc%d0%b5%d1%89%d0%b5%d0%bd%d0%b8%d1%8f\/","name":"\u041f\u043e\u043b\u0438\u0442\u0438\u043a\u0430 \u0432\u043e\u0437\u0432\u0440\u0430\u0442\u0430 \u0438 \u0432\u043e\u0437\u043c\u0435\u0449\u0435\u043d\u0438\u044f - Volocar","isPartOf":{"@id":"https:\/\/volocar.eu\/#website"},"datePublished":"2025-06-12T08:30:30+00:00","dateModified":"2025-09-23T14:36:36+00:00","breadcrumb":{"@id":"https:\/\/volocar.eu\/ru\/%d0%bf%d0%be%d0%bb%d0%b8%d1%82%d0%b8%d0%ba%d0%b0-%d0%b2%d0%be%d0%b7%d0%b2%d1%80%d0%b0%d1%82%d0%b0-%d0%b8-%d0%b2%d0%be%d0%b7%d0%bc%d0%b5%d1%89%d0%b5%d0%bd%d0%b8%d1%8f\/#breadcrumb"},"inLanguage":"ru-RU","potentialAction":[{"@type":"ReadAction","target":["https:\/\/volocar.eu\/ru\/%d0%bf%d0%be%d0%bb%d0%b8%d1%82%d0%b8%d0%ba%d0%b0-%d0%b2%d0%be%d0%b7%d0%b2%d1%80%d0%b0%d1%82%d0%b0-%d0%b8-%d0%b2%d0%be%d0%b7%d0%bc%d0%b5%d1%89%d0%b5%d0%bd%d0%b8%d1%8f\/"]}]},{"@type":"BreadcrumbList","@id":"https:\/\/volocar.eu\/ru\/%d0%bf%d0%be%d0%bb%d0%b8%d1%82%d0%b8%d0%ba%d0%b0-%d0%b2%d0%be%d0%b7%d0%b2%d1%80%d0%b0%d1%82%d0%b0-%d0%b8-%d0%b2%d0%be%d0%b7%d0%bc%d0%b5%d1%89%d0%b5%d0%bd%d0%b8%d1%8f\/#breadcrumb","itemListElement":[{"@type":"ListItem","position":1,"name":"Prima pagin\u0103","item":"https:\/\/volocar.eu\/ru\/"},{"@type":"ListItem","position":2,"name":"\u041f\u043e\u043b\u0438\u0442\u0438\u043a\u0430 \u0432\u043e\u0437\u0432\u0440\u0430\u0442\u0430 \u0438 \u0432\u043e\u0437\u043c\u0435\u0449\u0435\u043d\u0438\u044f"}]},{"@type":"WebSite","@id":"https:\/\/volocar.eu\/#website","url":"https:\/\/volocar.eu\/","name":"VOLOCAR","description":"","potentialAction":[{"@type":"SearchAction","target":{"@type":"EntryPoint","urlTemplate":"https:\/\/volocar.eu\/?s={search_term_string}"},"query-input":{"@type":"PropertyValueSpecification","valueRequired":true,"valueName":"search_term_string"}}],"inLanguage":"ru-RU"}]}},"_links":{"self":[{"href":"https:\/\/volocar.eu\/ru\/wp-json\/wp\/v2\/pages\/55896","targetHints":{"allow":["GET"]}}],"collection":[{"href":"https:\/\/volocar.eu\/ru\/wp-json\/wp\/v2\/pages"}],"about":[{"href":"https:\/\/volocar.eu\/ru\/wp-json\/wp\/v2\/types\/page"}],"author":[{"embeddable":true,"href":"https:\/\/volocar.eu\/ru\/wp-json\/wp\/v2\/users\/1"}],"replies":[{"embeddable":true,"href":"https:\/\/volocar.eu\/ru\/wp-json\/wp\/v2\/comments?post=55896"}],"version-history":[{"count":1,"href":"https:\/\/volocar.eu\/ru\/wp-json\/wp\/v2\/pages\/55896\/revisions"}],"predecessor-version":[{"id":55897,"href":"https:\/\/volocar.eu\/ru\/wp-json\/wp\/v2\/pages\/55896\/revisions\/55897"}],"wp:attachment":[{"href":"https:\/\/volocar.eu\/ru\/wp-json\/wp\/v2\/media?parent=55896"}],"curies":[{"name":"wp","href":"https:\/\/api.w.org\/{rel}","templated":true}]}}